{"id":884745,"date":"2026-01-21T09:09:00","date_gmt":"2026-01-21T08:09:00","guid":{"rendered":"https:\/\/www.slt.vr.it\/?page_id=884745"},"modified":"2026-01-21T09:09:53","modified_gmt":"2026-01-21T08:09:53","slug":"enrico-rigatti","status":"publish","type":"page","link":"https:\/\/www.slt.vr.it\/de\/fachleute\/enrico-rigatti\/","title":{"rendered":"Enrico Rigatti"},"content":{"rendered":"<div  class='flex_column av-66enmarm-d389af27c24895568b4ca095067eb3ff av_one_half  avia-builder-el-0  el_before_av_one_half  avia-builder-el-first  first flex_column_div  '     ><section  class='avia-team-member av-mknqsqfe-6e78a8f3528cdb05d3112b3d82dc8b38  avia-builder-el-1  avia-builder-el-no-sibling '  itemscope=\"itemscope\" itemtype=\"https:\/\/schema.org\/Person\" ><div class=\"team-img-container\"><img decoding=\"async\" fetchpriority=\"high\" class='wp-image-884739 avia-img-lazy-loading-not-884739 avia_image avia_image_team' src=\"https:\/\/www.slt.vr.it\/wp-content\/uploads\/2026\/01\/enrico-rigatti.jpg\" alt='Enrico Rigatti'  itemprop=\"image\"   height=\"1500\" width=\"1000\" srcset=\"https:\/\/www.slt.vr.it\/wp-content\/uploads\/2026\/01\/enrico-rigatti.jpg 1000w, https:\/\/www.slt.vr.it\/wp-content\/uploads\/2026\/01\/enrico-rigatti-200x300.jpg 200w, https:\/\/www.slt.vr.it\/wp-content\/uploads\/2026\/01\/enrico-rigatti-687x1030.jpg 687w, https:\/\/www.slt.vr.it\/wp-content\/uploads\/2026\/01\/enrico-rigatti-768x1152.jpg 768w, https:\/\/www.slt.vr.it\/wp-content\/uploads\/2026\/01\/enrico-rigatti-470x705.jpg 470w\" sizes=\"(max-width: 1000px) 100vw, 1000px\" \/><div class=\"team-social\"><div class=\"team-social-inner\"><span class='hidden av_member_url_markup '  itemprop=\"url\" >https:\/\/www.slt.vr.it\/de\/fachleute\/enrico-rigatti\/<\/span><a href='https:\/\/www.slt.vr.it\/de\/fachleute\/enrico-rigatti\/' class='avia-team-icon av-mknqsov2-829c92e7a4f972e86a5e3312ba5d777e' rel='v:url' data-avia-tooltip=\"Profilo\"  aria-hidden='true' data-av_icon='\ue8ff' data-av_iconfont='entypo-fontello'><\/a><\/div><\/div><\/div><h3 class='team-member-name '  itemprop=\"name\" >Enrico Rigatti<\/h3><div class='team-member-job-title '  itemprop=\"jobTitle\" >Wirtschaftspr\u00fcfer<\/div><span class='hidden team-member-affiliation'  itemprop=\"affiliation\" >SLT Strategy Legal Tax<\/span><\/section><\/div><div  class='flex_column av-5joigigy-53720a8da8cd3bc5e4e995a412567cda av_one_half  avia-builder-el-2  el_after_av_one_half  avia-builder-el-last  flex_column_div  '     ><p>\n<style type=\"text\/css\" data-created_by=\"avia_inline_auto\" id=\"style-css-av-l1jr3pny-973975a1466d1e4dc4dc9972d73d5a87\">\n#top .av-special-heading.av-l1jr3pny-973975a1466d1e4dc4dc9972d73d5a87{\npadding-bottom:10px;\n}\nbody .av-special-heading.av-l1jr3pny-973975a1466d1e4dc4dc9972d73d5a87 .av-special-heading-tag .heading-char{\nfont-size:25px;\n}\n.av-special-heading.av-l1jr3pny-973975a1466d1e4dc4dc9972d73d5a87 .av-subheading{\nfont-size:10px;\n}\n<\/style>\n<div  class='av-special-heading av-l1jr3pny-973975a1466d1e4dc4dc9972d73d5a87 av-special-heading-h3 meta-heading blockquote modern-quote  avia-builder-el-3  el_before_av_textblock  avia-builder-el-first  av-linked-heading'><h3 class='av-special-heading-tag'  itemprop=\"headline\"  >Enrico Rigatti<\/h3><div class='av-subheading av-subheading_below'><p>Wirtschaftspr\u00fcfer<\/p>\n<\/div><div class=\"special-heading-border\"><div class=\"special-heading-inner-border\"><\/div><\/div><\/div><br \/>\n<section  class='av_textblock_section av-5clglj42-e5b1101eeb4993ac63297e85e188a51a '   itemscope=\"itemscope\" itemtype=\"https:\/\/schema.org\/CreativeWork\" ><div class='avia_textblock'  itemprop=\"text\" ><p style=\"font-weight: 400;\">Als Wirtschaftspr\u00fcfer und Rechnungspr\u00fcfer hat er in den Jahren nach seinem Studium Erfahrungen in den Bereichen Bilanzierung und Rechnungslegungsgrunds\u00e4tze, Steuerwesen und Steuerpflichten gesammelt und sich dabei auf Gro\u00dfkunden und internationale Steuerfragen konzentriert.<\/p>\n<p style=\"font-weight: 400;\">Heute befasst er sich haupts\u00e4chlich mit der Unterst\u00fctzung bei der Erstellung von Jahresabschl\u00fcssen und Steuererkl\u00e4rungen sowie mit der laufenden Beratung in Steuer- und Gesellschaftsfragen.<\/p>\n<h4><\/h4>\n<\/div><\/section><br \/>\n\n<style type=\"text\/css\" data-created_by=\"avia_inline_auto\" id=\"style-css-av-krau2e6v-bafa86dac1ede4e8a08a4336fd6e89f0\">\n#top .av-special-heading.av-krau2e6v-bafa86dac1ede4e8a08a4336fd6e89f0{\npadding-bottom:15px;\n}\nbody .av-special-heading.av-krau2e6v-bafa86dac1ede4e8a08a4336fd6e89f0 .av-special-heading-tag .heading-char{\nfont-size:25px;\n}\n.av-special-heading.av-krau2e6v-bafa86dac1ede4e8a08a4336fd6e89f0 .av-subheading{\nfont-size:15px;\n}\n<\/style>\n<div  class='av-special-heading av-krau2e6v-bafa86dac1ede4e8a08a4336fd6e89f0 av-special-heading-h3 meta-heading  avia-builder-el-5  el_after_av_textblock  el_before_av_button '><h3 class='av-special-heading-tag'  itemprop=\"headline\"  >Hauptsitz<\/h3><div class=\"special-heading-border\"><div class=\"special-heading-inner-border\"><\/div><\/div><\/div><br \/>\n<div  class='avia-button-wrap av-krau2sue-52d4f0bc164f5228b864c2cdfebe693e-wrap avia-button-left  avia-builder-el-6  el_after_av_heading  avia-builder-el-last '><a href=''  class='avia-button av-krau2sue-52d4f0bc164f5228b864c2cdfebe693e avia-icon_select-yes-left-icon avia-size-small avia-position-left avia-color-theme-color'  ><span class='avia_button_icon avia_button_icon_left' aria-hidden='true' data-av_icon='\ue8bb' data-av_iconfont='entypo-fontello'><\/span><span class='avia_iconbox_title' >Verona<\/span><\/a><\/div><\/p><\/div><\/p>\n","protected":false},"excerpt":{"rendered":"","protected":false},"author":54,"featured_media":0,"parent":862131,"menu_order":0,"comment_status":"open","ping_status":"closed","template":"","meta":{"footnotes":"","iawp_total_views":0},"yoast_head":"<!-- This site is optimized with the Yoast SEO plugin v22.3 - https:\/\/yoast.com\/wordpress\/plugins\/seo\/ -->\n<title>Enrico Rigatti - SLT Strategy Legal Tax<\/title>\n<meta name=\"robots\" content=\"index, follow, max-snippet:-1, max-image-preview:large, max-video-preview:-1\" \/>\n<link rel=\"canonical\" href=\"https:\/\/www.slt.vr.it\/de\/fachleute\/enrico-rigatti\/\" \/>\n<meta property=\"og:locale\" content=\"de_DE\" \/>\n<meta property=\"og:type\" content=\"article\" \/>\n<meta property=\"og:title\" content=\"Enrico Rigatti - SLT Strategy Legal Tax\" \/>\n<meta property=\"og:url\" content=\"https:\/\/www.slt.vr.it\/de\/fachleute\/enrico-rigatti\/\" \/>\n<meta property=\"og:site_name\" content=\"SLT Strategy Legal Tax\" \/>\n<meta property=\"article:modified_time\" content=\"2026-01-21T08:09:53+00:00\" \/>\n<meta name=\"twitter:card\" content=\"summary_large_image\" \/>\n<meta name=\"twitter:label1\" content=\"Gesch\u00e4tzte Lesezeit\" \/>\n\t<meta name=\"twitter:data1\" content=\"1\u00a0Minute\" \/>\n<script type=\"application\/ld+json\" class=\"yoast-schema-graph\">{\"@context\":\"https:\/\/schema.org\",\"@graph\":[{\"@type\":\"WebPage\",\"@id\":\"https:\/\/www.slt.vr.it\/de\/fachleute\/enrico-rigatti\/\",\"url\":\"https:\/\/www.slt.vr.it\/de\/fachleute\/enrico-rigatti\/\",\"name\":\"Enrico Rigatti - SLT Strategy Legal Tax\",\"isPartOf\":{\"@id\":\"https:\/\/www.slt.vr.it\/de\/#website\"},\"datePublished\":\"2026-01-21T08:09:00+00:00\",\"dateModified\":\"2026-01-21T08:09:53+00:00\",\"breadcrumb\":{\"@id\":\"https:\/\/www.slt.vr.it\/de\/fachleute\/enrico-rigatti\/#breadcrumb\"},\"inLanguage\":\"de\",\"potentialAction\":[{\"@type\":\"ReadAction\",\"target\":[\"https:\/\/www.slt.vr.it\/de\/fachleute\/enrico-rigatti\/\"]}]},{\"@type\":\"BreadcrumbList\",\"@id\":\"https:\/\/www.slt.vr.it\/de\/fachleute\/enrico-rigatti\/#breadcrumb\",\"itemListElement\":[{\"@type\":\"ListItem\",\"position\":1,\"name\":\"Home\",\"item\":\"https:\/\/www.slt.vr.it\/de\/\"},{\"@type\":\"ListItem\",\"position\":2,\"name\":\"Fachleute\",\"item\":\"https:\/\/www.slt.vr.it\/de\/fachleute\/\"},{\"@type\":\"ListItem\",\"position\":3,\"name\":\"Enrico Rigatti\"}]},{\"@type\":\"WebSite\",\"@id\":\"https:\/\/www.slt.vr.it\/de\/#website\",\"url\":\"https:\/\/www.slt.vr.it\/de\/\",\"name\":\"SLT Strategy Legal Tax\",\"description\":\"\",\"publisher\":{\"@id\":\"https:\/\/www.slt.vr.it\/de\/#organization\"},\"potentialAction\":[{\"@type\":\"SearchAction\",\"target\":{\"@type\":\"EntryPoint\",\"urlTemplate\":\"https:\/\/www.slt.vr.it\/de\/?s={search_term_string}\"},\"query-input\":\"required name=search_term_string\"}],\"inLanguage\":\"de\"},{\"@type\":\"Organization\",\"@id\":\"https:\/\/www.slt.vr.it\/de\/#organization\",\"name\":\"SLT Strategy Legal Tax\",\"url\":\"https:\/\/www.slt.vr.it\/de\/\",\"logo\":{\"@type\":\"ImageObject\",\"inLanguage\":\"de\",\"@id\":\"https:\/\/www.slt.vr.it\/de\/#\/schema\/logo\/image\/\",\"url\":\"https:\/\/www.slt.vr.it\/wp-content\/uploads\/2015\/10\/SLT-Strategy-Legal-Tax.jpg\",\"contentUrl\":\"https:\/\/www.slt.vr.it\/wp-content\/uploads\/2015\/10\/SLT-Strategy-Legal-Tax.jpg\",\"width\":372,\"height\":336,\"caption\":\"SLT Strategy Legal Tax\"},\"image\":{\"@id\":\"https:\/\/www.slt.vr.it\/de\/#\/schema\/logo\/image\/\"}}]}<\/script>\n<!-- \/ Yoast SEO plugin. -->","yoast_head_json":{"title":"Enrico Rigatti - SLT Strategy Legal Tax","robots":{"index":"index","follow":"follow","max-snippet":"max-snippet:-1","max-image-preview":"max-image-preview:large","max-video-preview":"max-video-preview:-1"},"canonical":"https:\/\/www.slt.vr.it\/de\/fachleute\/enrico-rigatti\/","og_locale":"de_DE","og_type":"article","og_title":"Enrico Rigatti - SLT Strategy Legal Tax","og_url":"https:\/\/www.slt.vr.it\/de\/fachleute\/enrico-rigatti\/","og_site_name":"SLT Strategy Legal Tax","article_modified_time":"2026-01-21T08:09:53+00:00","twitter_card":"summary_large_image","twitter_misc":{"Gesch\u00e4tzte Lesezeit":"1\u00a0Minute"},"schema":{"@context":"https:\/\/schema.org","@graph":[{"@type":"WebPage","@id":"https:\/\/www.slt.vr.it\/de\/fachleute\/enrico-rigatti\/","url":"https:\/\/www.slt.vr.it\/de\/fachleute\/enrico-rigatti\/","name":"Enrico Rigatti - SLT Strategy Legal Tax","isPartOf":{"@id":"https:\/\/www.slt.vr.it\/de\/#website"},"datePublished":"2026-01-21T08:09:00+00:00","dateModified":"2026-01-21T08:09:53+00:00","breadcrumb":{"@id":"https:\/\/www.slt.vr.it\/de\/fachleute\/enrico-rigatti\/#breadcrumb"},"inLanguage":"de","potentialAction":[{"@type":"ReadAction","target":["https:\/\/www.slt.vr.it\/de\/fachleute\/enrico-rigatti\/"]}]},{"@type":"BreadcrumbList","@id":"https:\/\/www.slt.vr.it\/de\/fachleute\/enrico-rigatti\/#breadcrumb","itemListElement":[{"@type":"ListItem","position":1,"name":"Home","item":"https:\/\/www.slt.vr.it\/de\/"},{"@type":"ListItem","position":2,"name":"Fachleute","item":"https:\/\/www.slt.vr.it\/de\/fachleute\/"},{"@type":"ListItem","position":3,"name":"Enrico Rigatti"}]},{"@type":"WebSite","@id":"https:\/\/www.slt.vr.it\/de\/#website","url":"https:\/\/www.slt.vr.it\/de\/","name":"SLT Strategy Legal Tax","description":"","publisher":{"@id":"https:\/\/www.slt.vr.it\/de\/#organization"},"potentialAction":[{"@type":"SearchAction","target":{"@type":"EntryPoint","urlTemplate":"https:\/\/www.slt.vr.it\/de\/?s={search_term_string}"},"query-input":"required name=search_term_string"}],"inLanguage":"de"},{"@type":"Organization","@id":"https:\/\/www.slt.vr.it\/de\/#organization","name":"SLT Strategy Legal Tax","url":"https:\/\/www.slt.vr.it\/de\/","logo":{"@type":"ImageObject","inLanguage":"de","@id":"https:\/\/www.slt.vr.it\/de\/#\/schema\/logo\/image\/","url":"https:\/\/www.slt.vr.it\/wp-content\/uploads\/2015\/10\/SLT-Strategy-Legal-Tax.jpg","contentUrl":"https:\/\/www.slt.vr.it\/wp-content\/uploads\/2015\/10\/SLT-Strategy-Legal-Tax.jpg","width":372,"height":336,"caption":"SLT Strategy Legal Tax"},"image":{"@id":"https:\/\/www.slt.vr.it\/de\/#\/schema\/logo\/image\/"}}]}},"_links":{"self":[{"href":"https:\/\/www.slt.vr.it\/de\/wp-json\/wp\/v2\/pages\/884745"}],"collection":[{"href":"https:\/\/www.slt.vr.it\/de\/wp-json\/wp\/v2\/pages"}],"about":[{"href":"https:\/\/www.slt.vr.it\/de\/wp-json\/wp\/v2\/types\/page"}],"author":[{"embeddable":true,"href":"https:\/\/www.slt.vr.it\/de\/wp-json\/wp\/v2\/users\/54"}],"replies":[{"embeddable":true,"href":"https:\/\/www.slt.vr.it\/de\/wp-json\/wp\/v2\/comments?post=884745"}],"version-history":[{"count":4,"href":"https:\/\/www.slt.vr.it\/de\/wp-json\/wp\/v2\/pages\/884745\/revisions"}],"predecessor-version":[{"id":884767,"href":"https:\/\/www.slt.vr.it\/de\/wp-json\/wp\/v2\/pages\/884745\/revisions\/884767"}],"up":[{"embeddable":true,"href":"https:\/\/www.slt.vr.it\/de\/wp-json\/wp\/v2\/pages\/862131"}],"wp:attachment":[{"href":"https:\/\/www.slt.vr.it\/de\/wp-json\/wp\/v2\/media?parent=884745"}],"curies":[{"name":"wp","href":"https:\/\/api.w.org\/{rel}","templated":true}]}}