{"id":884547,"date":"2025-05-16T16:14:44","date_gmt":"2025-05-16T14:14:44","guid":{"rendered":"https:\/\/www.slt.vr.it\/?page_id=884547"},"modified":"2025-05-16T16:14:44","modified_gmt":"2025-05-16T14:14:44","slug":"alice-venturi","status":"publish","type":"page","link":"https:\/\/www.slt.vr.it\/de\/fachleute\/alice-venturi\/","title":{"rendered":"Alice Venturi"},"content":{"rendered":"<div  class='flex_column av-66enmarm-d389af27c24895568b4ca095067eb3ff av_one_half  avia-builder-el-0  el_before_av_one_half  avia-builder-el-first  first flex_column_div  '     ><style type=\"text\/css\" data-created_by=\"avia_inline_auto\" id=\"style-css-av-kp112ngr-d3c517ce265a49dcba6629d857d18222\">\n.avia-image-container.av-kp112ngr-d3c517ce265a49dcba6629d857d18222 img.avia_image{\nbox-shadow:none;\n}\n.avia-image-container.av-kp112ngr-d3c517ce265a49dcba6629d857d18222 .av-image-caption-overlay-center{\ncolor:#ffffff;\n}\n<\/style>\n<div  class='avia-image-container av-kp112ngr-d3c517ce265a49dcba6629d857d18222 av-styling- avia-align-center  avia-builder-el-1  avia-builder-el-no-sibling '   itemprop=\"image\" itemscope=\"itemscope\" itemtype=\"https:\/\/schema.org\/ImageObject\" ><div class=\"avia-image-container-inner\"><div class=\"avia-image-overlay-wrap\"><img decoding=\"async\" fetchpriority=\"high\" class='wp-image-884544 avia-img-lazy-loading-not-884544 avia_image ' src=\"https:\/\/www.slt.vr.it\/wp-content\/uploads\/2025\/05\/alice-venturi-avvocato.jpg\" alt='alice venturi avvocato' title='alice-venturi-avvocato'  height=\"1500\" width=\"1000\"  itemprop=\"thumbnailUrl\" srcset=\"https:\/\/www.slt.vr.it\/wp-content\/uploads\/2025\/05\/alice-venturi-avvocato.jpg 1000w, https:\/\/www.slt.vr.it\/wp-content\/uploads\/2025\/05\/alice-venturi-avvocato-200x300.jpg 200w, https:\/\/www.slt.vr.it\/wp-content\/uploads\/2025\/05\/alice-venturi-avvocato-687x1030.jpg 687w, https:\/\/www.slt.vr.it\/wp-content\/uploads\/2025\/05\/alice-venturi-avvocato-768x1152.jpg 768w, https:\/\/www.slt.vr.it\/wp-content\/uploads\/2025\/05\/alice-venturi-avvocato-470x705.jpg 470w\" sizes=\"(max-width: 1000px) 100vw, 1000px\" \/><\/div><\/div><\/div><\/div>\n<div  class='flex_column av-5joigigy-53720a8da8cd3bc5e4e995a412567cda av_one_half  avia-builder-el-2  el_after_av_one_half  avia-builder-el-last  flex_column_div  '     ><p>\n<style type=\"text\/css\" data-created_by=\"avia_inline_auto\" id=\"style-css-av-8cfhsq8-a4ba314b1b258305e8405b535e27071b\">\n#top .av-special-heading.av-8cfhsq8-a4ba314b1b258305e8405b535e27071b{\npadding-bottom:10px;\n}\nbody .av-special-heading.av-8cfhsq8-a4ba314b1b258305e8405b535e27071b .av-special-heading-tag .heading-char{\nfont-size:25px;\n}\n.av-special-heading.av-8cfhsq8-a4ba314b1b258305e8405b535e27071b .av-subheading{\nfont-size:10px;\n}\n<\/style>\n<div  class='av-special-heading av-8cfhsq8-a4ba314b1b258305e8405b535e27071b av-special-heading-h3 meta-heading blockquote modern-quote  avia-builder-el-3  el_before_av_textblock  avia-builder-el-first  av-linked-heading'><h3 class='av-special-heading-tag'  itemprop=\"headline\"  >Alice Venturi<\/h3><div class='av-subheading av-subheading_below'><p>Juristischer Beruf<\/p>\n<\/div><div class=\"special-heading-border\"><div class=\"special-heading-inner-border\"><\/div><\/div><\/div><br \/>\n<section  class='av_textblock_section av-5clglj42-e5b1101eeb4993ac63297e85e188a51a '   itemscope=\"itemscope\" itemtype=\"https:\/\/schema.org\/CreativeWork\" ><div class='avia_textblock'  itemprop=\"text\" ><p class=\"\" data-start=\"39\" data-end=\"117\">Rechtsanw\u00e4ltin Alice Venturi ist bei der Anwaltskammer Verona eingetragen.<\/p>\n<p class=\"\" data-start=\"119\" data-end=\"246\">In den letzten Jahren hat sie Erfahrungen gesammelt und sich auf bestimmte Bereiche des Zivil- und Handelsrechts spezialisiert.<\/p>\n<p class=\"\" data-start=\"248\" data-end=\"554\">Ihre berufliche T\u00e4tigkeit \u2013 die sie im Team und in Zusammenarbeit mit erfahrenen Kollegen aus\u00fcbt \u2013 konzentriert sich haupts\u00e4chlich auf die Beratung von Unternehmen und umfasst Vertragsrecht, die Begleitung von Unternehmens- oder Sanierungsvorg\u00e4ngen sowie die au\u00dfergerichtliche Beilegung von Streitigkeiten.<\/p>\n<h4><\/h4>\n<\/div><\/section><br \/>\n\n<style type=\"text\/css\" data-created_by=\"avia_inline_auto\" id=\"style-css-av-krauue8f-10181b79307e061eebc9c69ae7765902\">\n#top .av-special-heading.av-krauue8f-10181b79307e061eebc9c69ae7765902{\npadding-bottom:15px;\n}\nbody .av-special-heading.av-krauue8f-10181b79307e061eebc9c69ae7765902 .av-special-heading-tag .heading-char{\nfont-size:25px;\n}\n.av-special-heading.av-krauue8f-10181b79307e061eebc9c69ae7765902 .av-subheading{\nfont-size:15px;\n}\n<\/style>\n<div  class='av-special-heading av-krauue8f-10181b79307e061eebc9c69ae7765902 av-special-heading-h3 meta-heading  avia-builder-el-5  el_after_av_textblock  el_before_av_button  av-linked-heading'><h3 class='av-special-heading-tag'  itemprop=\"headline\"  >Hauptsitz<\/h3><div class=\"special-heading-border\"><div class=\"special-heading-inner-border\"><\/div><\/div><\/div><br \/>\n<div  class='avia-button-wrap av-krauurje-b953ea95fef6d5af2bf99161c49e5f37-wrap avia-button-left  avia-builder-el-6  el_after_av_heading  avia-builder-el-last '><a href=''  class='avia-button av-krauurje-b953ea95fef6d5af2bf99161c49e5f37 avia-icon_select-yes-left-icon avia-size-small avia-position-left avia-color-theme-color'  ><span class='avia_button_icon avia_button_icon_left' aria-hidden='true' data-av_icon='\ue8bb' data-av_iconfont='entypo-fontello'><\/span><span class='avia_iconbox_title' >Verona<\/span><\/a><\/div><\/p><\/div>\n","protected":false},"excerpt":{"rendered":"","protected":false},"author":54,"featured_media":0,"parent":862131,"menu_order":0,"comment_status":"open","ping_status":"closed","template":"","meta":{"footnotes":"","iawp_total_views":4},"yoast_head":"<!-- This site is optimized with the Yoast SEO plugin v22.3 - https:\/\/yoast.com\/wordpress\/plugins\/seo\/ -->\n<title>Alice Venturi - SLT Strategy Legal Tax<\/title>\n<meta name=\"description\" content=\"Juristischer Beruf Alice Venturi bei Strategy Legal Tax di Verona.\" \/>\n<meta name=\"robots\" content=\"index, follow, max-snippet:-1, max-image-preview:large, max-video-preview:-1\" \/>\n<link rel=\"canonical\" href=\"https:\/\/www.slt.vr.it\/de\/fachleute\/alice-venturi\/\" \/>\n<meta property=\"og:locale\" content=\"de_DE\" \/>\n<meta property=\"og:type\" content=\"article\" \/>\n<meta property=\"og:title\" content=\"Avvocato Alice Venturi - SLT Strategy Legal Tax\" \/>\n<meta property=\"og:description\" content=\"Avvocato Alice Venturi - SLT Strategy Legal Tax\" \/>\n<meta property=\"og:url\" content=\"https:\/\/www.slt.vr.it\/de\/fachleute\/alice-venturi\/\" \/>\n<meta property=\"og:site_name\" content=\"SLT Strategy Legal Tax\" \/>\n<meta property=\"og:image\" content=\"https:\/\/www.slt.vr.it\/wp-content\/uploads\/2025\/05\/alice-venturi-avvocato.jpg\" \/>\n\t<meta property=\"og:image:width\" content=\"1000\" \/>\n\t<meta property=\"og:image:height\" content=\"1500\" \/>\n\t<meta property=\"og:image:type\" content=\"image\/jpeg\" \/>\n<meta name=\"twitter:card\" content=\"summary_large_image\" \/>\n<meta name=\"twitter:label1\" content=\"Gesch\u00e4tzte Lesezeit\" \/>\n\t<meta name=\"twitter:data1\" content=\"1\u00a0Minute\" \/>\n<script type=\"application\/ld+json\" class=\"yoast-schema-graph\">{\"@context\":\"https:\/\/schema.org\",\"@graph\":[{\"@type\":\"WebPage\",\"@id\":\"https:\/\/www.slt.vr.it\/de\/fachleute\/alice-venturi\/\",\"url\":\"https:\/\/www.slt.vr.it\/de\/fachleute\/alice-venturi\/\",\"name\":\"Alice Venturi - SLT Strategy Legal Tax\",\"isPartOf\":{\"@id\":\"https:\/\/www.slt.vr.it\/de\/#website\"},\"datePublished\":\"2025-05-16T14:14:44+00:00\",\"dateModified\":\"2025-05-16T14:14:44+00:00\",\"description\":\"Juristischer Beruf Alice Venturi bei Strategy Legal Tax di Verona.\",\"breadcrumb\":{\"@id\":\"https:\/\/www.slt.vr.it\/de\/fachleute\/alice-venturi\/#breadcrumb\"},\"inLanguage\":\"de\",\"potentialAction\":[{\"@type\":\"ReadAction\",\"target\":[\"https:\/\/www.slt.vr.it\/de\/fachleute\/alice-venturi\/\"]}]},{\"@type\":\"BreadcrumbList\",\"@id\":\"https:\/\/www.slt.vr.it\/de\/fachleute\/alice-venturi\/#breadcrumb\",\"itemListElement\":[{\"@type\":\"ListItem\",\"position\":1,\"name\":\"Home\",\"item\":\"https:\/\/www.slt.vr.it\/de\/\"},{\"@type\":\"ListItem\",\"position\":2,\"name\":\"Fachleute\",\"item\":\"https:\/\/www.slt.vr.it\/de\/fachleute\/\"},{\"@type\":\"ListItem\",\"position\":3,\"name\":\"Alice Venturi\"}]},{\"@type\":\"WebSite\",\"@id\":\"https:\/\/www.slt.vr.it\/de\/#website\",\"url\":\"https:\/\/www.slt.vr.it\/de\/\",\"name\":\"SLT Strategy Legal Tax\",\"description\":\"\",\"publisher\":{\"@id\":\"https:\/\/www.slt.vr.it\/de\/#organization\"},\"potentialAction\":[{\"@type\":\"SearchAction\",\"target\":{\"@type\":\"EntryPoint\",\"urlTemplate\":\"https:\/\/www.slt.vr.it\/de\/?s={search_term_string}\"},\"query-input\":\"required name=search_term_string\"}],\"inLanguage\":\"de\"},{\"@type\":\"Organization\",\"@id\":\"https:\/\/www.slt.vr.it\/de\/#organization\",\"name\":\"SLT Strategy Legal Tax\",\"url\":\"https:\/\/www.slt.vr.it\/de\/\",\"logo\":{\"@type\":\"ImageObject\",\"inLanguage\":\"de\",\"@id\":\"https:\/\/www.slt.vr.it\/de\/#\/schema\/logo\/image\/\",\"url\":\"https:\/\/www.slt.vr.it\/wp-content\/uploads\/2015\/10\/SLT-Strategy-Legal-Tax.jpg\",\"contentUrl\":\"https:\/\/www.slt.vr.it\/wp-content\/uploads\/2015\/10\/SLT-Strategy-Legal-Tax.jpg\",\"width\":372,\"height\":336,\"caption\":\"SLT Strategy Legal Tax\"},\"image\":{\"@id\":\"https:\/\/www.slt.vr.it\/de\/#\/schema\/logo\/image\/\"}}]}<\/script>\n<!-- \/ Yoast SEO plugin. -->","yoast_head_json":{"title":"Alice Venturi - SLT Strategy Legal Tax","description":"Juristischer Beruf Alice Venturi bei Strategy Legal Tax di Verona.","robots":{"index":"index","follow":"follow","max-snippet":"max-snippet:-1","max-image-preview":"max-image-preview:large","max-video-preview":"max-video-preview:-1"},"canonical":"https:\/\/www.slt.vr.it\/de\/fachleute\/alice-venturi\/","og_locale":"de_DE","og_type":"article","og_title":"Avvocato Alice Venturi - SLT Strategy Legal Tax","og_description":"Avvocato Alice Venturi - SLT Strategy Legal Tax","og_url":"https:\/\/www.slt.vr.it\/de\/fachleute\/alice-venturi\/","og_site_name":"SLT Strategy Legal Tax","og_image":[{"width":1000,"height":1500,"url":"https:\/\/www.slt.vr.it\/wp-content\/uploads\/2025\/05\/alice-venturi-avvocato.jpg","type":"image\/jpeg"}],"twitter_card":"summary_large_image","twitter_misc":{"Gesch\u00e4tzte Lesezeit":"1\u00a0Minute"},"schema":{"@context":"https:\/\/schema.org","@graph":[{"@type":"WebPage","@id":"https:\/\/www.slt.vr.it\/de\/fachleute\/alice-venturi\/","url":"https:\/\/www.slt.vr.it\/de\/fachleute\/alice-venturi\/","name":"Alice Venturi - SLT Strategy Legal Tax","isPartOf":{"@id":"https:\/\/www.slt.vr.it\/de\/#website"},"datePublished":"2025-05-16T14:14:44+00:00","dateModified":"2025-05-16T14:14:44+00:00","description":"Juristischer Beruf Alice Venturi bei Strategy Legal Tax di Verona.","breadcrumb":{"@id":"https:\/\/www.slt.vr.it\/de\/fachleute\/alice-venturi\/#breadcrumb"},"inLanguage":"de","potentialAction":[{"@type":"ReadAction","target":["https:\/\/www.slt.vr.it\/de\/fachleute\/alice-venturi\/"]}]},{"@type":"BreadcrumbList","@id":"https:\/\/www.slt.vr.it\/de\/fachleute\/alice-venturi\/#breadcrumb","itemListElement":[{"@type":"ListItem","position":1,"name":"Home","item":"https:\/\/www.slt.vr.it\/de\/"},{"@type":"ListItem","position":2,"name":"Fachleute","item":"https:\/\/www.slt.vr.it\/de\/fachleute\/"},{"@type":"ListItem","position":3,"name":"Alice Venturi"}]},{"@type":"WebSite","@id":"https:\/\/www.slt.vr.it\/de\/#website","url":"https:\/\/www.slt.vr.it\/de\/","name":"SLT Strategy Legal Tax","description":"","publisher":{"@id":"https:\/\/www.slt.vr.it\/de\/#organization"},"potentialAction":[{"@type":"SearchAction","target":{"@type":"EntryPoint","urlTemplate":"https:\/\/www.slt.vr.it\/de\/?s={search_term_string}"},"query-input":"required name=search_term_string"}],"inLanguage":"de"},{"@type":"Organization","@id":"https:\/\/www.slt.vr.it\/de\/#organization","name":"SLT Strategy Legal Tax","url":"https:\/\/www.slt.vr.it\/de\/","logo":{"@type":"ImageObject","inLanguage":"de","@id":"https:\/\/www.slt.vr.it\/de\/#\/schema\/logo\/image\/","url":"https:\/\/www.slt.vr.it\/wp-content\/uploads\/2015\/10\/SLT-Strategy-Legal-Tax.jpg","contentUrl":"https:\/\/www.slt.vr.it\/wp-content\/uploads\/2015\/10\/SLT-Strategy-Legal-Tax.jpg","width":372,"height":336,"caption":"SLT Strategy Legal Tax"},"image":{"@id":"https:\/\/www.slt.vr.it\/de\/#\/schema\/logo\/image\/"}}]}},"_links":{"self":[{"href":"https:\/\/www.slt.vr.it\/de\/wp-json\/wp\/v2\/pages\/884547"}],"collection":[{"href":"https:\/\/www.slt.vr.it\/de\/wp-json\/wp\/v2\/pages"}],"about":[{"href":"https:\/\/www.slt.vr.it\/de\/wp-json\/wp\/v2\/types\/page"}],"author":[{"embeddable":true,"href":"https:\/\/www.slt.vr.it\/de\/wp-json\/wp\/v2\/users\/54"}],"replies":[{"embeddable":true,"href":"https:\/\/www.slt.vr.it\/de\/wp-json\/wp\/v2\/comments?post=884547"}],"version-history":[{"count":3,"href":"https:\/\/www.slt.vr.it\/de\/wp-json\/wp\/v2\/pages\/884547\/revisions"}],"predecessor-version":[{"id":884557,"href":"https:\/\/www.slt.vr.it\/de\/wp-json\/wp\/v2\/pages\/884547\/revisions\/884557"}],"up":[{"embeddable":true,"href":"https:\/\/www.slt.vr.it\/de\/wp-json\/wp\/v2\/pages\/862131"}],"wp:attachment":[{"href":"https:\/\/www.slt.vr.it\/de\/wp-json\/wp\/v2\/media?parent=884547"}],"curies":[{"name":"wp","href":"https:\/\/api.w.org\/{rel}","templated":true}]}}