{"id":879770,"date":"2024-12-09T18:13:35","date_gmt":"2024-12-09T17:13:35","guid":{"rendered":"https:\/\/www.slt.vr.it\/?page_id=879770"},"modified":"2024-12-09T18:13:35","modified_gmt":"2024-12-09T17:13:35","slug":"stefano-bezzetto","status":"publish","type":"page","link":"https:\/\/www.slt.vr.it\/de\/fachleute\/stefano-bezzetto\/","title":{"rendered":"Stefano Bezzetto"},"content":{"rendered":"<div  class='flex_column av-66enmarm-d389af27c24895568b4ca095067eb3ff av_one_half  avia-builder-el-0  el_before_av_one_half  avia-builder-el-first  first flex_column_div  '     ><style type=\"text\/css\" data-created_by=\"avia_inline_auto\" id=\"style-css-av-kp112ngr-fd0678eccfcd98c14719f0513e807044\">\n.avia-image-container.av-kp112ngr-fd0678eccfcd98c14719f0513e807044 img.avia_image{\nbox-shadow:none;\n}\n.avia-image-container.av-kp112ngr-fd0678eccfcd98c14719f0513e807044 .av-image-caption-overlay-center{\ncolor:#ffffff;\n}\n<\/style>\n<div  class='avia-image-container av-kp112ngr-fd0678eccfcd98c14719f0513e807044 av-styling- avia-align-center  avia-builder-el-1  avia-builder-el-no-sibling '   itemprop=\"image\" itemscope=\"itemscope\" itemtype=\"https:\/\/schema.org\/ImageObject\" ><div class=\"avia-image-container-inner\"><div class=\"avia-image-overlay-wrap\"><img decoding=\"async\" fetchpriority=\"high\" class='wp-image-862152 avia-img-lazy-loading-not-862152 avia_image ' src=\"https:\/\/www.slt.vr.it\/wp-content\/uploads\/2018\/10\/stefano-bezzetto-687x1030.jpg\" alt='' title='stefano-bezzetto'  height=\"1030\" width=\"687\"  itemprop=\"thumbnailUrl\" srcset=\"https:\/\/www.slt.vr.it\/wp-content\/uploads\/2018\/10\/stefano-bezzetto-687x1030.jpg 687w, https:\/\/www.slt.vr.it\/wp-content\/uploads\/2018\/10\/stefano-bezzetto-200x300.jpg 200w, https:\/\/www.slt.vr.it\/wp-content\/uploads\/2018\/10\/stefano-bezzetto-768x1152.jpg 768w, https:\/\/www.slt.vr.it\/wp-content\/uploads\/2018\/10\/stefano-bezzetto.jpg 1000w, https:\/\/www.slt.vr.it\/wp-content\/uploads\/2018\/10\/stefano-bezzetto-470x705.jpg 470w, https:\/\/www.slt.vr.it\/wp-content\/uploads\/2018\/10\/stefano-bezzetto-450x675.jpg 450w\" sizes=\"(max-width: 687px) 100vw, 687px\" \/><\/div><\/div><\/div><\/div>\n<div  class='flex_column av-5joigigy-53720a8da8cd3bc5e4e995a412567cda av_one_half  avia-builder-el-2  el_after_av_one_half  avia-builder-el-last  flex_column_div  '     ><p>\n<style type=\"text\/css\" data-created_by=\"avia_inline_auto\" id=\"style-css-av-kqmkku7u-ebc754bdbaae7ac5b9449c6c12a1e98c\">\n#top .av-special-heading.av-kqmkku7u-ebc754bdbaae7ac5b9449c6c12a1e98c{\npadding-bottom:10px;\n}\nbody .av-special-heading.av-kqmkku7u-ebc754bdbaae7ac5b9449c6c12a1e98c .av-special-heading-tag .heading-char{\nfont-size:25px;\n}\n.av-special-heading.av-kqmkku7u-ebc754bdbaae7ac5b9449c6c12a1e98c .av-subheading{\nfont-size:10px;\n}\n<\/style>\n<div  class='av-special-heading av-kqmkku7u-ebc754bdbaae7ac5b9449c6c12a1e98c av-special-heading-h3 meta-heading blockquote modern-quote  avia-builder-el-3  el_before_av_textblock  avia-builder-el-first  av-linked-heading'><h3 class='av-special-heading-tag'  itemprop=\"headline\"  >Stefano Bezzetto<\/h3><div class='av-subheading av-subheading_below'><p>Strategy Specialist<\/p>\n<\/div><div class=\"special-heading-border\"><div class=\"special-heading-inner-border\"><\/div><\/div><\/div><br \/>\n<section  class='av_textblock_section av-5clglj42-711430c97df5cc584a6eb708792be883 '   itemscope=\"itemscope\" itemtype=\"https:\/\/schema.org\/CreativeWork\" ><div class='avia_textblock'  itemprop=\"text\" ><h3><strong>Ausbildung<\/strong><\/h3>\n<p><strong>1988<\/strong>: Abschluss in Wirtschaft und Handel, Universit\u00e4t Verona<\/p>\n<h3><strong>Berufserfahrung<\/strong><\/h3>\n<ul>\n<li><strong>1997 \u2013 heute<\/strong>:<br \/>\nT\u00e4tigkeiten in Planung und Entwicklung als freiberuflicher Berater, Unterst\u00fctzung von professionellen B\u00fcros und Unternehmen durch Beratungs- und Interim-Management-Dienstleistungen.<\/li>\n<li><strong>2015 \u2013 heute<\/strong>:<br \/>\n<strong>Senior Consultant<\/strong> bei SLT &#8211; Strategy Legal Tax, einer Kanzlei von Wirtschaftspr\u00fcfern und Anw\u00e4lten, spezialisiert auf Planung, Entwicklung und strategisches Marketing. <em>(Verona)<\/em><\/li>\n<li><strong>2015 \u2013 heute<\/strong>:<br \/>\n<strong>Mitbegr\u00fcnder und Senior Consultant<\/strong> bei Rossi&amp;Co Srl, einem Unternehmen f\u00fcr strategische und operative Marketingdienstleistungen in den Bereichen M\u00f6bel, Dekoration und Innenausbau. <em>(Thiene, Vi)<\/em><\/li>\n<li><strong>2014 \u2013 heute<\/strong>:<br \/>\n<strong>Senior Consultant<\/strong> bei Cattaneo dall\u2019Olio, einer Kanzlei von Wirtschaftspr\u00fcfern und Anw\u00e4lten, spezialisiert auf Planung, Entwicklung und strategisches Marketing. <em>(Bergamo)<\/em><\/li>\n<li><strong>2012 \u2013 heute<\/strong>:<br \/>\n<strong>Senior Consultant<\/strong> bei Sharazad Srl, einem Beratungsunternehmen f\u00fcr Lean Business Strategy. <em>(Bassano del Grappa, Vi)<\/em><\/li>\n<li><strong>2012 \u2013 heute<\/strong>:<br \/>\n<strong>Senior Consultant<\/strong> bei Linos&amp;Co Srl, einem Coworking-Space und einer Marketing- und Kommunikationsagentur mit partizipativen digitalen Entwicklungsmodellen.<br \/>\nT\u00e4tigkeit als Moderator in Verbesserungsgruppen, darunter:<\/p>\n<ul>\n<li><strong>Amplificatore Culturale<\/strong>: Jugendgruppe f\u00fcr kulturelle Veranstaltungen.<\/li>\n<li><strong>FestinalentePMI<\/strong>: Community von Interim-Managern.<\/li>\n<li><strong>Cooperativa Don Calabria<\/strong>. <em>(Verona)<\/em><\/li>\n<\/ul>\n<\/li>\n<li><strong>1997 \u2013 heute<\/strong>:<br \/>\n<strong>Mitbegr\u00fcnder und Senior Consultant<\/strong> bei Piessequadro Sas, einem Beratungsunternehmen f\u00fcr Marketing und Management-Kontrolle in KMUs.<br \/>\nInterim-Manager f\u00fcr strategische Planung und Produktinnovation bei Veronafiere (2000\u20132010).<br \/>\nBerater und Vorstandsmitglied bei PMT Spa, einem in Padua ans\u00e4ssigen Unternehmen, das von Veronafiere kontrolliert wird und Veranstaltungen im Bereich nachhaltiges Bauen und erneuerbare Energien organisiert. <em>(Legnago, Vr)<\/em><\/li>\n<li><strong>1995 \u2013 1997<\/strong>:<br \/>\nUnternehmensberater f\u00fcr Planung, Entwicklung und Marketing bei der Kanzlei Bercelli&amp;Ferrarese. <em>(Bovolone, Vr)<\/em><\/li>\n<li><strong>1992 \u2013 1995<\/strong>:<br \/>\nUnterst\u00fctzung von <strong>Avv. Luigi Bezzan<\/strong>, Generaldirektor von zwei lokalen Gesundheitsunternehmen, in Planung, Entwicklung und Management-Kontrolle.<br \/>\nInterner Moderator von Verbesserungsgruppen in Zusammenarbeit mit der strategischen Beratung des <strong>Galgano-Teams<\/strong>, Einf\u00fchrung des Total Quality Management (TQM) in zwei Krankenh\u00e4usern in Bovolone und Implementierung der Management-Kontrolle in der Gesundheitsbeh\u00f6rde von Vercelli.<\/li>\n<li><strong>1989<\/strong>:<br \/>\nLehrer f\u00fcr Wirtschaft an der Handelsoberschule Don Bosco. <em>(Verona)<\/em><\/li>\n<\/ul>\n<h3><strong>Engagement<\/strong><\/h3>\n<ul>\n<li>Familie<\/li>\n<li>Pfarrei, Pfadfinder und Jugendarbeit<\/li>\n<li>Nachhaltige \u00d6konomie der Person<\/li>\n<\/ul>\n<h4><\/h4>\n<\/div><\/section><br \/>\n\n<style type=\"text\/css\" data-created_by=\"avia_inline_auto\" id=\"style-css-av-i9l72s8-40805c52f1a30ff64d863ec8378e24b0\">\n#top .av-special-heading.av-i9l72s8-40805c52f1a30ff64d863ec8378e24b0{\npadding-bottom:15px;\n}\nbody .av-special-heading.av-i9l72s8-40805c52f1a30ff64d863ec8378e24b0 .av-special-heading-tag .heading-char{\nfont-size:25px;\n}\n.av-special-heading.av-i9l72s8-40805c52f1a30ff64d863ec8378e24b0 .av-subheading{\nfont-size:10px;\n}\n<\/style>\n<div  class='av-special-heading av-i9l72s8-40805c52f1a30ff64d863ec8378e24b0 av-special-heading-h3 meta-heading  avia-builder-el-5  el_after_av_textblock  el_before_av_progress  av-linked-heading'><h3 class='av-special-heading-tag'  itemprop=\"headline\"  >Spezialisierungen<\/h3><div class=\"special-heading-border\"><div class=\"special-heading-inner-border\"><\/div><\/div><\/div><br \/>\n\n<style type=\"text\/css\" data-created_by=\"avia_inline_auto\" id=\"style-css-sub-av-52e4qptu-be1bb530d28e6afed78ed80587b9183d\">\n#top .avia-progress-bar-container .avia-progress-bar.av-bre3p94-6d97887973e7b6077cb059c6b858d922 .bar{\nwidth:100%;\n}\n#top .avia-progress-bar-container .avia-progress-bar.av-7fgbiag-6e273af7a0990857cde9fec01cc42c19 .bar{\nwidth:100%;\n}\n<\/style>\n<div  class='avia-progress-bar-container av-52e4qptu-be1bb530d28e6afed78ed80587b9183d av-striped-bar av-animated-bar avia_animate_when_almost_visible  avia-builder-el-6  el_after_av_heading  avia-builder-el-last '><div class='avia-progress-bar av-bre3p94-6d97887973e7b6077cb059c6b858d922 icon-bar-no theme-color-bar theme-color-bar icon-bar-no'><div class=\"progressbar-title-wrap\"><div class='progressbar-icon'><span class='progressbar-char' aria-hidden='true' data-av_icon='' data-av_iconfont='entypo-fontello'><\/span><\/div><div class='progressbar-title'>Strategie und Marketing<\/div><\/div><div class=\"progress\"><div class=\"bar-outer\"><div class='bar' data-progress='100'><\/div><\/div><\/div><\/div><div class='avia-progress-bar av-7fgbiag-6e273af7a0990857cde9fec01cc42c19 icon-bar-no theme-color-bar theme-color-bar icon-bar-no'><div class=\"progressbar-title-wrap\"><div class='progressbar-icon'><span class='progressbar-char' aria-hidden='true' data-av_icon='' data-av_iconfont='entypo-fontello'><\/span><\/div><div class='progressbar-title'>Unternehmensorganisation<\/div><\/div><div class=\"progress\"><div class=\"bar-outer\"><div class='bar' data-progress='100'><\/div><\/div><\/div><\/div><\/div><\/p><\/div>\n","protected":false},"excerpt":{"rendered":"","protected":false},"author":54,"featured_media":0,"parent":862131,"menu_order":0,"comment_status":"open","ping_status":"open","template":"","meta":{"footnotes":"","iawp_total_views":1},"yoast_head":"<!-- This site is optimized with the Yoast SEO plugin v22.3 - https:\/\/yoast.com\/wordpress\/plugins\/seo\/ -->\n<title>Stefano Bezzetto - SLT Strategy Legal Tax<\/title>\n<meta name=\"description\" content=\"Stefano Bezzetto: Experte f\u00fcr strategische Planung, Entwicklung und Marketing mit umfangreicher Erfahrung in Beratung und Interim-Management. Mitbegr\u00fcnder und Senior Consultant in mehreren Unternehmen verschiedener Branchen\" \/>\n<meta name=\"robots\" content=\"index, follow, max-snippet:-1, max-image-preview:large, max-video-preview:-1\" \/>\n<link rel=\"canonical\" href=\"https:\/\/www.slt.vr.it\/de\/fachleute\/stefano-bezzetto\/\" \/>\n<meta property=\"og:locale\" content=\"de_DE\" \/>\n<meta property=\"og:type\" content=\"article\" \/>\n<meta property=\"og:title\" content=\"Stefano Bezzetto - SLT Strategy Legal Tax\" \/>\n<meta property=\"og:description\" content=\"Stefano Bezzetto: Experte f\u00fcr strategische Planung, Entwicklung und Marketing mit umfangreicher Erfahrung in Beratung und Interim-Management. Mitbegr\u00fcnder und Senior Consultant in mehreren Unternehmen verschiedener Branchen\" \/>\n<meta property=\"og:url\" content=\"https:\/\/www.slt.vr.it\/de\/fachleute\/stefano-bezzetto\/\" \/>\n<meta property=\"og:site_name\" content=\"SLT Strategy Legal Tax\" \/>\n<meta name=\"twitter:card\" content=\"summary_large_image\" \/>\n<meta name=\"twitter:label1\" content=\"Gesch\u00e4tzte Lesezeit\" \/>\n\t<meta name=\"twitter:data1\" content=\"2\u00a0Minuten\" \/>\n<script type=\"application\/ld+json\" class=\"yoast-schema-graph\">{\"@context\":\"https:\/\/schema.org\",\"@graph\":[{\"@type\":\"WebPage\",\"@id\":\"https:\/\/www.slt.vr.it\/de\/fachleute\/stefano-bezzetto\/\",\"url\":\"https:\/\/www.slt.vr.it\/de\/fachleute\/stefano-bezzetto\/\",\"name\":\"Stefano Bezzetto - SLT Strategy Legal Tax\",\"isPartOf\":{\"@id\":\"https:\/\/www.slt.vr.it\/de\/#website\"},\"datePublished\":\"2024-12-09T17:13:35+00:00\",\"dateModified\":\"2024-12-09T17:13:35+00:00\",\"description\":\"Stefano Bezzetto: Experte f\u00fcr strategische Planung, Entwicklung und Marketing mit umfangreicher Erfahrung in Beratung und Interim-Management. Mitbegr\u00fcnder und Senior Consultant in mehreren Unternehmen verschiedener Branchen\",\"breadcrumb\":{\"@id\":\"https:\/\/www.slt.vr.it\/de\/fachleute\/stefano-bezzetto\/#breadcrumb\"},\"inLanguage\":\"de\",\"potentialAction\":[{\"@type\":\"ReadAction\",\"target\":[\"https:\/\/www.slt.vr.it\/de\/fachleute\/stefano-bezzetto\/\"]}]},{\"@type\":\"BreadcrumbList\",\"@id\":\"https:\/\/www.slt.vr.it\/de\/fachleute\/stefano-bezzetto\/#breadcrumb\",\"itemListElement\":[{\"@type\":\"ListItem\",\"position\":1,\"name\":\"Home\",\"item\":\"https:\/\/www.slt.vr.it\/de\/\"},{\"@type\":\"ListItem\",\"position\":2,\"name\":\"Fachleute\",\"item\":\"https:\/\/www.slt.vr.it\/de\/fachleute\/\"},{\"@type\":\"ListItem\",\"position\":3,\"name\":\"Stefano Bezzetto\"}]},{\"@type\":\"WebSite\",\"@id\":\"https:\/\/www.slt.vr.it\/de\/#website\",\"url\":\"https:\/\/www.slt.vr.it\/de\/\",\"name\":\"SLT Strategy Legal Tax\",\"description\":\"\",\"publisher\":{\"@id\":\"https:\/\/www.slt.vr.it\/de\/#organization\"},\"potentialAction\":[{\"@type\":\"SearchAction\",\"target\":{\"@type\":\"EntryPoint\",\"urlTemplate\":\"https:\/\/www.slt.vr.it\/de\/?s={search_term_string}\"},\"query-input\":\"required name=search_term_string\"}],\"inLanguage\":\"de\"},{\"@type\":\"Organization\",\"@id\":\"https:\/\/www.slt.vr.it\/de\/#organization\",\"name\":\"SLT Strategy Legal Tax\",\"url\":\"https:\/\/www.slt.vr.it\/de\/\",\"logo\":{\"@type\":\"ImageObject\",\"inLanguage\":\"de\",\"@id\":\"https:\/\/www.slt.vr.it\/de\/#\/schema\/logo\/image\/\",\"url\":\"https:\/\/www.slt.vr.it\/wp-content\/uploads\/2015\/10\/SLT-Strategy-Legal-Tax.jpg\",\"contentUrl\":\"https:\/\/www.slt.vr.it\/wp-content\/uploads\/2015\/10\/SLT-Strategy-Legal-Tax.jpg\",\"width\":372,\"height\":336,\"caption\":\"SLT Strategy Legal Tax\"},\"image\":{\"@id\":\"https:\/\/www.slt.vr.it\/de\/#\/schema\/logo\/image\/\"}}]}<\/script>\n<!-- \/ Yoast SEO plugin. -->","yoast_head_json":{"title":"Stefano Bezzetto - SLT Strategy Legal Tax","description":"Stefano Bezzetto: Experte f\u00fcr strategische Planung, Entwicklung und Marketing mit umfangreicher Erfahrung in Beratung und Interim-Management. Mitbegr\u00fcnder und Senior Consultant in mehreren Unternehmen verschiedener Branchen","robots":{"index":"index","follow":"follow","max-snippet":"max-snippet:-1","max-image-preview":"max-image-preview:large","max-video-preview":"max-video-preview:-1"},"canonical":"https:\/\/www.slt.vr.it\/de\/fachleute\/stefano-bezzetto\/","og_locale":"de_DE","og_type":"article","og_title":"Stefano Bezzetto - SLT Strategy Legal Tax","og_description":"Stefano Bezzetto: Experte f\u00fcr strategische Planung, Entwicklung und Marketing mit umfangreicher Erfahrung in Beratung und Interim-Management. Mitbegr\u00fcnder und Senior Consultant in mehreren Unternehmen verschiedener Branchen","og_url":"https:\/\/www.slt.vr.it\/de\/fachleute\/stefano-bezzetto\/","og_site_name":"SLT Strategy Legal Tax","twitter_card":"summary_large_image","twitter_misc":{"Gesch\u00e4tzte Lesezeit":"2\u00a0Minuten"},"schema":{"@context":"https:\/\/schema.org","@graph":[{"@type":"WebPage","@id":"https:\/\/www.slt.vr.it\/de\/fachleute\/stefano-bezzetto\/","url":"https:\/\/www.slt.vr.it\/de\/fachleute\/stefano-bezzetto\/","name":"Stefano Bezzetto - SLT Strategy Legal Tax","isPartOf":{"@id":"https:\/\/www.slt.vr.it\/de\/#website"},"datePublished":"2024-12-09T17:13:35+00:00","dateModified":"2024-12-09T17:13:35+00:00","description":"Stefano Bezzetto: Experte f\u00fcr strategische Planung, Entwicklung und Marketing mit umfangreicher Erfahrung in Beratung und Interim-Management. Mitbegr\u00fcnder und Senior Consultant in mehreren Unternehmen verschiedener Branchen","breadcrumb":{"@id":"https:\/\/www.slt.vr.it\/de\/fachleute\/stefano-bezzetto\/#breadcrumb"},"inLanguage":"de","potentialAction":[{"@type":"ReadAction","target":["https:\/\/www.slt.vr.it\/de\/fachleute\/stefano-bezzetto\/"]}]},{"@type":"BreadcrumbList","@id":"https:\/\/www.slt.vr.it\/de\/fachleute\/stefano-bezzetto\/#breadcrumb","itemListElement":[{"@type":"ListItem","position":1,"name":"Home","item":"https:\/\/www.slt.vr.it\/de\/"},{"@type":"ListItem","position":2,"name":"Fachleute","item":"https:\/\/www.slt.vr.it\/de\/fachleute\/"},{"@type":"ListItem","position":3,"name":"Stefano Bezzetto"}]},{"@type":"WebSite","@id":"https:\/\/www.slt.vr.it\/de\/#website","url":"https:\/\/www.slt.vr.it\/de\/","name":"SLT Strategy Legal Tax","description":"","publisher":{"@id":"https:\/\/www.slt.vr.it\/de\/#organization"},"potentialAction":[{"@type":"SearchAction","target":{"@type":"EntryPoint","urlTemplate":"https:\/\/www.slt.vr.it\/de\/?s={search_term_string}"},"query-input":"required name=search_term_string"}],"inLanguage":"de"},{"@type":"Organization","@id":"https:\/\/www.slt.vr.it\/de\/#organization","name":"SLT Strategy Legal Tax","url":"https:\/\/www.slt.vr.it\/de\/","logo":{"@type":"ImageObject","inLanguage":"de","@id":"https:\/\/www.slt.vr.it\/de\/#\/schema\/logo\/image\/","url":"https:\/\/www.slt.vr.it\/wp-content\/uploads\/2015\/10\/SLT-Strategy-Legal-Tax.jpg","contentUrl":"https:\/\/www.slt.vr.it\/wp-content\/uploads\/2015\/10\/SLT-Strategy-Legal-Tax.jpg","width":372,"height":336,"caption":"SLT Strategy Legal Tax"},"image":{"@id":"https:\/\/www.slt.vr.it\/de\/#\/schema\/logo\/image\/"}}]}},"_links":{"self":[{"href":"https:\/\/www.slt.vr.it\/de\/wp-json\/wp\/v2\/pages\/879770"}],"collection":[{"href":"https:\/\/www.slt.vr.it\/de\/wp-json\/wp\/v2\/pages"}],"about":[{"href":"https:\/\/www.slt.vr.it\/de\/wp-json\/wp\/v2\/types\/page"}],"author":[{"embeddable":true,"href":"https:\/\/www.slt.vr.it\/de\/wp-json\/wp\/v2\/users\/54"}],"replies":[{"embeddable":true,"href":"https:\/\/www.slt.vr.it\/de\/wp-json\/wp\/v2\/comments?post=879770"}],"version-history":[{"count":5,"href":"https:\/\/www.slt.vr.it\/de\/wp-json\/wp\/v2\/pages\/879770\/revisions"}],"predecessor-version":[{"id":884179,"href":"https:\/\/www.slt.vr.it\/de\/wp-json\/wp\/v2\/pages\/879770\/revisions\/884179"}],"up":[{"embeddable":true,"href":"https:\/\/www.slt.vr.it\/de\/wp-json\/wp\/v2\/pages\/862131"}],"wp:attachment":[{"href":"https:\/\/www.slt.vr.it\/de\/wp-json\/wp\/v2\/media?parent=879770"}],"curies":[{"name":"wp","href":"https:\/\/api.w.org\/{rel}","templated":true}]}}