{"id":879751,"date":"2026-02-06T16:19:55","date_gmt":"2026-02-06T15:19:55","guid":{"rendered":"https:\/\/www.slt.vr.it\/?page_id=879751"},"modified":"2026-02-06T16:20:30","modified_gmt":"2026-02-06T15:20:30","slug":"michele-ceradini","status":"publish","type":"page","link":"https:\/\/www.slt.vr.it\/de\/fachleute\/michele-ceradini\/","title":{"rendered":"Michele Ceradini"},"content":{"rendered":"<div  class='flex_column av-66enmarm-d389af27c24895568b4ca095067eb3ff av_one_half  avia-builder-el-0  el_before_av_one_half  avia-builder-el-first  first flex_column_div  '     ><style type=\"text\/css\" data-created_by=\"avia_inline_auto\" id=\"style-css-av-kp112ngr-de63ca3510a56ffeb77a3059315673fd\">\n.avia-image-container.av-kp112ngr-de63ca3510a56ffeb77a3059315673fd img.avia_image{\nbox-shadow:none;\n}\n.avia-image-container.av-kp112ngr-de63ca3510a56ffeb77a3059315673fd .av-image-caption-overlay-center{\ncolor:#ffffff;\n}\n<\/style>\n<div  class='avia-image-container av-kp112ngr-de63ca3510a56ffeb77a3059315673fd av-styling- avia-align-center  avia-builder-el-1  avia-builder-el-no-sibling '   itemprop=\"image\" itemscope=\"itemscope\" itemtype=\"https:\/\/schema.org\/ImageObject\" ><div class=\"avia-image-container-inner\"><div class=\"avia-image-overlay-wrap\"><img decoding=\"async\" fetchpriority=\"high\" class='wp-image-862153 avia-img-lazy-loading-not-862153 avia_image ' src=\"https:\/\/www.slt.vr.it\/wp-content\/uploads\/2018\/10\/michele-ceradini-1-686x1030.jpg\" alt='' title='michele-ceradini'  height=\"1030\" width=\"686\"  itemprop=\"thumbnailUrl\" srcset=\"https:\/\/www.slt.vr.it\/wp-content\/uploads\/2018\/10\/michele-ceradini-1-686x1030.jpg 686w, https:\/\/www.slt.vr.it\/wp-content\/uploads\/2018\/10\/michele-ceradini-1-200x300.jpg 200w, https:\/\/www.slt.vr.it\/wp-content\/uploads\/2018\/10\/michele-ceradini-1-768x1153.jpg 768w, https:\/\/www.slt.vr.it\/wp-content\/uploads\/2018\/10\/michele-ceradini-1-999x1500.jpg 999w, https:\/\/www.slt.vr.it\/wp-content\/uploads\/2018\/10\/michele-ceradini-1-470x705.jpg 470w, https:\/\/www.slt.vr.it\/wp-content\/uploads\/2018\/10\/michele-ceradini-1-450x675.jpg 450w, https:\/\/www.slt.vr.it\/wp-content\/uploads\/2018\/10\/michele-ceradini-1.jpg 1000w\" sizes=\"(max-width: 686px) 100vw, 686px\" \/><\/div><\/div><\/div><\/div>\n<div  class='flex_column av-5joigigy-53720a8da8cd3bc5e4e995a412567cda av_one_half  avia-builder-el-2  el_after_av_one_half  avia-builder-el-last  flex_column_div  '     ><p>\n<style type=\"text\/css\" data-created_by=\"avia_inline_auto\" id=\"style-css-av-kqmkdkwq-bcfc69cf67f1211f9b055f0f1eae77ac\">\n#top .av-special-heading.av-kqmkdkwq-bcfc69cf67f1211f9b055f0f1eae77ac{\npadding-bottom:10px;\n}\nbody .av-special-heading.av-kqmkdkwq-bcfc69cf67f1211f9b055f0f1eae77ac .av-special-heading-tag .heading-char{\nfont-size:25px;\n}\n.av-special-heading.av-kqmkdkwq-bcfc69cf67f1211f9b055f0f1eae77ac .av-subheading{\nfont-size:10px;\n}\n<\/style>\n<div  class='av-special-heading av-kqmkdkwq-bcfc69cf67f1211f9b055f0f1eae77ac av-special-heading-h3 meta-heading blockquote modern-quote  avia-builder-el-3  el_before_av_textblock  avia-builder-el-first  av-linked-heading'><h3 class='av-special-heading-tag'  itemprop=\"headline\"  >Michele Ceradini<\/h3><div class='av-subheading av-subheading_below'><p>Corporate Specialist<\/p>\n<\/div><div class=\"special-heading-border\"><div class=\"special-heading-inner-border\"><\/div><\/div><\/div><br \/>\n<section  class='av_textblock_section av-5clglj42-711430c97df5cc584a6eb708792be883 '   itemscope=\"itemscope\" itemtype=\"https:\/\/schema.org\/CreativeWork\" ><div class='avia_textblock'  itemprop=\"text\" ><p>Michele Ceradini hat einen Abschluss in Maschinenbau vom Politecnico di Milano. Er besitzt die EGE-Zertifizierung (Experte f\u00fcr Energiemanagement) in den Bereichen Zivil- und Industrie, ausgestellt von ICMQ gem\u00e4\u00df der Norm UNI CEI 11339:2009.<\/p>\n<p>Er besch\u00e4ftigt sich mit Strategien, Richtlinien und Berichterstattung im Bereich ESG (Environment, Social, Governance) und koordiniert die Arbeitsgruppe zu diesen Themen innerhalb der SLT.<\/p>\n<p>Dar\u00fcber hinaus ist er t\u00e4tig im Bereich der technischen und umweltbezogenen Compliance sowie in der Beratung zu Energievorschriften, Energieaudits in den Bereichen Zivil- und Industrie, Beziehungen mit der GSE, Inbetriebnahme von Energieerzeugungsanlagen, die mit erneuerbaren und konventionellen Energiequellen betrieben werden, Einhaltung von Vorschriften, F\u00f6rderma\u00dfnahmen und der Erlangung von Anreizen f\u00fcr Energieeffizienz.<\/p>\n<p>Zuvor sammelte er umfangreiche Erfahrung in der industriellen Fertigung, wo er sich mit industrieller Logistik befasste, einschlie\u00dflich Bedarfsplanung, Produktionsplanung und Einkauf.<\/p>\n<h4><\/h4>\n<\/div><\/section><br \/>\n\n<style type=\"text\/css\" data-created_by=\"avia_inline_auto\" id=\"style-css-av-ku5i7lx-596dcc66bfead1c7a3c0885a4a93b965\">\n#top .av-special-heading.av-ku5i7lx-596dcc66bfead1c7a3c0885a4a93b965{\npadding-bottom:15px;\n}\nbody .av-special-heading.av-ku5i7lx-596dcc66bfead1c7a3c0885a4a93b965 .av-special-heading-tag .heading-char{\nfont-size:25px;\n}\n.av-special-heading.av-ku5i7lx-596dcc66bfead1c7a3c0885a4a93b965 .av-subheading{\nfont-size:10px;\n}\n<\/style>\n<div  class='av-special-heading av-ku5i7lx-596dcc66bfead1c7a3c0885a4a93b965 av-special-heading-h3 meta-heading  avia-builder-el-5  el_after_av_textblock  el_before_av_progress  av-linked-heading'><h3 class='av-special-heading-tag'  itemprop=\"headline\"  >Spezialisierungen<\/h3><div class=\"special-heading-border\"><div class=\"special-heading-inner-border\"><\/div><\/div><\/div><br \/>\n\n<style type=\"text\/css\" data-created_by=\"avia_inline_auto\" id=\"style-css-sub-av-52e4qptu-be1bb530d28e6afed78ed80587b9183d\">\n#top .avia-progress-bar-container .avia-progress-bar.av-f1856f9-2f35020d48afd2ab8bdee03983d6b720 .bar{\nwidth:100%;\n}\n#top .avia-progress-bar-container .avia-progress-bar.av-ak3evid-c2be7aaa5e091b4ae801991446a6b3e8 .bar{\nwidth:100%;\n}\n#top .avia-progress-bar-container .avia-progress-bar.av-6bjojk5-4722d6ff1d3cff4536969ad2b98d134f .bar{\nwidth:100%;\n}\n<\/style>\n<div  class='avia-progress-bar-container av-52e4qptu-be1bb530d28e6afed78ed80587b9183d av-striped-bar av-animated-bar avia_animate_when_almost_visible  avia-builder-el-6  el_after_av_heading  avia-builder-el-last '><div class='avia-progress-bar av-f1856f9-2f35020d48afd2ab8bdee03983d6b720 icon-bar-no theme-color-bar theme-color-bar icon-bar-no'><div class=\"progressbar-title-wrap\"><div class='progressbar-icon'><span class='progressbar-char' aria-hidden='true' data-av_icon='' data-av_iconfont='entypo-fontello'><\/span><\/div><div class='progressbar-title'>Beratung zu Energievorschriften<\/div><\/div><div class=\"progress\"><div class=\"bar-outer\"><div class='bar' data-progress='100'><\/div><\/div><\/div><\/div><div class='avia-progress-bar av-ak3evid-c2be7aaa5e091b4ae801991446a6b3e8 icon-bar-no theme-color-bar theme-color-bar icon-bar-no'><div class=\"progressbar-title-wrap\"><div class='progressbar-icon'><span class='progressbar-char' aria-hidden='true' data-av_icon='' data-av_iconfont='entypo-fontello'><\/span><\/div><div class='progressbar-title'>Verwaltungsverfahren bei \u00f6ffentlichen Einrichtungen im Energiesektor<\/div><\/div><div class=\"progress\"><div class=\"bar-outer\"><div class='bar' data-progress='100'><\/div><\/div><\/div><\/div><div class='avia-progress-bar av-6bjojk5-4722d6ff1d3cff4536969ad2b98d134f icon-bar-no theme-color-bar theme-color-bar icon-bar-no'><div class=\"progressbar-title-wrap\"><div class='progressbar-icon'><span class='progressbar-char' aria-hidden='true' data-av_icon='' data-av_iconfont='entypo-fontello'><\/span><\/div><div class='progressbar-title'>Projekte zur Verbesserung der Energieeffizienz<\/div><\/div><div class=\"progress\"><div class=\"bar-outer\"><div class='bar' data-progress='100'><\/div><\/div><\/div><\/div><\/div><\/p><\/div>\n","protected":false},"excerpt":{"rendered":"","protected":false},"author":54,"featured_media":0,"parent":862131,"menu_order":0,"comment_status":"open","ping_status":"open","template":"","meta":{"footnotes":"","iawp_total_views":116},"yoast_head":"<!-- This site is optimized with the Yoast SEO plugin v22.3 - https:\/\/yoast.com\/wordpress\/plugins\/seo\/ -->\n<title>Michele Ceradini - SLT Strategy Legal Tax<\/title>\n<meta name=\"description\" content=\"Michele Ceradini besch\u00e4ftigt sich mit Strategien, Richtlinien und koordiniert die Arbeitsgruppe innerhalb der SLT.\" \/>\n<meta name=\"robots\" content=\"index, follow, max-snippet:-1, max-image-preview:large, max-video-preview:-1\" \/>\n<link rel=\"canonical\" href=\"https:\/\/www.slt.vr.it\/de\/fachleute\/michele-ceradini\/\" \/>\n<meta property=\"og:locale\" content=\"de_DE\" \/>\n<meta property=\"og:type\" content=\"article\" \/>\n<meta property=\"og:title\" content=\"Michele Ceradini - SLT Strategy Legal Tax\" \/>\n<meta property=\"og:description\" content=\"Michele Ceradini besch\u00e4ftigt sich mit Strategien, Richtlinien und koordiniert die Arbeitsgruppe innerhalb der SLT.\" \/>\n<meta property=\"og:url\" content=\"https:\/\/www.slt.vr.it\/de\/fachleute\/michele-ceradini\/\" \/>\n<meta property=\"og:site_name\" content=\"SLT Strategy Legal Tax\" \/>\n<meta property=\"article:modified_time\" content=\"2026-02-06T15:20:30+00:00\" \/>\n<meta name=\"twitter:card\" content=\"summary_large_image\" \/>\n<meta name=\"twitter:label1\" content=\"Gesch\u00e4tzte Lesezeit\" \/>\n\t<meta name=\"twitter:data1\" content=\"1\u00a0Minute\" \/>\n<script type=\"application\/ld+json\" class=\"yoast-schema-graph\">{\"@context\":\"https:\/\/schema.org\",\"@graph\":[{\"@type\":\"WebPage\",\"@id\":\"https:\/\/www.slt.vr.it\/de\/fachleute\/michele-ceradini\/\",\"url\":\"https:\/\/www.slt.vr.it\/de\/fachleute\/michele-ceradini\/\",\"name\":\"Michele Ceradini - SLT Strategy Legal Tax\",\"isPartOf\":{\"@id\":\"https:\/\/www.slt.vr.it\/de\/#website\"},\"datePublished\":\"2026-02-06T15:19:55+00:00\",\"dateModified\":\"2026-02-06T15:20:30+00:00\",\"description\":\"Michele Ceradini besch\u00e4ftigt sich mit Strategien, Richtlinien und koordiniert die Arbeitsgruppe innerhalb der SLT.\",\"breadcrumb\":{\"@id\":\"https:\/\/www.slt.vr.it\/de\/fachleute\/michele-ceradini\/#breadcrumb\"},\"inLanguage\":\"de\",\"potentialAction\":[{\"@type\":\"ReadAction\",\"target\":[\"https:\/\/www.slt.vr.it\/de\/fachleute\/michele-ceradini\/\"]}]},{\"@type\":\"BreadcrumbList\",\"@id\":\"https:\/\/www.slt.vr.it\/de\/fachleute\/michele-ceradini\/#breadcrumb\",\"itemListElement\":[{\"@type\":\"ListItem\",\"position\":1,\"name\":\"Home\",\"item\":\"https:\/\/www.slt.vr.it\/de\/\"},{\"@type\":\"ListItem\",\"position\":2,\"name\":\"Fachleute\",\"item\":\"https:\/\/www.slt.vr.it\/de\/fachleute\/\"},{\"@type\":\"ListItem\",\"position\":3,\"name\":\"Michele Ceradini\"}]},{\"@type\":\"WebSite\",\"@id\":\"https:\/\/www.slt.vr.it\/de\/#website\",\"url\":\"https:\/\/www.slt.vr.it\/de\/\",\"name\":\"SLT Strategy Legal Tax\",\"description\":\"\",\"publisher\":{\"@id\":\"https:\/\/www.slt.vr.it\/de\/#organization\"},\"potentialAction\":[{\"@type\":\"SearchAction\",\"target\":{\"@type\":\"EntryPoint\",\"urlTemplate\":\"https:\/\/www.slt.vr.it\/de\/?s={search_term_string}\"},\"query-input\":\"required name=search_term_string\"}],\"inLanguage\":\"de\"},{\"@type\":\"Organization\",\"@id\":\"https:\/\/www.slt.vr.it\/de\/#organization\",\"name\":\"SLT Strategy Legal Tax\",\"url\":\"https:\/\/www.slt.vr.it\/de\/\",\"logo\":{\"@type\":\"ImageObject\",\"inLanguage\":\"de\",\"@id\":\"https:\/\/www.slt.vr.it\/de\/#\/schema\/logo\/image\/\",\"url\":\"https:\/\/www.slt.vr.it\/wp-content\/uploads\/2015\/10\/SLT-Strategy-Legal-Tax.jpg\",\"contentUrl\":\"https:\/\/www.slt.vr.it\/wp-content\/uploads\/2015\/10\/SLT-Strategy-Legal-Tax.jpg\",\"width\":372,\"height\":336,\"caption\":\"SLT Strategy Legal Tax\"},\"image\":{\"@id\":\"https:\/\/www.slt.vr.it\/de\/#\/schema\/logo\/image\/\"}}]}<\/script>\n<!-- \/ Yoast SEO plugin. -->","yoast_head_json":{"title":"Michele Ceradini - SLT Strategy Legal Tax","description":"Michele Ceradini besch\u00e4ftigt sich mit Strategien, Richtlinien und koordiniert die Arbeitsgruppe innerhalb der SLT.","robots":{"index":"index","follow":"follow","max-snippet":"max-snippet:-1","max-image-preview":"max-image-preview:large","max-video-preview":"max-video-preview:-1"},"canonical":"https:\/\/www.slt.vr.it\/de\/fachleute\/michele-ceradini\/","og_locale":"de_DE","og_type":"article","og_title":"Michele Ceradini - SLT Strategy Legal Tax","og_description":"Michele Ceradini besch\u00e4ftigt sich mit Strategien, Richtlinien und koordiniert die Arbeitsgruppe innerhalb der SLT.","og_url":"https:\/\/www.slt.vr.it\/de\/fachleute\/michele-ceradini\/","og_site_name":"SLT Strategy Legal Tax","article_modified_time":"2026-02-06T15:20:30+00:00","twitter_card":"summary_large_image","twitter_misc":{"Gesch\u00e4tzte Lesezeit":"1\u00a0Minute"},"schema":{"@context":"https:\/\/schema.org","@graph":[{"@type":"WebPage","@id":"https:\/\/www.slt.vr.it\/de\/fachleute\/michele-ceradini\/","url":"https:\/\/www.slt.vr.it\/de\/fachleute\/michele-ceradini\/","name":"Michele Ceradini - SLT Strategy Legal Tax","isPartOf":{"@id":"https:\/\/www.slt.vr.it\/de\/#website"},"datePublished":"2026-02-06T15:19:55+00:00","dateModified":"2026-02-06T15:20:30+00:00","description":"Michele Ceradini besch\u00e4ftigt sich mit Strategien, Richtlinien und koordiniert die Arbeitsgruppe innerhalb der SLT.","breadcrumb":{"@id":"https:\/\/www.slt.vr.it\/de\/fachleute\/michele-ceradini\/#breadcrumb"},"inLanguage":"de","potentialAction":[{"@type":"ReadAction","target":["https:\/\/www.slt.vr.it\/de\/fachleute\/michele-ceradini\/"]}]},{"@type":"BreadcrumbList","@id":"https:\/\/www.slt.vr.it\/de\/fachleute\/michele-ceradini\/#breadcrumb","itemListElement":[{"@type":"ListItem","position":1,"name":"Home","item":"https:\/\/www.slt.vr.it\/de\/"},{"@type":"ListItem","position":2,"name":"Fachleute","item":"https:\/\/www.slt.vr.it\/de\/fachleute\/"},{"@type":"ListItem","position":3,"name":"Michele Ceradini"}]},{"@type":"WebSite","@id":"https:\/\/www.slt.vr.it\/de\/#website","url":"https:\/\/www.slt.vr.it\/de\/","name":"SLT Strategy Legal Tax","description":"","publisher":{"@id":"https:\/\/www.slt.vr.it\/de\/#organization"},"potentialAction":[{"@type":"SearchAction","target":{"@type":"EntryPoint","urlTemplate":"https:\/\/www.slt.vr.it\/de\/?s={search_term_string}"},"query-input":"required name=search_term_string"}],"inLanguage":"de"},{"@type":"Organization","@id":"https:\/\/www.slt.vr.it\/de\/#organization","name":"SLT Strategy Legal Tax","url":"https:\/\/www.slt.vr.it\/de\/","logo":{"@type":"ImageObject","inLanguage":"de","@id":"https:\/\/www.slt.vr.it\/de\/#\/schema\/logo\/image\/","url":"https:\/\/www.slt.vr.it\/wp-content\/uploads\/2015\/10\/SLT-Strategy-Legal-Tax.jpg","contentUrl":"https:\/\/www.slt.vr.it\/wp-content\/uploads\/2015\/10\/SLT-Strategy-Legal-Tax.jpg","width":372,"height":336,"caption":"SLT Strategy Legal Tax"},"image":{"@id":"https:\/\/www.slt.vr.it\/de\/#\/schema\/logo\/image\/"}}]}},"_links":{"self":[{"href":"https:\/\/www.slt.vr.it\/de\/wp-json\/wp\/v2\/pages\/879751"}],"collection":[{"href":"https:\/\/www.slt.vr.it\/de\/wp-json\/wp\/v2\/pages"}],"about":[{"href":"https:\/\/www.slt.vr.it\/de\/wp-json\/wp\/v2\/types\/page"}],"author":[{"embeddable":true,"href":"https:\/\/www.slt.vr.it\/de\/wp-json\/wp\/v2\/users\/54"}],"replies":[{"embeddable":true,"href":"https:\/\/www.slt.vr.it\/de\/wp-json\/wp\/v2\/comments?post=879751"}],"version-history":[{"count":6,"href":"https:\/\/www.slt.vr.it\/de\/wp-json\/wp\/v2\/pages\/879751\/revisions"}],"predecessor-version":[{"id":884793,"href":"https:\/\/www.slt.vr.it\/de\/wp-json\/wp\/v2\/pages\/879751\/revisions\/884793"}],"up":[{"embeddable":true,"href":"https:\/\/www.slt.vr.it\/de\/wp-json\/wp\/v2\/pages\/862131"}],"wp:attachment":[{"href":"https:\/\/www.slt.vr.it\/de\/wp-json\/wp\/v2\/media?parent=879751"}],"curies":[{"name":"wp","href":"https:\/\/api.w.org\/{rel}","templated":true}]}}