{"id":877663,"date":"2021-05-25T14:31:34","date_gmt":"2021-05-25T12:31:34","guid":{"rendered":"https:\/\/www.slt.vr.it\/?page_id=877663"},"modified":"2022-04-14T10:15:52","modified_gmt":"2022-04-14T08:15:52","slug":"claudia-marini","status":"publish","type":"page","link":"https:\/\/www.slt.vr.it\/de\/fachleute\/claudia-marini\/","title":{"rendered":"Claudia Marini"},"content":{"rendered":"<div  class='flex_column av-66enmarm-d389af27c24895568b4ca095067eb3ff av_one_half  avia-builder-el-0  el_before_av_one_half  avia-builder-el-first  first flex_column_div  '     ><style type=\"text\/css\" data-created_by=\"avia_inline_auto\" id=\"style-css-av-kp112ngr-9f40090599989da0740fa0e10e96ee31\">\n.avia-image-container.av-kp112ngr-9f40090599989da0740fa0e10e96ee31 img.avia_image{\nbox-shadow:none;\n}\n.avia-image-container.av-kp112ngr-9f40090599989da0740fa0e10e96ee31 .av-image-caption-overlay-center{\ncolor:#ffffff;\n}\n<\/style>\n<div  class='avia-image-container av-kp112ngr-9f40090599989da0740fa0e10e96ee31 av-styling- avia-align-center  avia-builder-el-1  avia-builder-el-no-sibling '   itemprop=\"image\" itemscope=\"itemscope\" itemtype=\"https:\/\/schema.org\/ImageObject\" ><div class=\"avia-image-container-inner\"><div class=\"avia-image-overlay-wrap\"><img decoding=\"async\" fetchpriority=\"high\" class='wp-image-862151 avia-img-lazy-loading-not-862151 avia_image ' src=\"https:\/\/www.slt.vr.it\/wp-content\/uploads\/2018\/10\/claudia-marini-688x1030.jpg\" alt='Claudia Marini' title='claudia-marini'  height=\"1030\" width=\"688\"  itemprop=\"thumbnailUrl\" srcset=\"https:\/\/www.slt.vr.it\/wp-content\/uploads\/2018\/10\/claudia-marini-688x1030.jpg 688w, https:\/\/www.slt.vr.it\/wp-content\/uploads\/2018\/10\/claudia-marini-200x300.jpg 200w, https:\/\/www.slt.vr.it\/wp-content\/uploads\/2018\/10\/claudia-marini-768x1150.jpg 768w, https:\/\/www.slt.vr.it\/wp-content\/uploads\/2018\/10\/claudia-marini-471x705.jpg 471w, https:\/\/www.slt.vr.it\/wp-content\/uploads\/2018\/10\/claudia-marini-450x674.jpg 450w, https:\/\/www.slt.vr.it\/wp-content\/uploads\/2018\/10\/claudia-marini.jpg 1000w\" sizes=\"(max-width: 688px) 100vw, 688px\" \/><\/div><\/div><\/div><\/div>\n<div  class='flex_column av-5joigigy-53720a8da8cd3bc5e4e995a412567cda av_one_half  avia-builder-el-2  el_after_av_one_half  avia-builder-el-last  flex_column_div  '     ><p>\n<style type=\"text\/css\" data-created_by=\"avia_inline_auto\" id=\"style-css-av-kp40jmgo-a310308e0de725cc8abca4c292202f67\">\n#top .av-special-heading.av-kp40jmgo-a310308e0de725cc8abca4c292202f67{\npadding-bottom:10px;\n}\nbody .av-special-heading.av-kp40jmgo-a310308e0de725cc8abca4c292202f67 .av-special-heading-tag .heading-char{\nfont-size:25px;\n}\n.av-special-heading.av-kp40jmgo-a310308e0de725cc8abca4c292202f67 .av-subheading{\nfont-size:10px;\n}\n<\/style>\n<div  class='av-special-heading av-kp40jmgo-a310308e0de725cc8abca4c292202f67 av-special-heading-h3 meta-heading blockquote modern-quote  avia-builder-el-3  el_before_av_textblock  avia-builder-el-first '><h3 class='av-special-heading-tag'  itemprop=\"headline\"  >Claudia Marini<\/h3><div class='av-subheading av-subheading_below'><p>Juristischer Beruf<\/p>\n<\/div><div class=\"special-heading-border\"><div class=\"special-heading-inner-border\"><\/div><\/div><\/div><br \/>\n<section  class='av_textblock_section av-5clglj42-c28a938d1d2b7be20b7ae53b7d31394d '   itemscope=\"itemscope\" itemtype=\"https:\/\/schema.org\/CreativeWork\" ><div class='avia_textblock'  itemprop=\"text\" ><p>Rechtsanwalt, der im Sonderregister der Rechtsanw\u00e4lte eingetragen ist, die zur Prozesskostenhilfe vor dem Kassationsgerichtshof und anderen h\u00f6heren Gerichtsbarkeiten zugelassen sind.<\/p>\n<p>Sie haben Ihre Berufserfahrung im Kontext unterschiedlicher Arbeitswelten gesammelt und sind seit mehr als zehn Jahren in der Kanzlei t\u00e4tig.<\/p>\n<p>Sie haben besondere F\u00e4higkeiten im Familienrecht entwickelt, in der Konfliktl\u00f6sung zwischen Ehegatten und Lebenspartnern mehr uxorio, durch die Betreuung von Zivilsachen und die Ausarbeitung von unterst\u00fctzten Verhandlungsvereinbarungen in Bezug auf Trennungen, Scheidungen, \u00c4nderungen der Bedingungen f\u00fcr Trennung und Scheidung, Verlust der elterlichen Verantwortung, Anerkennung der Vaterschaft und andere Ma\u00dfnahmen im Bereich des Jugendrechts.<\/p>\n<p>Sie wirken auch in der Betreuungsverwaltung und in Verfahren der freiwilligen Gerichtsbarkeit mit.<\/p>\n<p>Sie ist Mitglied der ONDIF-Sektion (Nationales Observatorium f\u00fcr Familienrecht) von Verona, durch die sie sich um die Aktualisierung und Vertiefung des Themas k\u00fcmmert.<\/p>\n<p>Sie befassen sich auch mit der au\u00dfervertraglichen und der Unfallhaftung.<\/p>\n<h4><\/h4>\n<\/div><\/section><br \/>\n\n<style type=\"text\/css\" data-created_by=\"avia_inline_auto\" id=\"style-css-av-krib59wp-a7814183137e82ca70dba961c3ede128\">\n#top .av-special-heading.av-krib59wp-a7814183137e82ca70dba961c3ede128{\npadding-bottom:10px;\n}\nbody .av-special-heading.av-krib59wp-a7814183137e82ca70dba961c3ede128 .av-special-heading-tag .heading-char{\nfont-size:25px;\n}\n.av-special-heading.av-krib59wp-a7814183137e82ca70dba961c3ede128 .av-subheading{\nfont-size:10px;\n}\n<\/style>\n<div  class='av-special-heading av-krib59wp-a7814183137e82ca70dba961c3ede128 av-special-heading-h3 meta-heading  avia-builder-el-5  el_after_av_textblock  el_before_av_button  av-linked-heading'><h3 class='av-special-heading-tag'  itemprop=\"headline\"  >Hauptsitz<\/h3><div class=\"special-heading-border\"><div class=\"special-heading-inner-border\"><\/div><\/div><\/div><br \/>\n<div  class='avia-button-wrap av-krib5u2j-a22366f758e5eaf40137566c8e8c8e24-wrap avia-button-left  avia-builder-el-6  el_after_av_heading  avia-builder-el-last '>\n<style type=\"text\/css\" data-created_by=\"avia_inline_auto\" id=\"style-css-av-krib5u2j-a22366f758e5eaf40137566c8e8c8e24\">\n#top #wrap_all .avia-button.av-krib5u2j-a22366f758e5eaf40137566c8e8c8e24{\nborder-style:none;\ntransition:all 0.4s ease-in-out;\n}\n<\/style>\n<a href=''  class='avia-button av-krib5u2j-a22366f758e5eaf40137566c8e8c8e24 avia-icon_select-yes-left-icon avia-size-small avia-position-left avia-color-theme-color'  ><span class='avia_button_icon avia_button_icon_left' aria-hidden='true' data-av_icon='\ue8bb' data-av_iconfont='entypo-fontello'><\/span><span class='avia_iconbox_title' >Verona<\/span><\/a><\/div><\/p><\/div>\n","protected":false},"excerpt":{"rendered":"","protected":false},"author":54,"featured_media":0,"parent":862131,"menu_order":0,"comment_status":"open","ping_status":"closed","template":"","meta":{"footnotes":"","iawp_total_views":27},"yoast_head":"<!-- This site is optimized with the Yoast SEO plugin v22.3 - https:\/\/yoast.com\/wordpress\/plugins\/seo\/ -->\n<title>Claudia Marini - SLT Strategy Legal Tax<\/title>\n<meta name=\"robots\" content=\"index, follow, max-snippet:-1, max-image-preview:large, max-video-preview:-1\" \/>\n<link rel=\"canonical\" href=\"https:\/\/www.slt.vr.it\/de\/fachleute\/claudia-marini\/\" \/>\n<meta property=\"og:locale\" content=\"de_DE\" \/>\n<meta property=\"og:type\" content=\"article\" \/>\n<meta property=\"og:title\" content=\"Claudia Marini - SLT Strategy Legal Tax\" \/>\n<meta property=\"og:url\" content=\"https:\/\/www.slt.vr.it\/de\/fachleute\/claudia-marini\/\" \/>\n<meta property=\"og:site_name\" content=\"SLT Strategy Legal Tax\" \/>\n<meta property=\"article:modified_time\" content=\"2022-04-14T08:15:52+00:00\" \/>\n<meta name=\"twitter:card\" content=\"summary_large_image\" \/>\n<meta name=\"twitter:label1\" content=\"Gesch\u00e4tzte Lesezeit\" \/>\n\t<meta name=\"twitter:data1\" content=\"2\u00a0Minuten\" \/>\n<script type=\"application\/ld+json\" class=\"yoast-schema-graph\">{\"@context\":\"https:\/\/schema.org\",\"@graph\":[{\"@type\":\"WebPage\",\"@id\":\"https:\/\/www.slt.vr.it\/de\/fachleute\/claudia-marini\/\",\"url\":\"https:\/\/www.slt.vr.it\/de\/fachleute\/claudia-marini\/\",\"name\":\"Claudia Marini - SLT Strategy Legal Tax\",\"isPartOf\":{\"@id\":\"https:\/\/www.slt.vr.it\/de\/#website\"},\"datePublished\":\"2021-05-25T12:31:34+00:00\",\"dateModified\":\"2022-04-14T08:15:52+00:00\",\"breadcrumb\":{\"@id\":\"https:\/\/www.slt.vr.it\/de\/fachleute\/claudia-marini\/#breadcrumb\"},\"inLanguage\":\"de\",\"potentialAction\":[{\"@type\":\"ReadAction\",\"target\":[\"https:\/\/www.slt.vr.it\/de\/fachleute\/claudia-marini\/\"]}]},{\"@type\":\"BreadcrumbList\",\"@id\":\"https:\/\/www.slt.vr.it\/de\/fachleute\/claudia-marini\/#breadcrumb\",\"itemListElement\":[{\"@type\":\"ListItem\",\"position\":1,\"name\":\"Home\",\"item\":\"https:\/\/www.slt.vr.it\/de\/\"},{\"@type\":\"ListItem\",\"position\":2,\"name\":\"Fachleute\",\"item\":\"https:\/\/www.slt.vr.it\/de\/fachleute\/\"},{\"@type\":\"ListItem\",\"position\":3,\"name\":\"Claudia Marini\"}]},{\"@type\":\"WebSite\",\"@id\":\"https:\/\/www.slt.vr.it\/de\/#website\",\"url\":\"https:\/\/www.slt.vr.it\/de\/\",\"name\":\"SLT Strategy Legal Tax\",\"description\":\"\",\"publisher\":{\"@id\":\"https:\/\/www.slt.vr.it\/de\/#organization\"},\"potentialAction\":[{\"@type\":\"SearchAction\",\"target\":{\"@type\":\"EntryPoint\",\"urlTemplate\":\"https:\/\/www.slt.vr.it\/de\/?s={search_term_string}\"},\"query-input\":\"required name=search_term_string\"}],\"inLanguage\":\"de\"},{\"@type\":\"Organization\",\"@id\":\"https:\/\/www.slt.vr.it\/de\/#organization\",\"name\":\"SLT Strategy Legal Tax\",\"url\":\"https:\/\/www.slt.vr.it\/de\/\",\"logo\":{\"@type\":\"ImageObject\",\"inLanguage\":\"de\",\"@id\":\"https:\/\/www.slt.vr.it\/de\/#\/schema\/logo\/image\/\",\"url\":\"https:\/\/www.slt.vr.it\/wp-content\/uploads\/2015\/10\/SLT-Strategy-Legal-Tax.jpg\",\"contentUrl\":\"https:\/\/www.slt.vr.it\/wp-content\/uploads\/2015\/10\/SLT-Strategy-Legal-Tax.jpg\",\"width\":372,\"height\":336,\"caption\":\"SLT Strategy Legal Tax\"},\"image\":{\"@id\":\"https:\/\/www.slt.vr.it\/de\/#\/schema\/logo\/image\/\"}}]}<\/script>\n<!-- \/ Yoast SEO plugin. -->","yoast_head_json":{"title":"Claudia Marini - SLT Strategy Legal Tax","robots":{"index":"index","follow":"follow","max-snippet":"max-snippet:-1","max-image-preview":"max-image-preview:large","max-video-preview":"max-video-preview:-1"},"canonical":"https:\/\/www.slt.vr.it\/de\/fachleute\/claudia-marini\/","og_locale":"de_DE","og_type":"article","og_title":"Claudia Marini - SLT Strategy Legal Tax","og_url":"https:\/\/www.slt.vr.it\/de\/fachleute\/claudia-marini\/","og_site_name":"SLT Strategy Legal Tax","article_modified_time":"2022-04-14T08:15:52+00:00","twitter_card":"summary_large_image","twitter_misc":{"Gesch\u00e4tzte Lesezeit":"2\u00a0Minuten"},"schema":{"@context":"https:\/\/schema.org","@graph":[{"@type":"WebPage","@id":"https:\/\/www.slt.vr.it\/de\/fachleute\/claudia-marini\/","url":"https:\/\/www.slt.vr.it\/de\/fachleute\/claudia-marini\/","name":"Claudia Marini - SLT Strategy Legal Tax","isPartOf":{"@id":"https:\/\/www.slt.vr.it\/de\/#website"},"datePublished":"2021-05-25T12:31:34+00:00","dateModified":"2022-04-14T08:15:52+00:00","breadcrumb":{"@id":"https:\/\/www.slt.vr.it\/de\/fachleute\/claudia-marini\/#breadcrumb"},"inLanguage":"de","potentialAction":[{"@type":"ReadAction","target":["https:\/\/www.slt.vr.it\/de\/fachleute\/claudia-marini\/"]}]},{"@type":"BreadcrumbList","@id":"https:\/\/www.slt.vr.it\/de\/fachleute\/claudia-marini\/#breadcrumb","itemListElement":[{"@type":"ListItem","position":1,"name":"Home","item":"https:\/\/www.slt.vr.it\/de\/"},{"@type":"ListItem","position":2,"name":"Fachleute","item":"https:\/\/www.slt.vr.it\/de\/fachleute\/"},{"@type":"ListItem","position":3,"name":"Claudia Marini"}]},{"@type":"WebSite","@id":"https:\/\/www.slt.vr.it\/de\/#website","url":"https:\/\/www.slt.vr.it\/de\/","name":"SLT Strategy Legal Tax","description":"","publisher":{"@id":"https:\/\/www.slt.vr.it\/de\/#organization"},"potentialAction":[{"@type":"SearchAction","target":{"@type":"EntryPoint","urlTemplate":"https:\/\/www.slt.vr.it\/de\/?s={search_term_string}"},"query-input":"required name=search_term_string"}],"inLanguage":"de"},{"@type":"Organization","@id":"https:\/\/www.slt.vr.it\/de\/#organization","name":"SLT Strategy Legal Tax","url":"https:\/\/www.slt.vr.it\/de\/","logo":{"@type":"ImageObject","inLanguage":"de","@id":"https:\/\/www.slt.vr.it\/de\/#\/schema\/logo\/image\/","url":"https:\/\/www.slt.vr.it\/wp-content\/uploads\/2015\/10\/SLT-Strategy-Legal-Tax.jpg","contentUrl":"https:\/\/www.slt.vr.it\/wp-content\/uploads\/2015\/10\/SLT-Strategy-Legal-Tax.jpg","width":372,"height":336,"caption":"SLT Strategy Legal Tax"},"image":{"@id":"https:\/\/www.slt.vr.it\/de\/#\/schema\/logo\/image\/"}}]}},"_links":{"self":[{"href":"https:\/\/www.slt.vr.it\/de\/wp-json\/wp\/v2\/pages\/877663"}],"collection":[{"href":"https:\/\/www.slt.vr.it\/de\/wp-json\/wp\/v2\/pages"}],"about":[{"href":"https:\/\/www.slt.vr.it\/de\/wp-json\/wp\/v2\/types\/page"}],"author":[{"embeddable":true,"href":"https:\/\/www.slt.vr.it\/de\/wp-json\/wp\/v2\/users\/54"}],"replies":[{"embeddable":true,"href":"https:\/\/www.slt.vr.it\/de\/wp-json\/wp\/v2\/comments?post=877663"}],"version-history":[{"count":5,"href":"https:\/\/www.slt.vr.it\/de\/wp-json\/wp\/v2\/pages\/877663\/revisions"}],"predecessor-version":[{"id":882473,"href":"https:\/\/www.slt.vr.it\/de\/wp-json\/wp\/v2\/pages\/877663\/revisions\/882473"}],"up":[{"embeddable":true,"href":"https:\/\/www.slt.vr.it\/de\/wp-json\/wp\/v2\/pages\/862131"}],"wp:attachment":[{"href":"https:\/\/www.slt.vr.it\/de\/wp-json\/wp\/v2\/media?parent=877663"}],"curies":[{"name":"wp","href":"https:\/\/api.w.org\/{rel}","templated":true}]}}