{"id":877616,"date":"2021-05-25T13:52:04","date_gmt":"2021-05-25T11:52:04","guid":{"rendered":"https:\/\/www.slt.vr.it\/?page_id=877616"},"modified":"2021-07-24T23:39:13","modified_gmt":"2021-07-24T21:39:13","slug":"ingrid-hager","status":"publish","type":"page","link":"https:\/\/www.slt.vr.it\/de\/fachleute\/ingrid-hager\/","title":{"rendered":"Ingrid Hager"},"content":{"rendered":"<div  class='flex_column av-66enmarm-d389af27c24895568b4ca095067eb3ff av_one_half  avia-builder-el-0  el_before_av_one_half  avia-builder-el-first  first flex_column_div  '     ><style type=\"text\/css\" data-created_by=\"avia_inline_auto\" id=\"style-css-av-kp112ngr-356cbbe0d6ba8f53db056ad7898c9141\">\n.avia-image-container.av-kp112ngr-356cbbe0d6ba8f53db056ad7898c9141 img.avia_image{\nbox-shadow:none;\n}\n.avia-image-container.av-kp112ngr-356cbbe0d6ba8f53db056ad7898c9141 .av-image-caption-overlay-center{\ncolor:#ffffff;\n}\n<\/style>\n<div  class='avia-image-container av-kp112ngr-356cbbe0d6ba8f53db056ad7898c9141 av-styling- avia-align-center  avia-builder-el-1  avia-builder-el-no-sibling '   itemprop=\"image\" itemscope=\"itemscope\" itemtype=\"https:\/\/schema.org\/ImageObject\" ><div class=\"avia-image-container-inner\"><div class=\"avia-image-overlay-wrap\"><img decoding=\"async\" fetchpriority=\"high\" class='wp-image-862150 avia-img-lazy-loading-not-862150 avia_image ' src=\"https:\/\/www.slt.vr.it\/wp-content\/uploads\/2018\/10\/ingrid-hager-688x1030.jpg\" alt='Ingrid Hager' title='ingrid-hager'  height=\"1030\" width=\"688\"  itemprop=\"thumbnailUrl\" srcset=\"https:\/\/www.slt.vr.it\/wp-content\/uploads\/2018\/10\/ingrid-hager-688x1030.jpg 688w, https:\/\/www.slt.vr.it\/wp-content\/uploads\/2018\/10\/ingrid-hager-200x300.jpg 200w, https:\/\/www.slt.vr.it\/wp-content\/uploads\/2018\/10\/ingrid-hager-768x1150.jpg 768w, https:\/\/www.slt.vr.it\/wp-content\/uploads\/2018\/10\/ingrid-hager-471x705.jpg 471w, https:\/\/www.slt.vr.it\/wp-content\/uploads\/2018\/10\/ingrid-hager-450x674.jpg 450w, https:\/\/www.slt.vr.it\/wp-content\/uploads\/2018\/10\/ingrid-hager.jpg 1000w\" sizes=\"(max-width: 688px) 100vw, 688px\" \/><\/div><\/div><\/div><\/div>\n<div  class='flex_column av-5joigigy-53720a8da8cd3bc5e4e995a412567cda av_one_half  avia-builder-el-2  el_after_av_one_half  avia-builder-el-last  flex_column_div  '     ><p>\n<style type=\"text\/css\" data-created_by=\"avia_inline_auto\" id=\"style-css-av-kp3z92nz-97bf5c53f576fcd48f6eda6b06c2391f\">\n#top .av-special-heading.av-kp3z92nz-97bf5c53f576fcd48f6eda6b06c2391f{\npadding-bottom:10px;\n}\nbody .av-special-heading.av-kp3z92nz-97bf5c53f576fcd48f6eda6b06c2391f .av-special-heading-tag .heading-char{\nfont-size:25px;\n}\n.av-special-heading.av-kp3z92nz-97bf5c53f576fcd48f6eda6b06c2391f .av-subheading{\nfont-size:10px;\n}\n<\/style>\n<div  class='av-special-heading av-kp3z92nz-97bf5c53f576fcd48f6eda6b06c2391f av-special-heading-h3 meta-heading blockquote modern-quote  avia-builder-el-3  el_before_av_textblock  avia-builder-el-first '><h3 class='av-special-heading-tag'  itemprop=\"headline\"  >Ingrid Hager<\/h3><div class='av-subheading av-subheading_below'><p>Juristischer Beruf<\/p>\n<\/div><div class=\"special-heading-border\"><div class=\"special-heading-inner-border\"><\/div><\/div><\/div><br \/>\n<section  class='av_textblock_section av-5clglj42-e6f7aec099a3d06fd44455ba6d335ae8 '   itemscope=\"itemscope\" itemtype=\"https:\/\/schema.org\/CreativeWork\" ><div class='avia_textblock'  itemprop=\"text\" ><p>Rechtsanw\u00e4ltin, hat sie ihre F\u00e4higkeiten durch eine mehrj\u00e4hrige Zusammenarbeit mit der Kanzlei seit 2003 gereift. Sie befasst sich haupts\u00e4chlich mit dem Arbeitsrecht, insbesondere mit der Behandlung von Fragen im Zusammenhang mit der Beendigung von Arbeitsverh\u00e4ltnissen, gewerkschaftlichen Verhandlungen im Rahmen von Massenentlassungsverfahren und der Aktivierung von Sozialversicherungen, sowie mit Fragen im Zusammenhang mit Schadensersatz wegen falscher Qualifikation, Degradierung und Mobbing.<\/p>\n<p>Dar\u00fcber hinaus hat sie spezifische Kenntnisse auf dem Gebiet des Zivilrechts, des Handelsrechts und der Verwaltung von Insolvenzverfahren entwickelt und die Themen durch die Teilnahme an Seminaren vertieft.<\/p>\n<h4><\/h4>\n<\/div><\/section><br \/>\n\n<style type=\"text\/css\" data-created_by=\"avia_inline_auto\" id=\"style-css-av-kriao82a-3556540b56e8fbbf2b33ac331848b6f0\">\n#top .av-special-heading.av-kriao82a-3556540b56e8fbbf2b33ac331848b6f0{\npadding-bottom:10px;\n}\nbody .av-special-heading.av-kriao82a-3556540b56e8fbbf2b33ac331848b6f0 .av-special-heading-tag .heading-char{\nfont-size:25px;\n}\n.av-special-heading.av-kriao82a-3556540b56e8fbbf2b33ac331848b6f0 .av-subheading{\nfont-size:10px;\n}\n<\/style>\n<div  class='av-special-heading av-kriao82a-3556540b56e8fbbf2b33ac331848b6f0 av-special-heading-h3 meta-heading  avia-builder-el-5  el_after_av_textblock  el_before_av_button  av-linked-heading'><h3 class='av-special-heading-tag'  itemprop=\"headline\"  >Hauptsitz<\/h3><div class=\"special-heading-border\"><div class=\"special-heading-inner-border\"><\/div><\/div><\/div><br \/>\n<div  class='avia-button-wrap av-kriaorqg-9c43de701cd9f51994a2c09cce22f115-wrap avia-button-left  avia-builder-el-6  el_after_av_heading  avia-builder-el-last '>\n<style type=\"text\/css\" data-created_by=\"avia_inline_auto\" id=\"style-css-av-kriaorqg-9c43de701cd9f51994a2c09cce22f115\">\n#top #wrap_all .avia-button.av-kriaorqg-9c43de701cd9f51994a2c09cce22f115{\nborder-style:none;\ntransition:all 0.4s ease-in-out;\n}\n<\/style>\n<a href=''  class='avia-button av-kriaorqg-9c43de701cd9f51994a2c09cce22f115 avia-icon_select-yes-left-icon avia-size-small avia-position-left avia-color-theme-color'  ><span class='avia_button_icon avia_button_icon_left' aria-hidden='true' data-av_icon='\ue8bb' data-av_iconfont='entypo-fontello'><\/span><span class='avia_iconbox_title' >Verona<\/span><\/a><\/div><\/p><\/div>\n","protected":false},"excerpt":{"rendered":"","protected":false},"author":54,"featured_media":0,"parent":862131,"menu_order":0,"comment_status":"open","ping_status":"closed","template":"","meta":{"footnotes":"","iawp_total_views":34},"yoast_head":"<!-- This site is optimized with the Yoast SEO plugin v22.3 - https:\/\/yoast.com\/wordpress\/plugins\/seo\/ -->\n<title>Ingrid Hager - SLT Strategy Legal Tax<\/title>\n<meta name=\"robots\" content=\"index, follow, max-snippet:-1, max-image-preview:large, max-video-preview:-1\" \/>\n<link rel=\"canonical\" href=\"https:\/\/www.slt.vr.it\/de\/fachleute\/ingrid-hager\/\" \/>\n<meta property=\"og:locale\" content=\"de_DE\" \/>\n<meta property=\"og:type\" content=\"article\" \/>\n<meta property=\"og:title\" content=\"Ingrid Hager - SLT Strategy Legal Tax\" \/>\n<meta property=\"og:url\" content=\"https:\/\/www.slt.vr.it\/de\/fachleute\/ingrid-hager\/\" \/>\n<meta property=\"og:site_name\" content=\"SLT Strategy Legal Tax\" \/>\n<meta property=\"article:modified_time\" content=\"2021-07-24T21:39:13+00:00\" \/>\n<meta name=\"twitter:card\" content=\"summary_large_image\" \/>\n<meta name=\"twitter:label1\" content=\"Gesch\u00e4tzte Lesezeit\" \/>\n\t<meta name=\"twitter:data1\" content=\"2\u00a0Minuten\" \/>\n<script type=\"application\/ld+json\" class=\"yoast-schema-graph\">{\"@context\":\"https:\/\/schema.org\",\"@graph\":[{\"@type\":\"WebPage\",\"@id\":\"https:\/\/www.slt.vr.it\/de\/fachleute\/ingrid-hager\/\",\"url\":\"https:\/\/www.slt.vr.it\/de\/fachleute\/ingrid-hager\/\",\"name\":\"Ingrid Hager - SLT Strategy Legal Tax\",\"isPartOf\":{\"@id\":\"https:\/\/www.slt.vr.it\/de\/#website\"},\"datePublished\":\"2021-05-25T11:52:04+00:00\",\"dateModified\":\"2021-07-24T21:39:13+00:00\",\"breadcrumb\":{\"@id\":\"https:\/\/www.slt.vr.it\/de\/fachleute\/ingrid-hager\/#breadcrumb\"},\"inLanguage\":\"de\",\"potentialAction\":[{\"@type\":\"ReadAction\",\"target\":[\"https:\/\/www.slt.vr.it\/de\/fachleute\/ingrid-hager\/\"]}]},{\"@type\":\"BreadcrumbList\",\"@id\":\"https:\/\/www.slt.vr.it\/de\/fachleute\/ingrid-hager\/#breadcrumb\",\"itemListElement\":[{\"@type\":\"ListItem\",\"position\":1,\"name\":\"Home\",\"item\":\"https:\/\/www.slt.vr.it\/de\/\"},{\"@type\":\"ListItem\",\"position\":2,\"name\":\"Fachleute\",\"item\":\"https:\/\/www.slt.vr.it\/de\/fachleute\/\"},{\"@type\":\"ListItem\",\"position\":3,\"name\":\"Ingrid Hager\"}]},{\"@type\":\"WebSite\",\"@id\":\"https:\/\/www.slt.vr.it\/de\/#website\",\"url\":\"https:\/\/www.slt.vr.it\/de\/\",\"name\":\"SLT Strategy Legal Tax\",\"description\":\"\",\"publisher\":{\"@id\":\"https:\/\/www.slt.vr.it\/de\/#organization\"},\"potentialAction\":[{\"@type\":\"SearchAction\",\"target\":{\"@type\":\"EntryPoint\",\"urlTemplate\":\"https:\/\/www.slt.vr.it\/de\/?s={search_term_string}\"},\"query-input\":\"required name=search_term_string\"}],\"inLanguage\":\"de\"},{\"@type\":\"Organization\",\"@id\":\"https:\/\/www.slt.vr.it\/de\/#organization\",\"name\":\"SLT Strategy Legal Tax\",\"url\":\"https:\/\/www.slt.vr.it\/de\/\",\"logo\":{\"@type\":\"ImageObject\",\"inLanguage\":\"de\",\"@id\":\"https:\/\/www.slt.vr.it\/de\/#\/schema\/logo\/image\/\",\"url\":\"https:\/\/www.slt.vr.it\/wp-content\/uploads\/2015\/10\/SLT-Strategy-Legal-Tax.jpg\",\"contentUrl\":\"https:\/\/www.slt.vr.it\/wp-content\/uploads\/2015\/10\/SLT-Strategy-Legal-Tax.jpg\",\"width\":372,\"height\":336,\"caption\":\"SLT Strategy Legal Tax\"},\"image\":{\"@id\":\"https:\/\/www.slt.vr.it\/de\/#\/schema\/logo\/image\/\"}}]}<\/script>\n<!-- \/ Yoast SEO plugin. -->","yoast_head_json":{"title":"Ingrid Hager - SLT Strategy Legal Tax","robots":{"index":"index","follow":"follow","max-snippet":"max-snippet:-1","max-image-preview":"max-image-preview:large","max-video-preview":"max-video-preview:-1"},"canonical":"https:\/\/www.slt.vr.it\/de\/fachleute\/ingrid-hager\/","og_locale":"de_DE","og_type":"article","og_title":"Ingrid Hager - SLT Strategy Legal Tax","og_url":"https:\/\/www.slt.vr.it\/de\/fachleute\/ingrid-hager\/","og_site_name":"SLT Strategy Legal Tax","article_modified_time":"2021-07-24T21:39:13+00:00","twitter_card":"summary_large_image","twitter_misc":{"Gesch\u00e4tzte Lesezeit":"2\u00a0Minuten"},"schema":{"@context":"https:\/\/schema.org","@graph":[{"@type":"WebPage","@id":"https:\/\/www.slt.vr.it\/de\/fachleute\/ingrid-hager\/","url":"https:\/\/www.slt.vr.it\/de\/fachleute\/ingrid-hager\/","name":"Ingrid Hager - SLT Strategy Legal Tax","isPartOf":{"@id":"https:\/\/www.slt.vr.it\/de\/#website"},"datePublished":"2021-05-25T11:52:04+00:00","dateModified":"2021-07-24T21:39:13+00:00","breadcrumb":{"@id":"https:\/\/www.slt.vr.it\/de\/fachleute\/ingrid-hager\/#breadcrumb"},"inLanguage":"de","potentialAction":[{"@type":"ReadAction","target":["https:\/\/www.slt.vr.it\/de\/fachleute\/ingrid-hager\/"]}]},{"@type":"BreadcrumbList","@id":"https:\/\/www.slt.vr.it\/de\/fachleute\/ingrid-hager\/#breadcrumb","itemListElement":[{"@type":"ListItem","position":1,"name":"Home","item":"https:\/\/www.slt.vr.it\/de\/"},{"@type":"ListItem","position":2,"name":"Fachleute","item":"https:\/\/www.slt.vr.it\/de\/fachleute\/"},{"@type":"ListItem","position":3,"name":"Ingrid Hager"}]},{"@type":"WebSite","@id":"https:\/\/www.slt.vr.it\/de\/#website","url":"https:\/\/www.slt.vr.it\/de\/","name":"SLT Strategy Legal Tax","description":"","publisher":{"@id":"https:\/\/www.slt.vr.it\/de\/#organization"},"potentialAction":[{"@type":"SearchAction","target":{"@type":"EntryPoint","urlTemplate":"https:\/\/www.slt.vr.it\/de\/?s={search_term_string}"},"query-input":"required name=search_term_string"}],"inLanguage":"de"},{"@type":"Organization","@id":"https:\/\/www.slt.vr.it\/de\/#organization","name":"SLT Strategy Legal Tax","url":"https:\/\/www.slt.vr.it\/de\/","logo":{"@type":"ImageObject","inLanguage":"de","@id":"https:\/\/www.slt.vr.it\/de\/#\/schema\/logo\/image\/","url":"https:\/\/www.slt.vr.it\/wp-content\/uploads\/2015\/10\/SLT-Strategy-Legal-Tax.jpg","contentUrl":"https:\/\/www.slt.vr.it\/wp-content\/uploads\/2015\/10\/SLT-Strategy-Legal-Tax.jpg","width":372,"height":336,"caption":"SLT Strategy Legal Tax"},"image":{"@id":"https:\/\/www.slt.vr.it\/de\/#\/schema\/logo\/image\/"}}]}},"_links":{"self":[{"href":"https:\/\/www.slt.vr.it\/de\/wp-json\/wp\/v2\/pages\/877616"}],"collection":[{"href":"https:\/\/www.slt.vr.it\/de\/wp-json\/wp\/v2\/pages"}],"about":[{"href":"https:\/\/www.slt.vr.it\/de\/wp-json\/wp\/v2\/types\/page"}],"author":[{"embeddable":true,"href":"https:\/\/www.slt.vr.it\/de\/wp-json\/wp\/v2\/users\/54"}],"replies":[{"embeddable":true,"href":"https:\/\/www.slt.vr.it\/de\/wp-json\/wp\/v2\/comments?post=877616"}],"version-history":[{"count":4,"href":"https:\/\/www.slt.vr.it\/de\/wp-json\/wp\/v2\/pages\/877616\/revisions"}],"predecessor-version":[{"id":880621,"href":"https:\/\/www.slt.vr.it\/de\/wp-json\/wp\/v2\/pages\/877616\/revisions\/880621"}],"up":[{"embeddable":true,"href":"https:\/\/www.slt.vr.it\/de\/wp-json\/wp\/v2\/pages\/862131"}],"wp:attachment":[{"href":"https:\/\/www.slt.vr.it\/de\/wp-json\/wp\/v2\/media?parent=877616"}],"curies":[{"name":"wp","href":"https:\/\/api.w.org\/{rel}","templated":true}]}}