{"id":877426,"date":"2021-05-24T10:30:01","date_gmt":"2021-05-24T08:30:01","guid":{"rendered":"https:\/\/www.slt.vr.it\/?page_id=877426"},"modified":"2024-03-26T12:53:18","modified_gmt":"2024-03-26T11:53:18","slug":"alberto-iadanza","status":"publish","type":"page","link":"https:\/\/www.slt.vr.it\/de\/fachleute\/alberto-iadanza\/","title":{"rendered":"Alberto Iadanza"},"content":{"rendered":"<div  class='flex_column av-66enmarm-d389af27c24895568b4ca095067eb3ff av_one_half  avia-builder-el-0  el_before_av_one_half  avia-builder-el-first  first flex_column_div  '     ><style type=\"text\/css\" data-created_by=\"avia_inline_auto\" id=\"style-css-av-kp112ngr-86a777688d81942b361421c127a4124f\">\n.avia-image-container.av-kp112ngr-86a777688d81942b361421c127a4124f img.avia_image{\nbox-shadow:none;\n}\n.avia-image-container.av-kp112ngr-86a777688d81942b361421c127a4124f .av-image-caption-overlay-center{\ncolor:#ffffff;\n}\n<\/style>\n<div  class='avia-image-container av-kp112ngr-86a777688d81942b361421c127a4124f av-styling- avia-align-center  avia-builder-el-1  avia-builder-el-no-sibling '   itemprop=\"image\" itemscope=\"itemscope\" itemtype=\"https:\/\/schema.org\/ImageObject\" ><div class=\"avia-image-container-inner\"><div class=\"avia-image-overlay-wrap\"><img decoding=\"async\" fetchpriority=\"high\" class='wp-image-883793 avia-img-lazy-loading-not-883793 avia_image ' src=\"https:\/\/www.slt.vr.it\/wp-content\/uploads\/2024\/03\/Alberto-Iadanza-avvocato.jpg\" alt='Alberto Iadanza avvocato' title='Alberto-Iadanza-avvocato'  height=\"1500\" width=\"1000\"  itemprop=\"thumbnailUrl\" srcset=\"https:\/\/www.slt.vr.it\/wp-content\/uploads\/2024\/03\/Alberto-Iadanza-avvocato.jpg 1000w, https:\/\/www.slt.vr.it\/wp-content\/uploads\/2024\/03\/Alberto-Iadanza-avvocato-200x300.jpg 200w, https:\/\/www.slt.vr.it\/wp-content\/uploads\/2024\/03\/Alberto-Iadanza-avvocato-687x1030.jpg 687w, https:\/\/www.slt.vr.it\/wp-content\/uploads\/2024\/03\/Alberto-Iadanza-avvocato-768x1152.jpg 768w, https:\/\/www.slt.vr.it\/wp-content\/uploads\/2024\/03\/Alberto-Iadanza-avvocato-470x705.jpg 470w\" sizes=\"(max-width: 1000px) 100vw, 1000px\" \/><\/div><\/div><\/div><\/div><div  class='flex_column av-5joigigy-53720a8da8cd3bc5e4e995a412567cda av_one_half  avia-builder-el-2  el_after_av_one_half  avia-builder-el-last  flex_column_div  '     ><p>\n<style type=\"text\/css\" data-created_by=\"avia_inline_auto\" id=\"style-css-av-av_heading-3afa5c14528497f18921f05db7806576\">\n#top .av-special-heading.av-av_heading-3afa5c14528497f18921f05db7806576{\npadding-bottom:10px;\n}\nbody .av-special-heading.av-av_heading-3afa5c14528497f18921f05db7806576 .av-special-heading-tag .heading-char{\nfont-size:25px;\n}\n.av-special-heading.av-av_heading-3afa5c14528497f18921f05db7806576 .av-subheading{\nfont-size:10px;\n}\n<\/style>\n<div  class='av-special-heading av-av_heading-3afa5c14528497f18921f05db7806576 av-special-heading-h3 meta-heading blockquote modern-quote  avia-builder-el-3  el_before_av_textblock  avia-builder-el-first '><h3 class='av-special-heading-tag'  itemprop=\"headline\"  >Alberto Iadanza<\/h3><div class='av-subheading av-subheading_below'><p>Juristischer Beruf<\/p>\n<\/div><div class=\"special-heading-border\"><div class=\"special-heading-inner-border\"><\/div><\/div><\/div><br \/>\n<section  class='av_textblock_section av-5clglj42-e6f7aec099a3d06fd44455ba6d335ae8 '   itemscope=\"itemscope\" itemtype=\"https:\/\/schema.org\/CreativeWork\" ><div class='avia_textblock'  itemprop=\"text\" ><p>Er ist ehemaliger Offizier der Finanzpolizei und hat als Anwalt in f\u00fchrenden nationalen Kanzleien gearbeitet. Er hat umfangreiche Erfahrung in der Betreuung von Unternehmen in umweltrechtlichen Fragen (Abfall, Wasser, Genehmigungsverfahren), sowohl in der Beratung als auch in Strafverfahren.<\/p>\n<p>Die gleiche T\u00e4tigkeit wird in Bezug auf die Sicherheit am Arbeitsplatz ausge\u00fcbt. Er leistet generell Hilfestellung in Fragen der Unternehmensverantwortung (Delegation von Funktionen, 231 Modelle in Umweltfragen). Erfahrungen in der Ausbildung sammelte er als Dozent in Kursen f\u00fcr technische Leiter von Abfallentsorgungsanlagen, als Referent bei Konferenzen zu Umweltthemen und als Trainer f\u00fcr Kurse zur Sicherheit am Arbeitsplatz.<\/p>\n<p>Er war als Tutor in einigen postgradualen Universit\u00e4ts-Masterstudieng\u00e4ngen t\u00e4tig und h\u00e4lt derzeit monographische Lehrveranstaltungen an Universit\u00e4tsinstituten in den Kompetenzbereichen.<\/p>\n<h4><\/h4>\n<\/div><\/section><br \/>\n\n<style type=\"text\/css\" data-created_by=\"avia_inline_auto\" id=\"style-css-av-krauyhxy-7294403c7ab0167a471f3281b99324b2\">\n#top .av-special-heading.av-krauyhxy-7294403c7ab0167a471f3281b99324b2{\npadding-bottom:15px;\n}\nbody .av-special-heading.av-krauyhxy-7294403c7ab0167a471f3281b99324b2 .av-special-heading-tag .heading-char{\nfont-size:25px;\n}\n.av-special-heading.av-krauyhxy-7294403c7ab0167a471f3281b99324b2 .av-subheading{\nfont-size:10px;\n}\n<\/style>\n<div  class='av-special-heading av-krauyhxy-7294403c7ab0167a471f3281b99324b2 av-special-heading-h3 meta-heading  avia-builder-el-5  el_after_av_textblock  el_before_av_button '><h3 class='av-special-heading-tag'  itemprop=\"headline\"  >Hauptsitz<\/h3><div class=\"special-heading-border\"><div class=\"special-heading-inner-border\"><\/div><\/div><\/div><br \/>\n<div  class='avia-button-wrap av-krauyvix-c73041fca46346676275cbe94f8d6e92-wrap avia-button-left  avia-builder-el-6  el_after_av_heading  el_before_av_button '><a href=''  class='avia-button av-krauyvix-c73041fca46346676275cbe94f8d6e92 avia-icon_select-yes-left-icon avia-size-small avia-position-left avia-color-theme-color'  ><span class='avia_button_icon avia_button_icon_left' aria-hidden='true' data-av_icon='\ue8bb' data-av_iconfont='entypo-fontello'><\/span><span class='avia_iconbox_title' >Verona<\/span><\/a><\/div><br \/>\n<div  class='avia-button-wrap av-krauyvix-f13c9d48a0a702f798bb6c6590f8f979-wrap avia-button-left  avia-builder-el-7  el_after_av_button  avia-builder-el-last '><a href=''  class='avia-button av-krauyvix-f13c9d48a0a702f798bb6c6590f8f979 avia-icon_select-yes-left-icon avia-size-small avia-position-left avia-color-theme-color'  ><span class='avia_button_icon avia_button_icon_left' aria-hidden='true' data-av_icon='\ue8bb' data-av_iconfont='entypo-fontello'><\/span><span class='avia_iconbox_title' >Mailand<\/span><\/a><\/div><\/p><\/div><\/p>\n","protected":false},"excerpt":{"rendered":"","protected":false},"author":54,"featured_media":0,"parent":862131,"menu_order":0,"comment_status":"open","ping_status":"closed","template":"","meta":{"footnotes":"","iawp_total_views":1},"yoast_head":"<!-- This site is optimized with the Yoast SEO plugin v22.3 - https:\/\/yoast.com\/wordpress\/plugins\/seo\/ -->\n<title>Alberto Iadanza - SLT Strategy Legal Tax<\/title>\n<meta name=\"robots\" content=\"index, follow, max-snippet:-1, max-image-preview:large, max-video-preview:-1\" \/>\n<link rel=\"canonical\" href=\"https:\/\/www.slt.vr.it\/de\/fachleute\/alberto-iadanza\/\" \/>\n<meta property=\"og:locale\" content=\"de_DE\" \/>\n<meta property=\"og:type\" content=\"article\" \/>\n<meta property=\"og:title\" content=\"Alberto Iadanza - SLT Strategy Legal Tax\" \/>\n<meta property=\"og:url\" content=\"https:\/\/www.slt.vr.it\/de\/fachleute\/alberto-iadanza\/\" \/>\n<meta property=\"og:site_name\" content=\"SLT Strategy Legal Tax\" \/>\n<meta property=\"article:modified_time\" content=\"2024-03-26T11:53:18+00:00\" \/>\n<meta name=\"twitter:card\" content=\"summary_large_image\" \/>\n<meta name=\"twitter:label1\" content=\"Gesch\u00e4tzte Lesezeit\" \/>\n\t<meta name=\"twitter:data1\" content=\"1\u00a0Minute\" \/>\n<script type=\"application\/ld+json\" class=\"yoast-schema-graph\">{\"@context\":\"https:\/\/schema.org\",\"@graph\":[{\"@type\":\"WebPage\",\"@id\":\"https:\/\/www.slt.vr.it\/de\/fachleute\/alberto-iadanza\/\",\"url\":\"https:\/\/www.slt.vr.it\/de\/fachleute\/alberto-iadanza\/\",\"name\":\"Alberto Iadanza - SLT Strategy Legal Tax\",\"isPartOf\":{\"@id\":\"https:\/\/www.slt.vr.it\/de\/#website\"},\"datePublished\":\"2021-05-24T08:30:01+00:00\",\"dateModified\":\"2024-03-26T11:53:18+00:00\",\"breadcrumb\":{\"@id\":\"https:\/\/www.slt.vr.it\/de\/fachleute\/alberto-iadanza\/#breadcrumb\"},\"inLanguage\":\"de\",\"potentialAction\":[{\"@type\":\"ReadAction\",\"target\":[\"https:\/\/www.slt.vr.it\/de\/fachleute\/alberto-iadanza\/\"]}]},{\"@type\":\"BreadcrumbList\",\"@id\":\"https:\/\/www.slt.vr.it\/de\/fachleute\/alberto-iadanza\/#breadcrumb\",\"itemListElement\":[{\"@type\":\"ListItem\",\"position\":1,\"name\":\"Home\",\"item\":\"https:\/\/www.slt.vr.it\/de\/\"},{\"@type\":\"ListItem\",\"position\":2,\"name\":\"Fachleute\",\"item\":\"https:\/\/www.slt.vr.it\/de\/fachleute\/\"},{\"@type\":\"ListItem\",\"position\":3,\"name\":\"Alberto Iadanza\"}]},{\"@type\":\"WebSite\",\"@id\":\"https:\/\/www.slt.vr.it\/de\/#website\",\"url\":\"https:\/\/www.slt.vr.it\/de\/\",\"name\":\"SLT Strategy Legal Tax\",\"description\":\"\",\"publisher\":{\"@id\":\"https:\/\/www.slt.vr.it\/de\/#organization\"},\"potentialAction\":[{\"@type\":\"SearchAction\",\"target\":{\"@type\":\"EntryPoint\",\"urlTemplate\":\"https:\/\/www.slt.vr.it\/de\/?s={search_term_string}\"},\"query-input\":\"required name=search_term_string\"}],\"inLanguage\":\"de\"},{\"@type\":\"Organization\",\"@id\":\"https:\/\/www.slt.vr.it\/de\/#organization\",\"name\":\"SLT Strategy Legal Tax\",\"url\":\"https:\/\/www.slt.vr.it\/de\/\",\"logo\":{\"@type\":\"ImageObject\",\"inLanguage\":\"de\",\"@id\":\"https:\/\/www.slt.vr.it\/de\/#\/schema\/logo\/image\/\",\"url\":\"https:\/\/www.slt.vr.it\/wp-content\/uploads\/2015\/10\/SLT-Strategy-Legal-Tax.jpg\",\"contentUrl\":\"https:\/\/www.slt.vr.it\/wp-content\/uploads\/2015\/10\/SLT-Strategy-Legal-Tax.jpg\",\"width\":372,\"height\":336,\"caption\":\"SLT Strategy Legal Tax\"},\"image\":{\"@id\":\"https:\/\/www.slt.vr.it\/de\/#\/schema\/logo\/image\/\"}}]}<\/script>\n<!-- \/ Yoast SEO plugin. -->","yoast_head_json":{"title":"Alberto Iadanza - SLT Strategy Legal Tax","robots":{"index":"index","follow":"follow","max-snippet":"max-snippet:-1","max-image-preview":"max-image-preview:large","max-video-preview":"max-video-preview:-1"},"canonical":"https:\/\/www.slt.vr.it\/de\/fachleute\/alberto-iadanza\/","og_locale":"de_DE","og_type":"article","og_title":"Alberto Iadanza - SLT Strategy Legal Tax","og_url":"https:\/\/www.slt.vr.it\/de\/fachleute\/alberto-iadanza\/","og_site_name":"SLT Strategy Legal Tax","article_modified_time":"2024-03-26T11:53:18+00:00","twitter_card":"summary_large_image","twitter_misc":{"Gesch\u00e4tzte Lesezeit":"1\u00a0Minute"},"schema":{"@context":"https:\/\/schema.org","@graph":[{"@type":"WebPage","@id":"https:\/\/www.slt.vr.it\/de\/fachleute\/alberto-iadanza\/","url":"https:\/\/www.slt.vr.it\/de\/fachleute\/alberto-iadanza\/","name":"Alberto Iadanza - SLT Strategy Legal Tax","isPartOf":{"@id":"https:\/\/www.slt.vr.it\/de\/#website"},"datePublished":"2021-05-24T08:30:01+00:00","dateModified":"2024-03-26T11:53:18+00:00","breadcrumb":{"@id":"https:\/\/www.slt.vr.it\/de\/fachleute\/alberto-iadanza\/#breadcrumb"},"inLanguage":"de","potentialAction":[{"@type":"ReadAction","target":["https:\/\/www.slt.vr.it\/de\/fachleute\/alberto-iadanza\/"]}]},{"@type":"BreadcrumbList","@id":"https:\/\/www.slt.vr.it\/de\/fachleute\/alberto-iadanza\/#breadcrumb","itemListElement":[{"@type":"ListItem","position":1,"name":"Home","item":"https:\/\/www.slt.vr.it\/de\/"},{"@type":"ListItem","position":2,"name":"Fachleute","item":"https:\/\/www.slt.vr.it\/de\/fachleute\/"},{"@type":"ListItem","position":3,"name":"Alberto Iadanza"}]},{"@type":"WebSite","@id":"https:\/\/www.slt.vr.it\/de\/#website","url":"https:\/\/www.slt.vr.it\/de\/","name":"SLT Strategy Legal Tax","description":"","publisher":{"@id":"https:\/\/www.slt.vr.it\/de\/#organization"},"potentialAction":[{"@type":"SearchAction","target":{"@type":"EntryPoint","urlTemplate":"https:\/\/www.slt.vr.it\/de\/?s={search_term_string}"},"query-input":"required name=search_term_string"}],"inLanguage":"de"},{"@type":"Organization","@id":"https:\/\/www.slt.vr.it\/de\/#organization","name":"SLT Strategy Legal Tax","url":"https:\/\/www.slt.vr.it\/de\/","logo":{"@type":"ImageObject","inLanguage":"de","@id":"https:\/\/www.slt.vr.it\/de\/#\/schema\/logo\/image\/","url":"https:\/\/www.slt.vr.it\/wp-content\/uploads\/2015\/10\/SLT-Strategy-Legal-Tax.jpg","contentUrl":"https:\/\/www.slt.vr.it\/wp-content\/uploads\/2015\/10\/SLT-Strategy-Legal-Tax.jpg","width":372,"height":336,"caption":"SLT Strategy Legal Tax"},"image":{"@id":"https:\/\/www.slt.vr.it\/de\/#\/schema\/logo\/image\/"}}]}},"_links":{"self":[{"href":"https:\/\/www.slt.vr.it\/de\/wp-json\/wp\/v2\/pages\/877426"}],"collection":[{"href":"https:\/\/www.slt.vr.it\/de\/wp-json\/wp\/v2\/pages"}],"about":[{"href":"https:\/\/www.slt.vr.it\/de\/wp-json\/wp\/v2\/types\/page"}],"author":[{"embeddable":true,"href":"https:\/\/www.slt.vr.it\/de\/wp-json\/wp\/v2\/users\/54"}],"replies":[{"embeddable":true,"href":"https:\/\/www.slt.vr.it\/de\/wp-json\/wp\/v2\/comments?post=877426"}],"version-history":[{"count":5,"href":"https:\/\/www.slt.vr.it\/de\/wp-json\/wp\/v2\/pages\/877426\/revisions"}],"predecessor-version":[{"id":883798,"href":"https:\/\/www.slt.vr.it\/de\/wp-json\/wp\/v2\/pages\/877426\/revisions\/883798"}],"up":[{"embeddable":true,"href":"https:\/\/www.slt.vr.it\/de\/wp-json\/wp\/v2\/pages\/862131"}],"wp:attachment":[{"href":"https:\/\/www.slt.vr.it\/de\/wp-json\/wp\/v2\/media?parent=877426"}],"curies":[{"name":"wp","href":"https:\/\/api.w.org\/{rel}","templated":true}]}}