{"id":877063,"date":"2021-05-23T16:13:35","date_gmt":"2021-05-23T14:13:35","guid":{"rendered":"https:\/\/www.slt.vr.it\/?page_id=877063"},"modified":"2021-07-24T23:32:47","modified_gmt":"2021-07-24T21:32:47","slug":"giuseppe-polito","status":"publish","type":"page","link":"https:\/\/www.slt.vr.it\/de\/fachleute\/giuseppe-polito\/","title":{"rendered":"Giuseppe Polito"},"content":{"rendered":"<div  class='flex_column av-66enmarm-d389af27c24895568b4ca095067eb3ff av_one_half  avia-builder-el-0  el_before_av_one_half  avia-builder-el-first  first flex_column_div  '     ><style type=\"text\/css\" data-created_by=\"avia_inline_auto\" id=\"style-css-av-kp112ngr-b2d11bec84df98450c956a96be3538b1\">\n.avia-image-container.av-kp112ngr-b2d11bec84df98450c956a96be3538b1 img.avia_image{\nbox-shadow:none;\n}\n.avia-image-container.av-kp112ngr-b2d11bec84df98450c956a96be3538b1 .av-image-caption-overlay-center{\ncolor:#ffffff;\n}\n<\/style>\n<div  class='avia-image-container av-kp112ngr-b2d11bec84df98450c956a96be3538b1 av-styling- avia-align-center  avia-builder-el-1  avia-builder-el-no-sibling '   itemprop=\"image\" itemscope=\"itemscope\" itemtype=\"https:\/\/schema.org\/ImageObject\" ><div class=\"avia-image-container-inner\"><div class=\"avia-image-overlay-wrap\"><img decoding=\"async\" fetchpriority=\"high\" class='wp-image-862149 avia-img-lazy-loading-not-862149 avia_image ' src=\"https:\/\/www.slt.vr.it\/wp-content\/uploads\/2018\/10\/giuseppe-polito.jpg\" alt='' title='giuseppe-polito'  height=\"1498\" width=\"1000\"  itemprop=\"thumbnailUrl\" srcset=\"https:\/\/www.slt.vr.it\/wp-content\/uploads\/2018\/10\/giuseppe-polito.jpg 1000w, https:\/\/www.slt.vr.it\/wp-content\/uploads\/2018\/10\/giuseppe-polito-200x300.jpg 200w, https:\/\/www.slt.vr.it\/wp-content\/uploads\/2018\/10\/giuseppe-polito-768x1150.jpg 768w, https:\/\/www.slt.vr.it\/wp-content\/uploads\/2018\/10\/giuseppe-polito-688x1030.jpg 688w, https:\/\/www.slt.vr.it\/wp-content\/uploads\/2018\/10\/giuseppe-polito-471x705.jpg 471w, https:\/\/www.slt.vr.it\/wp-content\/uploads\/2018\/10\/giuseppe-polito-450x674.jpg 450w\" sizes=\"(max-width: 1000px) 100vw, 1000px\" \/><\/div><\/div><\/div><\/div>\n<div  class='flex_column av-5joigigy-53720a8da8cd3bc5e4e995a412567cda av_one_half  avia-builder-el-2  el_after_av_one_half  avia-builder-el-last  flex_column_div  '     ><p>\n<style type=\"text\/css\" data-created_by=\"avia_inline_auto\" id=\"style-css-av-kp19fwfw-5b1bd514da9d66d5b0a04b0337a7ff6f\">\n#top .av-special-heading.av-kp19fwfw-5b1bd514da9d66d5b0a04b0337a7ff6f{\npadding-bottom:10px;\n}\nbody .av-special-heading.av-kp19fwfw-5b1bd514da9d66d5b0a04b0337a7ff6f .av-special-heading-tag .heading-char{\nfont-size:25px;\n}\n.av-special-heading.av-kp19fwfw-5b1bd514da9d66d5b0a04b0337a7ff6f .av-subheading{\nfont-size:10px;\n}\n<\/style>\n<div  class='av-special-heading av-kp19fwfw-5b1bd514da9d66d5b0a04b0337a7ff6f av-special-heading-h3 meta-heading blockquote modern-quote  avia-builder-el-3  el_before_av_textblock  avia-builder-el-first '><h3 class='av-special-heading-tag'  itemprop=\"headline\"  >Giuseppe Polito<\/h3><div class='av-subheading av-subheading_below'><p>Wirtschaftspr\u00fcfer<\/p>\n<\/div><div class=\"special-heading-border\"><div class=\"special-heading-inner-border\"><\/div><\/div><\/div><br \/>\n<section  class='av_textblock_section av-5clglj42-e6f7aec099a3d06fd44455ba6d335ae8 '   itemscope=\"itemscope\" itemtype=\"https:\/\/schema.org\/CreativeWork\" ><div class='avia_textblock'  itemprop=\"text\" ><p>Fachgebiete Managementkostenkontrolle und -berichterstattung, Unterst\u00fctzung bei der Buchhaltung und Erstellung von Abschl\u00fcssen und Berichten.<\/p>\n<p>Er besitzt den Doktortitel als Wirtschaftsberater und -pr\u00fcfer, er ist seit Jahren als Berater f\u00fcr prim\u00e4re Wirtschaftspr\u00fcfungsgesellschaften t\u00e4tig.<br \/>\nEr verf\u00fcgt \u00fcber umfangreiche Erfahrungen in den Bereichen Unternehmensumstrukturierung, Wirtschafts- und Finanzplanung und -kontrolle, mit denen er sich heute haupts\u00e4chlich zusammen mit der Analyse von Bankkonten und dem Management der Beziehungen zu Kreditinstituten besch\u00e4ftigt.<\/p>\n<p>Er bekleidet Positionen als Wirtschaftspr\u00fcfer und Mitglied von Aufsichtsr\u00e4ten in Unternehmen unterschiedlicher Gr\u00f6\u00dfe. Diese T\u00e4tigkeit, zusammen mit seiner Beratungst\u00e4tigkeit, hat es ihm erm\u00f6glicht, ein tiefes Wissen \u00fcber Unternehmensverm\u00f6gen und -verbindlichkeiten und die damit verbundenen zivil- und steuerrechtlichen Probleme von Unternehmen zu entwickeln, die in den verschiedensten Produktions-, Handels- oder Dienstleistungsbereichen t\u00e4tig sind.<\/p>\n<p>Abgerundet wird die Beratungst\u00e4tigkeit durch langj\u00e4hrige Erfahrung (auch als CTU f\u00fcr das Gericht von Verona) in Fragen des Bankrechts und der Unternehmensfinanzierung bei der Analyse und Bewertung von Bankkonten und Finanzierungen.<\/p>\n<h4><\/h4>\n<\/div><\/section><br \/>\n\n<style type=\"text\/css\" data-created_by=\"avia_inline_auto\" id=\"style-css-av-av_heading-46df064651e2bb07323750c5b4bcf235\">\n#top .av-special-heading.av-av_heading-46df064651e2bb07323750c5b4bcf235{\npadding-bottom:15px;\n}\nbody .av-special-heading.av-av_heading-46df064651e2bb07323750c5b4bcf235 .av-special-heading-tag .heading-char{\nfont-size:25px;\n}\n.av-special-heading.av-av_heading-46df064651e2bb07323750c5b4bcf235 .av-subheading{\nfont-size:10px;\n}\n<\/style>\n<div  class='av-special-heading av-av_heading-46df064651e2bb07323750c5b4bcf235 av-special-heading-h3 meta-heading  avia-builder-el-5  el_after_av_textblock  el_before_av_progress '><h3 class='av-special-heading-tag'  itemprop=\"headline\"  >Spezialisierungen<\/h3><div class=\"special-heading-border\"><div class=\"special-heading-inner-border\"><\/div><\/div><\/div><br \/>\n\n<style type=\"text\/css\" data-created_by=\"avia_inline_auto\" id=\"style-css-sub-av-52e4qptu-7d8072190dccb677de5af98ac05cba38\">\n#top .avia-progress-bar-container .avia-progress-bar.av-av_progress_bar-f2fd005b7b02c4895468e42b6ee2efac .bar{\nwidth:100%;\n}\n#top .avia-progress-bar-container .avia-progress-bar.av-av_progress_bar-e65b852e03caf1432803a8894549f6f0 .bar{\nwidth:100%;\n}\n<\/style>\n<div  class='avia-progress-bar-container av-52e4qptu-7d8072190dccb677de5af98ac05cba38 av-striped-bar av-animated-bar avia_animate_when_almost_visible  avia-builder-el-6  el_after_av_heading  el_before_av_heading '><div class='avia-progress-bar av-av_progress_bar-f2fd005b7b02c4895468e42b6ee2efac icon-bar-no theme-color-bar theme-color-bar icon-bar-no'><div class=\"progressbar-title-wrap\"><div class='progressbar-icon'><span class='progressbar-char' aria-hidden='true' data-av_icon='\ue800' data-av_iconfont='entypo-fontello'><\/span><\/div><div class='progressbar-title'>Controllo dei costi di gestione e reporting<\/div><\/div><div class=\"progress\"><div class=\"bar-outer\"><div class='bar' data-progress='100'><\/div><\/div><\/div><\/div><div class='avia-progress-bar av-av_progress_bar-e65b852e03caf1432803a8894549f6f0 icon-bar-no theme-color-bar theme-color-bar icon-bar-no'><div class=\"progressbar-title-wrap\"><div class='progressbar-icon'><span class='progressbar-char' aria-hidden='true' data-av_icon='\ue800' data-av_iconfont='entypo-fontello'><\/span><\/div><div class='progressbar-title'>Assistenza contabile e alla predisposizione del bilancio e del rendiconto<\/div><\/div><div class=\"progress\"><div class=\"bar-outer\"><div class='bar' data-progress='100'><\/div><\/div><\/div><\/div><\/div><br \/>\n\n<style type=\"text\/css\" data-created_by=\"avia_inline_auto\" id=\"style-css-av-kriafz43-54a6198a824560bfb1d27f0677f24bf8\">\n#top .av-special-heading.av-kriafz43-54a6198a824560bfb1d27f0677f24bf8{\npadding-bottom:15px;\n}\nbody .av-special-heading.av-kriafz43-54a6198a824560bfb1d27f0677f24bf8 .av-special-heading-tag .heading-char{\nfont-size:25px;\n}\n.av-special-heading.av-kriafz43-54a6198a824560bfb1d27f0677f24bf8 .av-subheading{\nfont-size:10px;\n}\n<\/style>\n<div  class='av-special-heading av-kriafz43-54a6198a824560bfb1d27f0677f24bf8 av-special-heading-h3 meta-heading  avia-builder-el-7  el_after_av_progress  el_before_av_button  av-linked-heading'><h3 class='av-special-heading-tag'  itemprop=\"headline\"  >Hauptsitz<\/h3><div class=\"special-heading-border\"><div class=\"special-heading-inner-border\"><\/div><\/div><\/div><br \/>\n<div  class='avia-button-wrap av-kriagij7-e0b721847d0d154ad664924821f4c27b-wrap avia-button-left  avia-builder-el-8  el_after_av_heading  avia-builder-el-last '>\n<style type=\"text\/css\" data-created_by=\"avia_inline_auto\" id=\"style-css-av-kriagij7-e0b721847d0d154ad664924821f4c27b\">\n#top #wrap_all .avia-button.av-kriagij7-e0b721847d0d154ad664924821f4c27b{\nborder-style:none;\ntransition:all 0.4s ease-in-out;\n}\n<\/style>\n<a href=''  class='avia-button av-kriagij7-e0b721847d0d154ad664924821f4c27b avia-icon_select-yes-left-icon avia-size-small avia-position-left avia-color-theme-color'  ><span class='avia_button_icon avia_button_icon_left' aria-hidden='true' data-av_icon='\ue8bb' data-av_iconfont='entypo-fontello'><\/span><span class='avia_iconbox_title' >Verona<\/span><\/a><\/div><\/p><\/div>\n","protected":false},"excerpt":{"rendered":"","protected":false},"author":54,"featured_media":0,"parent":862131,"menu_order":0,"comment_status":"open","ping_status":"closed","template":"","meta":{"footnotes":"","iawp_total_views":48},"yoast_head":"<!-- This site is optimized with the Yoast SEO plugin v22.3 - https:\/\/yoast.com\/wordpress\/plugins\/seo\/ -->\n<title>Giuseppe Polito - SLT Strategy Legal Tax<\/title>\n<meta name=\"robots\" content=\"index, follow, max-snippet:-1, max-image-preview:large, max-video-preview:-1\" \/>\n<link rel=\"canonical\" href=\"https:\/\/www.slt.vr.it\/de\/fachleute\/giuseppe-polito\/\" \/>\n<meta property=\"og:locale\" content=\"de_DE\" \/>\n<meta property=\"og:type\" content=\"article\" \/>\n<meta property=\"og:title\" content=\"Giuseppe Polito - SLT Strategy Legal Tax\" \/>\n<meta property=\"og:url\" content=\"https:\/\/www.slt.vr.it\/de\/fachleute\/giuseppe-polito\/\" \/>\n<meta property=\"og:site_name\" content=\"SLT Strategy Legal Tax\" \/>\n<meta property=\"article:modified_time\" content=\"2021-07-24T21:32:47+00:00\" \/>\n<meta name=\"twitter:card\" content=\"summary_large_image\" \/>\n<meta name=\"twitter:label1\" content=\"Gesch\u00e4tzte Lesezeit\" \/>\n\t<meta name=\"twitter:data1\" content=\"2\u00a0Minuten\" \/>\n<script type=\"application\/ld+json\" class=\"yoast-schema-graph\">{\"@context\":\"https:\/\/schema.org\",\"@graph\":[{\"@type\":\"WebPage\",\"@id\":\"https:\/\/www.slt.vr.it\/de\/fachleute\/giuseppe-polito\/\",\"url\":\"https:\/\/www.slt.vr.it\/de\/fachleute\/giuseppe-polito\/\",\"name\":\"Giuseppe Polito - SLT Strategy Legal Tax\",\"isPartOf\":{\"@id\":\"https:\/\/www.slt.vr.it\/de\/#website\"},\"datePublished\":\"2021-05-23T14:13:35+00:00\",\"dateModified\":\"2021-07-24T21:32:47+00:00\",\"breadcrumb\":{\"@id\":\"https:\/\/www.slt.vr.it\/de\/fachleute\/giuseppe-polito\/#breadcrumb\"},\"inLanguage\":\"de\",\"potentialAction\":[{\"@type\":\"ReadAction\",\"target\":[\"https:\/\/www.slt.vr.it\/de\/fachleute\/giuseppe-polito\/\"]}]},{\"@type\":\"BreadcrumbList\",\"@id\":\"https:\/\/www.slt.vr.it\/de\/fachleute\/giuseppe-polito\/#breadcrumb\",\"itemListElement\":[{\"@type\":\"ListItem\",\"position\":1,\"name\":\"Home\",\"item\":\"https:\/\/www.slt.vr.it\/de\/\"},{\"@type\":\"ListItem\",\"position\":2,\"name\":\"Fachleute\",\"item\":\"https:\/\/www.slt.vr.it\/de\/fachleute\/\"},{\"@type\":\"ListItem\",\"position\":3,\"name\":\"Giuseppe Polito\"}]},{\"@type\":\"WebSite\",\"@id\":\"https:\/\/www.slt.vr.it\/de\/#website\",\"url\":\"https:\/\/www.slt.vr.it\/de\/\",\"name\":\"SLT Strategy Legal Tax\",\"description\":\"\",\"publisher\":{\"@id\":\"https:\/\/www.slt.vr.it\/de\/#organization\"},\"potentialAction\":[{\"@type\":\"SearchAction\",\"target\":{\"@type\":\"EntryPoint\",\"urlTemplate\":\"https:\/\/www.slt.vr.it\/de\/?s={search_term_string}\"},\"query-input\":\"required name=search_term_string\"}],\"inLanguage\":\"de\"},{\"@type\":\"Organization\",\"@id\":\"https:\/\/www.slt.vr.it\/de\/#organization\",\"name\":\"SLT Strategy Legal Tax\",\"url\":\"https:\/\/www.slt.vr.it\/de\/\",\"logo\":{\"@type\":\"ImageObject\",\"inLanguage\":\"de\",\"@id\":\"https:\/\/www.slt.vr.it\/de\/#\/schema\/logo\/image\/\",\"url\":\"https:\/\/www.slt.vr.it\/wp-content\/uploads\/2015\/10\/SLT-Strategy-Legal-Tax.jpg\",\"contentUrl\":\"https:\/\/www.slt.vr.it\/wp-content\/uploads\/2015\/10\/SLT-Strategy-Legal-Tax.jpg\",\"width\":372,\"height\":336,\"caption\":\"SLT Strategy Legal Tax\"},\"image\":{\"@id\":\"https:\/\/www.slt.vr.it\/de\/#\/schema\/logo\/image\/\"}}]}<\/script>\n<!-- \/ Yoast SEO plugin. -->","yoast_head_json":{"title":"Giuseppe Polito - SLT Strategy Legal Tax","robots":{"index":"index","follow":"follow","max-snippet":"max-snippet:-1","max-image-preview":"max-image-preview:large","max-video-preview":"max-video-preview:-1"},"canonical":"https:\/\/www.slt.vr.it\/de\/fachleute\/giuseppe-polito\/","og_locale":"de_DE","og_type":"article","og_title":"Giuseppe Polito - SLT Strategy Legal Tax","og_url":"https:\/\/www.slt.vr.it\/de\/fachleute\/giuseppe-polito\/","og_site_name":"SLT Strategy Legal Tax","article_modified_time":"2021-07-24T21:32:47+00:00","twitter_card":"summary_large_image","twitter_misc":{"Gesch\u00e4tzte Lesezeit":"2\u00a0Minuten"},"schema":{"@context":"https:\/\/schema.org","@graph":[{"@type":"WebPage","@id":"https:\/\/www.slt.vr.it\/de\/fachleute\/giuseppe-polito\/","url":"https:\/\/www.slt.vr.it\/de\/fachleute\/giuseppe-polito\/","name":"Giuseppe Polito - SLT Strategy Legal Tax","isPartOf":{"@id":"https:\/\/www.slt.vr.it\/de\/#website"},"datePublished":"2021-05-23T14:13:35+00:00","dateModified":"2021-07-24T21:32:47+00:00","breadcrumb":{"@id":"https:\/\/www.slt.vr.it\/de\/fachleute\/giuseppe-polito\/#breadcrumb"},"inLanguage":"de","potentialAction":[{"@type":"ReadAction","target":["https:\/\/www.slt.vr.it\/de\/fachleute\/giuseppe-polito\/"]}]},{"@type":"BreadcrumbList","@id":"https:\/\/www.slt.vr.it\/de\/fachleute\/giuseppe-polito\/#breadcrumb","itemListElement":[{"@type":"ListItem","position":1,"name":"Home","item":"https:\/\/www.slt.vr.it\/de\/"},{"@type":"ListItem","position":2,"name":"Fachleute","item":"https:\/\/www.slt.vr.it\/de\/fachleute\/"},{"@type":"ListItem","position":3,"name":"Giuseppe Polito"}]},{"@type":"WebSite","@id":"https:\/\/www.slt.vr.it\/de\/#website","url":"https:\/\/www.slt.vr.it\/de\/","name":"SLT Strategy Legal Tax","description":"","publisher":{"@id":"https:\/\/www.slt.vr.it\/de\/#organization"},"potentialAction":[{"@type":"SearchAction","target":{"@type":"EntryPoint","urlTemplate":"https:\/\/www.slt.vr.it\/de\/?s={search_term_string}"},"query-input":"required name=search_term_string"}],"inLanguage":"de"},{"@type":"Organization","@id":"https:\/\/www.slt.vr.it\/de\/#organization","name":"SLT Strategy Legal Tax","url":"https:\/\/www.slt.vr.it\/de\/","logo":{"@type":"ImageObject","inLanguage":"de","@id":"https:\/\/www.slt.vr.it\/de\/#\/schema\/logo\/image\/","url":"https:\/\/www.slt.vr.it\/wp-content\/uploads\/2015\/10\/SLT-Strategy-Legal-Tax.jpg","contentUrl":"https:\/\/www.slt.vr.it\/wp-content\/uploads\/2015\/10\/SLT-Strategy-Legal-Tax.jpg","width":372,"height":336,"caption":"SLT Strategy Legal Tax"},"image":{"@id":"https:\/\/www.slt.vr.it\/de\/#\/schema\/logo\/image\/"}}]}},"_links":{"self":[{"href":"https:\/\/www.slt.vr.it\/de\/wp-json\/wp\/v2\/pages\/877063"}],"collection":[{"href":"https:\/\/www.slt.vr.it\/de\/wp-json\/wp\/v2\/pages"}],"about":[{"href":"https:\/\/www.slt.vr.it\/de\/wp-json\/wp\/v2\/types\/page"}],"author":[{"embeddable":true,"href":"https:\/\/www.slt.vr.it\/de\/wp-json\/wp\/v2\/users\/54"}],"replies":[{"embeddable":true,"href":"https:\/\/www.slt.vr.it\/de\/wp-json\/wp\/v2\/comments?post=877063"}],"version-history":[{"count":4,"href":"https:\/\/www.slt.vr.it\/de\/wp-json\/wp\/v2\/pages\/877063\/revisions"}],"predecessor-version":[{"id":880605,"href":"https:\/\/www.slt.vr.it\/de\/wp-json\/wp\/v2\/pages\/877063\/revisions\/880605"}],"up":[{"embeddable":true,"href":"https:\/\/www.slt.vr.it\/de\/wp-json\/wp\/v2\/pages\/862131"}],"wp:attachment":[{"href":"https:\/\/www.slt.vr.it\/de\/wp-json\/wp\/v2\/media?parent=877063"}],"curies":[{"name":"wp","href":"https:\/\/api.w.org\/{rel}","templated":true}]}}