{"id":876994,"date":"2021-05-23T15:53:21","date_gmt":"2021-05-23T13:53:21","guid":{"rendered":"https:\/\/www.slt.vr.it\/?page_id=876994"},"modified":"2021-07-24T23:27:10","modified_gmt":"2021-07-24T21:27:10","slug":"maurizio-pizzamiglio","status":"publish","type":"page","link":"https:\/\/www.slt.vr.it\/de\/fachleute\/maurizio-pizzamiglio\/","title":{"rendered":"Maurizio Pizzamiglio"},"content":{"rendered":"<div  class='flex_column av-66enmarm-d389af27c24895568b4ca095067eb3ff av_one_half  avia-builder-el-0  el_before_av_one_half  avia-builder-el-first  first flex_column_div  '     ><style type=\"text\/css\" data-created_by=\"avia_inline_auto\" id=\"style-css-av-kp112ngr-4380eb756a87635b2a5a91b1338101fd\">\n.avia-image-container.av-kp112ngr-4380eb756a87635b2a5a91b1338101fd img.avia_image{\nbox-shadow:none;\n}\n.avia-image-container.av-kp112ngr-4380eb756a87635b2a5a91b1338101fd .av-image-caption-overlay-center{\ncolor:#ffffff;\n}\n<\/style>\n<div  class='avia-image-container av-kp112ngr-4380eb756a87635b2a5a91b1338101fd av-styling- avia-align-center  avia-builder-el-1  avia-builder-el-no-sibling '   itemprop=\"image\" itemscope=\"itemscope\" itemtype=\"https:\/\/schema.org\/ImageObject\" ><div class=\"avia-image-container-inner\"><div class=\"avia-image-overlay-wrap\"><img decoding=\"async\" fetchpriority=\"high\" class='wp-image-862148 avia-img-lazy-loading-not-862148 avia_image ' src=\"https:\/\/www.slt.vr.it\/wp-content\/uploads\/2018\/10\/maurizio-pizzamiglio.jpg\" alt='' title='maurizio-pizzamiglio'  height=\"1499\" width=\"1000\"  itemprop=\"thumbnailUrl\" srcset=\"https:\/\/www.slt.vr.it\/wp-content\/uploads\/2018\/10\/maurizio-pizzamiglio.jpg 1000w, https:\/\/www.slt.vr.it\/wp-content\/uploads\/2018\/10\/maurizio-pizzamiglio-200x300.jpg 200w, https:\/\/www.slt.vr.it\/wp-content\/uploads\/2018\/10\/maurizio-pizzamiglio-768x1151.jpg 768w, https:\/\/www.slt.vr.it\/wp-content\/uploads\/2018\/10\/maurizio-pizzamiglio-687x1030.jpg 687w, https:\/\/www.slt.vr.it\/wp-content\/uploads\/2018\/10\/maurizio-pizzamiglio-470x705.jpg 470w, https:\/\/www.slt.vr.it\/wp-content\/uploads\/2018\/10\/maurizio-pizzamiglio-450x675.jpg 450w\" sizes=\"(max-width: 1000px) 100vw, 1000px\" \/><\/div><\/div><\/div><\/div>\n<div  class='flex_column av-5joigigy-53720a8da8cd3bc5e4e995a412567cda av_one_half  avia-builder-el-2  el_after_av_one_half  avia-builder-el-last  flex_column_div  '     ><p>\n<style type=\"text\/css\" data-created_by=\"avia_inline_auto\" id=\"style-css-av-av_heading-17b954689b80a467f835c31ec28d8935\">\n#top .av-special-heading.av-av_heading-17b954689b80a467f835c31ec28d8935{\npadding-bottom:10px;\n}\nbody .av-special-heading.av-av_heading-17b954689b80a467f835c31ec28d8935 .av-special-heading-tag .heading-char{\nfont-size:25px;\n}\n.av-special-heading.av-av_heading-17b954689b80a467f835c31ec28d8935 .av-subheading{\nfont-size:10px;\n}\n<\/style>\n<div  class='av-special-heading av-av_heading-17b954689b80a467f835c31ec28d8935 av-special-heading-h3 meta-heading blockquote modern-quote  avia-builder-el-3  el_before_av_textblock  avia-builder-el-first '><h3 class='av-special-heading-tag'  itemprop=\"headline\"  >Maurizio Pizzamiglio<\/h3><div class='av-subheading av-subheading_below'><p>Wirtschaftspr\u00fcfer<\/p>\n<\/div><div class=\"special-heading-border\"><div class=\"special-heading-inner-border\"><\/div><\/div><\/div><br \/>\n<section  class='av_textblock_section av-5clglj42-e6f7aec099a3d06fd44455ba6d335ae8 '   itemscope=\"itemscope\" itemtype=\"https:\/\/schema.org\/CreativeWork\" ><div class='avia_textblock'  itemprop=\"text\" ><p>Fachgebiete Management-Kostenkontrolle und -Reporting, Unterst\u00fctzung bei der Buchhaltung und Erstellung von Abschl\u00fcssen und Berichten, Erleichterte Finanzierung, Management auf Zeit, Unternehmensorganisation, Handels- und Gesellschaftsrecht.<\/p>\n<p>Er besitzt den Doktortitel als Wirtschaftsberater und -pr\u00fcfer, Dozent f\u00fcr Planung und Kontrolle an der Universit\u00e4t von Verona. Er hat spezifische Kenntnisse auf dem Gebiet der Unternehmenssteuerung und Finanzplanung, der analytischen Buchf\u00fchrung und Kostenrechnung, der Erstellung von Industrie- und Entwicklungspl\u00e4nen, der Unternehmensorganisation, des Managements von Unternehmenskrisen sowie der Beratung und Steuerplanung entwickelt.<\/p>\n<p>Er ist Autor mehrerer Monographien, Artikel und Teile von B\u00fcchern \u00fcber Planung und Kontrolle, Leistungsmessung und -berichterstattung sowie Jahresabschlussanalyse. Er h\u00e4lt regelm\u00e4\u00dfig Konferenzen f\u00fcr Confindustria, CUOA-Stiftung und f\u00fchrende Schulungsorganisationen.<\/p>\n<h4><\/h4>\n<\/div><\/section><br \/>\n\n<style type=\"text\/css\" data-created_by=\"avia_inline_auto\" id=\"style-css-av-av_heading-46df064651e2bb07323750c5b4bcf235\">\n#top .av-special-heading.av-av_heading-46df064651e2bb07323750c5b4bcf235{\npadding-bottom:15px;\n}\nbody .av-special-heading.av-av_heading-46df064651e2bb07323750c5b4bcf235 .av-special-heading-tag .heading-char{\nfont-size:25px;\n}\n.av-special-heading.av-av_heading-46df064651e2bb07323750c5b4bcf235 .av-subheading{\nfont-size:10px;\n}\n<\/style>\n<div  class='av-special-heading av-av_heading-46df064651e2bb07323750c5b4bcf235 av-special-heading-h3 meta-heading  avia-builder-el-5  el_after_av_textblock  el_before_av_progress '><h3 class='av-special-heading-tag'  itemprop=\"headline\"  >Spezialisierungen<\/h3><div class=\"special-heading-border\"><div class=\"special-heading-inner-border\"><\/div><\/div><\/div><br \/>\n\n<style type=\"text\/css\" data-created_by=\"avia_inline_auto\" id=\"style-css-sub-av-52e4qptu-7d8072190dccb677de5af98ac05cba38\">\n#top .avia-progress-bar-container .avia-progress-bar.av-av_progress_bar-f2fd005b7b02c4895468e42b6ee2efac .bar{\nwidth:100%;\n}\n#top .avia-progress-bar-container .avia-progress-bar.av-av_progress_bar-e65b852e03caf1432803a8894549f6f0 .bar{\nwidth:100%;\n}\n#top .avia-progress-bar-container .avia-progress-bar.av-av_progress_bar-e65b852e03caf1432803a8894549f6f0 .bar{\nwidth:100%;\n}\n#top .avia-progress-bar-container .avia-progress-bar.av-av_progress_bar-13c574347bc5f437c863fcb84dc8add3 .bar{\nwidth:100%;\n}\n#top .avia-progress-bar-container .avia-progress-bar.av-av_progress_bar-055519b1d64f4f47ef8193c6d807a1db .bar{\nwidth:100%;\n}\n#top .avia-progress-bar-container .avia-progress-bar.av-av_progress_bar-32f1dcfb1c55cd5ded17f8032a31cae0 .bar{\nwidth:100%;\n}\n<\/style>\n<div  class='avia-progress-bar-container av-52e4qptu-7d8072190dccb677de5af98ac05cba38 av-striped-bar av-animated-bar avia_animate_when_almost_visible  avia-builder-el-6  el_after_av_heading  el_before_av_heading '><div class='avia-progress-bar av-av_progress_bar-f2fd005b7b02c4895468e42b6ee2efac icon-bar-no theme-color-bar theme-color-bar icon-bar-no'><div class=\"progressbar-title-wrap\"><div class='progressbar-icon'><span class='progressbar-char' aria-hidden='true' data-av_icon='\ue800' data-av_iconfont='entypo-fontello'><\/span><\/div><div class='progressbar-title'>Controllo dei costi di gestione e reporting<\/div><\/div><div class=\"progress\"><div class=\"bar-outer\"><div class='bar' data-progress='100'><\/div><\/div><\/div><\/div><div class='avia-progress-bar av-av_progress_bar-e65b852e03caf1432803a8894549f6f0 icon-bar-no theme-color-bar theme-color-bar icon-bar-no'><div class=\"progressbar-title-wrap\"><div class='progressbar-icon'><span class='progressbar-char' aria-hidden='true' data-av_icon='\ue800' data-av_iconfont='entypo-fontello'><\/span><\/div><div class='progressbar-title'>Assistenza contabile e alla predisposizione del bilancio e del rendiconto<\/div><\/div><div class=\"progress\"><div class=\"bar-outer\"><div class='bar' data-progress='100'><\/div><\/div><\/div><\/div><div class='avia-progress-bar av-av_progress_bar-e65b852e03caf1432803a8894549f6f0 icon-bar-no theme-color-bar theme-color-bar icon-bar-no'><div class=\"progressbar-title-wrap\"><div class='progressbar-icon'><span class='progressbar-char' aria-hidden='true' data-av_icon='\ue800' data-av_iconfont='entypo-fontello'><\/span><\/div><div class='progressbar-title'>Assistenza contabile e alla predisposizione del bilancio e del rendiconto<\/div><\/div><div class=\"progress\"><div class=\"bar-outer\"><div class='bar' data-progress='100'><\/div><\/div><\/div><\/div><div class='avia-progress-bar av-av_progress_bar-13c574347bc5f437c863fcb84dc8add3 icon-bar-no theme-color-bar theme-color-bar icon-bar-no'><div class=\"progressbar-title-wrap\"><div class='progressbar-icon'><span class='progressbar-char' aria-hidden='true' data-av_icon='\ue800' data-av_iconfont='entypo-fontello'><\/span><\/div><div class='progressbar-title'>Finanza agevolata<\/div><\/div><div class=\"progress\"><div class=\"bar-outer\"><div class='bar' data-progress='100'><\/div><\/div><\/div><\/div><div class='avia-progress-bar av-av_progress_bar-055519b1d64f4f47ef8193c6d807a1db icon-bar-no theme-color-bar theme-color-bar icon-bar-no'><div class=\"progressbar-title-wrap\"><div class='progressbar-icon'><span class='progressbar-char' aria-hidden='true' data-av_icon='\ue800' data-av_iconfont='entypo-fontello'><\/span><\/div><div class='progressbar-title'>Organizzazione aziendale<\/div><\/div><div class=\"progress\"><div class=\"bar-outer\"><div class='bar' data-progress='100'><\/div><\/div><\/div><\/div><div class='avia-progress-bar av-av_progress_bar-32f1dcfb1c55cd5ded17f8032a31cae0 icon-bar-no theme-color-bar theme-color-bar icon-bar-no'><div class=\"progressbar-title-wrap\"><div class='progressbar-icon'><span class='progressbar-char' aria-hidden='true' data-av_icon='\ue800' data-av_iconfont='entypo-fontello'><\/span><\/div><div class='progressbar-title'>Diritto Commerciale e societario<\/div><\/div><div class=\"progress\"><div class=\"bar-outer\"><div class='bar' data-progress='100'><\/div><\/div><\/div><\/div><\/div><br \/>\n\n<style type=\"text\/css\" data-created_by=\"avia_inline_auto\" id=\"style-css-av-kria8nzm-8922963be57c48a88722ae5f3cc7de3f\">\n#top .av-special-heading.av-kria8nzm-8922963be57c48a88722ae5f3cc7de3f{\npadding-bottom:15px;\n}\nbody .av-special-heading.av-kria8nzm-8922963be57c48a88722ae5f3cc7de3f .av-special-heading-tag .heading-char{\nfont-size:25px;\n}\n.av-special-heading.av-kria8nzm-8922963be57c48a88722ae5f3cc7de3f .av-subheading{\nfont-size:10px;\n}\n<\/style>\n<div  class='av-special-heading av-kria8nzm-8922963be57c48a88722ae5f3cc7de3f av-special-heading-h3 meta-heading  avia-builder-el-7  el_after_av_progress  el_before_av_button  av-linked-heading'><h3 class='av-special-heading-tag'  itemprop=\"headline\"  >Hauptsitz<\/h3><div class=\"special-heading-border\"><div class=\"special-heading-inner-border\"><\/div><\/div><\/div><br \/>\n<div  class='avia-button-wrap av-kria9b3n-082969cc380abd4c3352a4531c263e3b-wrap avia-button-left  avia-builder-el-8  el_after_av_heading  avia-builder-el-last '>\n<style type=\"text\/css\" data-created_by=\"avia_inline_auto\" id=\"style-css-av-kria9b3n-082969cc380abd4c3352a4531c263e3b\">\n#top #wrap_all .avia-button.av-kria9b3n-082969cc380abd4c3352a4531c263e3b{\nborder-style:none;\ntransition:all 0.4s ease-in-out;\n}\n<\/style>\n<a href=''  class='avia-button av-kria9b3n-082969cc380abd4c3352a4531c263e3b avia-icon_select-yes-left-icon avia-size-small avia-position-left avia-color-theme-color'  ><span class='avia_button_icon avia_button_icon_left' aria-hidden='true' data-av_icon='\ue8bb' data-av_iconfont='entypo-fontello'><\/span><span class='avia_iconbox_title' >Verona<\/span><\/a><\/div><\/p><\/div>\n","protected":false},"excerpt":{"rendered":"","protected":false},"author":54,"featured_media":0,"parent":862131,"menu_order":0,"comment_status":"open","ping_status":"closed","template":"","meta":{"footnotes":"","iawp_total_views":6},"yoast_head":"<!-- This site is optimized with the Yoast SEO plugin v22.3 - https:\/\/yoast.com\/wordpress\/plugins\/seo\/ -->\n<title>Maurizio Pizzamiglio - SLT Strategy Legal Tax<\/title>\n<meta name=\"robots\" content=\"index, follow, max-snippet:-1, max-image-preview:large, max-video-preview:-1\" \/>\n<link rel=\"canonical\" href=\"https:\/\/www.slt.vr.it\/de\/fachleute\/maurizio-pizzamiglio\/\" \/>\n<meta property=\"og:locale\" content=\"de_DE\" \/>\n<meta property=\"og:type\" content=\"article\" \/>\n<meta property=\"og:title\" content=\"Maurizio Pizzamiglio - SLT Strategy Legal Tax\" \/>\n<meta property=\"og:url\" content=\"https:\/\/www.slt.vr.it\/de\/fachleute\/maurizio-pizzamiglio\/\" \/>\n<meta property=\"og:site_name\" content=\"SLT Strategy Legal Tax\" \/>\n<meta property=\"article:modified_time\" content=\"2021-07-24T21:27:10+00:00\" \/>\n<meta name=\"twitter:card\" content=\"summary_large_image\" \/>\n<meta name=\"twitter:label1\" content=\"Gesch\u00e4tzte Lesezeit\" \/>\n\t<meta name=\"twitter:data1\" content=\"2\u00a0Minuten\" \/>\n<script type=\"application\/ld+json\" class=\"yoast-schema-graph\">{\"@context\":\"https:\/\/schema.org\",\"@graph\":[{\"@type\":\"WebPage\",\"@id\":\"https:\/\/www.slt.vr.it\/de\/fachleute\/maurizio-pizzamiglio\/\",\"url\":\"https:\/\/www.slt.vr.it\/de\/fachleute\/maurizio-pizzamiglio\/\",\"name\":\"Maurizio Pizzamiglio - SLT Strategy Legal Tax\",\"isPartOf\":{\"@id\":\"https:\/\/www.slt.vr.it\/de\/#website\"},\"datePublished\":\"2021-05-23T13:53:21+00:00\",\"dateModified\":\"2021-07-24T21:27:10+00:00\",\"breadcrumb\":{\"@id\":\"https:\/\/www.slt.vr.it\/de\/fachleute\/maurizio-pizzamiglio\/#breadcrumb\"},\"inLanguage\":\"de\",\"potentialAction\":[{\"@type\":\"ReadAction\",\"target\":[\"https:\/\/www.slt.vr.it\/de\/fachleute\/maurizio-pizzamiglio\/\"]}]},{\"@type\":\"BreadcrumbList\",\"@id\":\"https:\/\/www.slt.vr.it\/de\/fachleute\/maurizio-pizzamiglio\/#breadcrumb\",\"itemListElement\":[{\"@type\":\"ListItem\",\"position\":1,\"name\":\"Home\",\"item\":\"https:\/\/www.slt.vr.it\/de\/\"},{\"@type\":\"ListItem\",\"position\":2,\"name\":\"Fachleute\",\"item\":\"https:\/\/www.slt.vr.it\/de\/fachleute\/\"},{\"@type\":\"ListItem\",\"position\":3,\"name\":\"Maurizio Pizzamiglio\"}]},{\"@type\":\"WebSite\",\"@id\":\"https:\/\/www.slt.vr.it\/de\/#website\",\"url\":\"https:\/\/www.slt.vr.it\/de\/\",\"name\":\"SLT Strategy Legal Tax\",\"description\":\"\",\"publisher\":{\"@id\":\"https:\/\/www.slt.vr.it\/de\/#organization\"},\"potentialAction\":[{\"@type\":\"SearchAction\",\"target\":{\"@type\":\"EntryPoint\",\"urlTemplate\":\"https:\/\/www.slt.vr.it\/de\/?s={search_term_string}\"},\"query-input\":\"required name=search_term_string\"}],\"inLanguage\":\"de\"},{\"@type\":\"Organization\",\"@id\":\"https:\/\/www.slt.vr.it\/de\/#organization\",\"name\":\"SLT Strategy Legal Tax\",\"url\":\"https:\/\/www.slt.vr.it\/de\/\",\"logo\":{\"@type\":\"ImageObject\",\"inLanguage\":\"de\",\"@id\":\"https:\/\/www.slt.vr.it\/de\/#\/schema\/logo\/image\/\",\"url\":\"https:\/\/www.slt.vr.it\/wp-content\/uploads\/2015\/10\/SLT-Strategy-Legal-Tax.jpg\",\"contentUrl\":\"https:\/\/www.slt.vr.it\/wp-content\/uploads\/2015\/10\/SLT-Strategy-Legal-Tax.jpg\",\"width\":372,\"height\":336,\"caption\":\"SLT Strategy Legal Tax\"},\"image\":{\"@id\":\"https:\/\/www.slt.vr.it\/de\/#\/schema\/logo\/image\/\"}}]}<\/script>\n<!-- \/ Yoast SEO plugin. -->","yoast_head_json":{"title":"Maurizio Pizzamiglio - SLT Strategy Legal Tax","robots":{"index":"index","follow":"follow","max-snippet":"max-snippet:-1","max-image-preview":"max-image-preview:large","max-video-preview":"max-video-preview:-1"},"canonical":"https:\/\/www.slt.vr.it\/de\/fachleute\/maurizio-pizzamiglio\/","og_locale":"de_DE","og_type":"article","og_title":"Maurizio Pizzamiglio - SLT Strategy Legal Tax","og_url":"https:\/\/www.slt.vr.it\/de\/fachleute\/maurizio-pizzamiglio\/","og_site_name":"SLT Strategy Legal Tax","article_modified_time":"2021-07-24T21:27:10+00:00","twitter_card":"summary_large_image","twitter_misc":{"Gesch\u00e4tzte Lesezeit":"2\u00a0Minuten"},"schema":{"@context":"https:\/\/schema.org","@graph":[{"@type":"WebPage","@id":"https:\/\/www.slt.vr.it\/de\/fachleute\/maurizio-pizzamiglio\/","url":"https:\/\/www.slt.vr.it\/de\/fachleute\/maurizio-pizzamiglio\/","name":"Maurizio Pizzamiglio - SLT Strategy Legal Tax","isPartOf":{"@id":"https:\/\/www.slt.vr.it\/de\/#website"},"datePublished":"2021-05-23T13:53:21+00:00","dateModified":"2021-07-24T21:27:10+00:00","breadcrumb":{"@id":"https:\/\/www.slt.vr.it\/de\/fachleute\/maurizio-pizzamiglio\/#breadcrumb"},"inLanguage":"de","potentialAction":[{"@type":"ReadAction","target":["https:\/\/www.slt.vr.it\/de\/fachleute\/maurizio-pizzamiglio\/"]}]},{"@type":"BreadcrumbList","@id":"https:\/\/www.slt.vr.it\/de\/fachleute\/maurizio-pizzamiglio\/#breadcrumb","itemListElement":[{"@type":"ListItem","position":1,"name":"Home","item":"https:\/\/www.slt.vr.it\/de\/"},{"@type":"ListItem","position":2,"name":"Fachleute","item":"https:\/\/www.slt.vr.it\/de\/fachleute\/"},{"@type":"ListItem","position":3,"name":"Maurizio Pizzamiglio"}]},{"@type":"WebSite","@id":"https:\/\/www.slt.vr.it\/de\/#website","url":"https:\/\/www.slt.vr.it\/de\/","name":"SLT Strategy Legal Tax","description":"","publisher":{"@id":"https:\/\/www.slt.vr.it\/de\/#organization"},"potentialAction":[{"@type":"SearchAction","target":{"@type":"EntryPoint","urlTemplate":"https:\/\/www.slt.vr.it\/de\/?s={search_term_string}"},"query-input":"required name=search_term_string"}],"inLanguage":"de"},{"@type":"Organization","@id":"https:\/\/www.slt.vr.it\/de\/#organization","name":"SLT Strategy Legal Tax","url":"https:\/\/www.slt.vr.it\/de\/","logo":{"@type":"ImageObject","inLanguage":"de","@id":"https:\/\/www.slt.vr.it\/de\/#\/schema\/logo\/image\/","url":"https:\/\/www.slt.vr.it\/wp-content\/uploads\/2015\/10\/SLT-Strategy-Legal-Tax.jpg","contentUrl":"https:\/\/www.slt.vr.it\/wp-content\/uploads\/2015\/10\/SLT-Strategy-Legal-Tax.jpg","width":372,"height":336,"caption":"SLT Strategy Legal Tax"},"image":{"@id":"https:\/\/www.slt.vr.it\/de\/#\/schema\/logo\/image\/"}}]}},"_links":{"self":[{"href":"https:\/\/www.slt.vr.it\/de\/wp-json\/wp\/v2\/pages\/876994"}],"collection":[{"href":"https:\/\/www.slt.vr.it\/de\/wp-json\/wp\/v2\/pages"}],"about":[{"href":"https:\/\/www.slt.vr.it\/de\/wp-json\/wp\/v2\/types\/page"}],"author":[{"embeddable":true,"href":"https:\/\/www.slt.vr.it\/de\/wp-json\/wp\/v2\/users\/54"}],"replies":[{"embeddable":true,"href":"https:\/\/www.slt.vr.it\/de\/wp-json\/wp\/v2\/comments?post=876994"}],"version-history":[{"count":5,"href":"https:\/\/www.slt.vr.it\/de\/wp-json\/wp\/v2\/pages\/876994\/revisions"}],"predecessor-version":[{"id":880591,"href":"https:\/\/www.slt.vr.it\/de\/wp-json\/wp\/v2\/pages\/876994\/revisions\/880591"}],"up":[{"embeddable":true,"href":"https:\/\/www.slt.vr.it\/de\/wp-json\/wp\/v2\/pages\/862131"}],"wp:attachment":[{"href":"https:\/\/www.slt.vr.it\/de\/wp-json\/wp\/v2\/media?parent=876994"}],"curies":[{"name":"wp","href":"https:\/\/api.w.org\/{rel}","templated":true}]}}