{"id":876919,"date":"2021-05-23T15:19:17","date_gmt":"2021-05-23T13:19:17","guid":{"rendered":"https:\/\/www.slt.vr.it\/?page_id=876919"},"modified":"2021-07-30T20:08:07","modified_gmt":"2021-07-30T18:08:07","slug":"paolo-ferrari","status":"publish","type":"page","link":"https:\/\/www.slt.vr.it\/de\/fachleute\/paolo-ferrari\/","title":{"rendered":"Paolo Ferrari"},"content":{"rendered":"<div  class='flex_column av-66enmarm-d389af27c24895568b4ca095067eb3ff av_one_half  avia-builder-el-0  el_before_av_one_half  avia-builder-el-first  first flex_column_div  '     ><style type=\"text\/css\" data-created_by=\"avia_inline_auto\" id=\"style-css-av-kp112ngr-be1127948be95eee8946f0d6a2962fc2\">\n.avia-image-container.av-kp112ngr-be1127948be95eee8946f0d6a2962fc2 img.avia_image{\nbox-shadow:none;\n}\n.avia-image-container.av-kp112ngr-be1127948be95eee8946f0d6a2962fc2 .av-image-caption-overlay-center{\ncolor:#ffffff;\n}\n<\/style>\n<div  class='avia-image-container av-kp112ngr-be1127948be95eee8946f0d6a2962fc2 av-styling- avia-align-center  avia-builder-el-1  avia-builder-el-no-sibling '   itemprop=\"image\" itemscope=\"itemscope\" itemtype=\"https:\/\/schema.org\/ImageObject\" ><div class=\"avia-image-container-inner\"><div class=\"avia-image-overlay-wrap\"><img decoding=\"async\" fetchpriority=\"high\" class='wp-image-862140 avia-img-lazy-loading-not-862140 avia_image ' src=\"https:\/\/www.slt.vr.it\/wp-content\/uploads\/2018\/10\/paolo-ferrari.jpg\" alt='' title='paolo-ferrari'  height=\"1499\" width=\"1000\"  itemprop=\"thumbnailUrl\" srcset=\"https:\/\/www.slt.vr.it\/wp-content\/uploads\/2018\/10\/paolo-ferrari.jpg 1000w, https:\/\/www.slt.vr.it\/wp-content\/uploads\/2018\/10\/paolo-ferrari-200x300.jpg 200w, https:\/\/www.slt.vr.it\/wp-content\/uploads\/2018\/10\/paolo-ferrari-768x1151.jpg 768w, https:\/\/www.slt.vr.it\/wp-content\/uploads\/2018\/10\/paolo-ferrari-687x1030.jpg 687w, https:\/\/www.slt.vr.it\/wp-content\/uploads\/2018\/10\/paolo-ferrari-470x705.jpg 470w, https:\/\/www.slt.vr.it\/wp-content\/uploads\/2018\/10\/paolo-ferrari-450x675.jpg 450w\" sizes=\"(max-width: 1000px) 100vw, 1000px\" \/><\/div><\/div><\/div><\/div>\n<div  class='flex_column av-5joigigy-53720a8da8cd3bc5e4e995a412567cda av_one_half  avia-builder-el-2  el_after_av_one_half  el_before_av_button  flex_column_div  '     ><p>\n<style type=\"text\/css\" data-created_by=\"avia_inline_auto\" id=\"style-css-av-av_heading-748e7c700eb1df422e0b60c9319f7e7e\">\n#top .av-special-heading.av-av_heading-748e7c700eb1df422e0b60c9319f7e7e{\npadding-bottom:10px;\n}\nbody .av-special-heading.av-av_heading-748e7c700eb1df422e0b60c9319f7e7e .av-special-heading-tag .heading-char{\nfont-size:25px;\n}\n.av-special-heading.av-av_heading-748e7c700eb1df422e0b60c9319f7e7e .av-subheading{\nfont-size:10px;\n}\n<\/style>\n<div  class='av-special-heading av-av_heading-748e7c700eb1df422e0b60c9319f7e7e av-special-heading-h3 meta-heading blockquote modern-quote  avia-builder-el-3  el_before_av_textblock  avia-builder-el-first '><h3 class='av-special-heading-tag'  itemprop=\"headline\"  >Paolo Ferrari<\/h3><div class='av-subheading av-subheading_below'><p>Wirtschaftspr\u00fcfer<\/p>\n<\/div><div class=\"special-heading-border\"><div class=\"special-heading-inner-border\"><\/div><\/div><\/div><br \/>\n<section  class='av_textblock_section av-5clglj42-e6f7aec099a3d06fd44455ba6d335ae8 '   itemscope=\"itemscope\" itemtype=\"https:\/\/schema.org\/CreativeWork\" ><div class='avia_textblock'  itemprop=\"text\" ><p>Fachgebiete M&amp;A, Steuer- und Unternehmensberatung<\/p>\n<p>Paolo Ferrari ist Steuerberater und Wirtschaftspr\u00fcfer und sammelte seine Erfahrungen in den Jahren nach seinem Studium in f\u00fchrenden Wirtschaftskanzleien in Mailand, wo er italienische und internationale Industriekonzerne bei komplexen au\u00dferordentlichen Transaktionen zur Unternehmenssanierung, Unternehmensrestrukturierung, Vorbereitung auf den Eintritt in das Kapital multinationaler oder institutioneller Investoren und Generationswechsel unterst\u00fctzte.<\/p>\n<p>Heute befasst er sich vor allem mit au\u00dferordentlichen Operationen der Unternehmensreorganisation, M &amp; A, Steuer- und Unternehmensberatung, Assistenz beim Generations\u00fcbergang von Unternehmens- und Familienverm\u00f6gen, Assistenz bei der Definition und Umsetzung von Projekten des Unternehmens- und Unternehmenswachstums f\u00fcr interne Linien oder Akquisitionen, Bewertung von Unternehmen.<\/p>\n<h4><\/h4>\n<\/div><\/section><br \/>\n\n<style type=\"text\/css\" data-created_by=\"avia_inline_auto\" id=\"style-css-av-av_heading-46df064651e2bb07323750c5b4bcf235\">\n#top .av-special-heading.av-av_heading-46df064651e2bb07323750c5b4bcf235{\npadding-bottom:15px;\n}\nbody .av-special-heading.av-av_heading-46df064651e2bb07323750c5b4bcf235 .av-special-heading-tag .heading-char{\nfont-size:25px;\n}\n.av-special-heading.av-av_heading-46df064651e2bb07323750c5b4bcf235 .av-subheading{\nfont-size:10px;\n}\n<\/style>\n<div  class='av-special-heading av-av_heading-46df064651e2bb07323750c5b4bcf235 av-special-heading-h3 meta-heading  avia-builder-el-5  el_after_av_textblock  el_before_av_progress '><h3 class='av-special-heading-tag'  itemprop=\"headline\"  >Spezialisierungen<\/h3><div class=\"special-heading-border\"><div class=\"special-heading-inner-border\"><\/div><\/div><\/div><br \/>\n\n<style type=\"text\/css\" data-created_by=\"avia_inline_auto\" id=\"style-css-sub-av-52e4qptu-7d8072190dccb677de5af98ac05cba38\">\n#top .avia-progress-bar-container .avia-progress-bar.av-av_progress_bar-0a2e796f0dbd6110d3dfb27a29bedc33 .bar{\nwidth:100%;\n}\n#top .avia-progress-bar-container .avia-progress-bar.av-av_progress_bar-b5c006b26007b9fa31515dfb06351577 .bar{\nwidth:100%;\n}\n<\/style>\n<div  class='avia-progress-bar-container av-52e4qptu-7d8072190dccb677de5af98ac05cba38 av-striped-bar av-animated-bar avia_animate_when_almost_visible  avia-builder-el-6  el_after_av_heading  el_before_av_heading '><div class='avia-progress-bar av-av_progress_bar-0a2e796f0dbd6110d3dfb27a29bedc33 icon-bar-no theme-color-bar theme-color-bar icon-bar-no'><div class=\"progressbar-title-wrap\"><div class='progressbar-icon'><span class='progressbar-char' aria-hidden='true' data-av_icon='\ue800' data-av_iconfont='entypo-fontello'><\/span><\/div><div class='progressbar-title'>M&amp;A<\/div><\/div><div class=\"progress\"><div class=\"bar-outer\"><div class='bar' data-progress='100'><\/div><\/div><\/div><\/div><div class='avia-progress-bar av-av_progress_bar-b5c006b26007b9fa31515dfb06351577 icon-bar-no theme-color-bar theme-color-bar icon-bar-no'><div class=\"progressbar-title-wrap\"><div class='progressbar-icon'><span class='progressbar-char' aria-hidden='true' data-av_icon='\ue800' data-av_iconfont='entypo-fontello'><\/span><\/div><div class='progressbar-title'>Consulenza fiscale e societaria<\/div><\/div><div class=\"progress\"><div class=\"bar-outer\"><div class='bar' data-progress='100'><\/div><\/div><\/div><\/div><\/div><br \/>\n\n<style type=\"text\/css\" data-created_by=\"avia_inline_auto\" id=\"style-css-av-krattxyi-449be71af3df5e5a08af1facf01c1b15\">\n#top .av-special-heading.av-krattxyi-449be71af3df5e5a08af1facf01c1b15{\npadding-bottom:15px;\n}\nbody .av-special-heading.av-krattxyi-449be71af3df5e5a08af1facf01c1b15 .av-special-heading-tag .heading-char{\nfont-size:25px;\n}\n.av-special-heading.av-krattxyi-449be71af3df5e5a08af1facf01c1b15 .av-subheading{\nfont-size:15px;\n}\n<\/style>\n<div  class='av-special-heading av-krattxyi-449be71af3df5e5a08af1facf01c1b15 av-special-heading-h3 meta-heading  avia-builder-el-7  el_after_av_progress  el_before_av_button '><h3 class='av-special-heading-tag'  itemprop=\"headline\"  >Hauptsitz<\/h3><div class=\"special-heading-border\"><div class=\"special-heading-inner-border\"><\/div><\/div><\/div><br \/>\n<div  class='avia-button-wrap av-kratugft-21b1d1e3f35e13b410c53b65278da48e-wrap avia-button-left  avia-builder-el-8  el_after_av_heading  el_before_av_button '><a href=''  class='avia-button av-kratugft-21b1d1e3f35e13b410c53b65278da48e avia-icon_select-yes-left-icon avia-size-small avia-position-left avia-color-theme-color'  ><span class='avia_button_icon avia_button_icon_left' aria-hidden='true' data-av_icon='\ue8bb' data-av_iconfont='entypo-fontello'><\/span><span class='avia_iconbox_title' >Verona<\/span><\/a><\/div><br \/>\n<div  class='avia-button-wrap av-krqnsg6d-1f8e596176d9b2c468c6f7a825506665-wrap avia-button-left  avia-builder-el-9  el_after_av_button  avia-builder-el-last '>\n<style type=\"text\/css\" data-created_by=\"avia_inline_auto\" id=\"style-css-av-krqnsg6d-1f8e596176d9b2c468c6f7a825506665\">\n#top #wrap_all .avia-button.av-krqnsg6d-1f8e596176d9b2c468c6f7a825506665{\nborder-style:none;\ntransition:all 0.4s ease-in-out;\n}\n<\/style>\n<a href=''  class='avia-button av-krqnsg6d-1f8e596176d9b2c468c6f7a825506665 avia-icon_select-yes-left-icon avia-size-small avia-position-left avia-color-theme-color'  ><span class='avia_button_icon avia_button_icon_left' aria-hidden='true' data-av_icon='\ue8bb' data-av_iconfont='entypo-fontello'><\/span><span class='avia_iconbox_title' >Mailand<\/span><\/a><\/div><\/p><\/div><div  class='avia-button-wrap av-av_button-fa6eef03563ee77828ffa622a0255721-wrap avia-button-center  avia-builder-el-10  el_after_av_one_half  avia-builder-el-last '><a href=''  class='avia-button av-av_button-fa6eef03563ee77828ffa622a0255721 avia-icon_select-yes-left-icon avia-size-small avia-position-center avia-color-theme-color'  ><span class='avia_button_icon avia_button_icon_left' aria-hidden='true' data-av_icon='' data-av_iconfont='entypo-fontello'><\/span><span class='avia_iconbox_title' >Klick mich<\/span><\/a><\/div><\/p>\n","protected":false},"excerpt":{"rendered":"","protected":false},"author":54,"featured_media":0,"parent":862131,"menu_order":0,"comment_status":"open","ping_status":"closed","template":"","meta":{"footnotes":"","iawp_total_views":13},"yoast_head":"<!-- This site is optimized with the Yoast SEO plugin v22.3 - https:\/\/yoast.com\/wordpress\/plugins\/seo\/ -->\n<title>Paolo Ferrari - SLT Strategy Legal Tax<\/title>\n<meta name=\"robots\" content=\"index, follow, max-snippet:-1, max-image-preview:large, max-video-preview:-1\" \/>\n<link rel=\"canonical\" href=\"https:\/\/www.slt.vr.it\/de\/fachleute\/paolo-ferrari\/\" \/>\n<meta property=\"og:locale\" content=\"de_DE\" \/>\n<meta property=\"og:type\" content=\"article\" \/>\n<meta property=\"og:title\" content=\"Paolo Ferrari - SLT Strategy Legal Tax\" \/>\n<meta property=\"og:url\" content=\"https:\/\/www.slt.vr.it\/de\/fachleute\/paolo-ferrari\/\" \/>\n<meta property=\"og:site_name\" content=\"SLT Strategy Legal Tax\" \/>\n<meta property=\"article:modified_time\" content=\"2021-07-30T18:08:07+00:00\" \/>\n<meta name=\"twitter:card\" content=\"summary_large_image\" \/>\n<meta name=\"twitter:label1\" content=\"Gesch\u00e4tzte Lesezeit\" \/>\n\t<meta name=\"twitter:data1\" content=\"2\u00a0Minuten\" \/>\n<script type=\"application\/ld+json\" class=\"yoast-schema-graph\">{\"@context\":\"https:\/\/schema.org\",\"@graph\":[{\"@type\":\"WebPage\",\"@id\":\"https:\/\/www.slt.vr.it\/de\/fachleute\/paolo-ferrari\/\",\"url\":\"https:\/\/www.slt.vr.it\/de\/fachleute\/paolo-ferrari\/\",\"name\":\"Paolo Ferrari - SLT Strategy Legal Tax\",\"isPartOf\":{\"@id\":\"https:\/\/www.slt.vr.it\/de\/#website\"},\"datePublished\":\"2021-05-23T13:19:17+00:00\",\"dateModified\":\"2021-07-30T18:08:07+00:00\",\"breadcrumb\":{\"@id\":\"https:\/\/www.slt.vr.it\/de\/fachleute\/paolo-ferrari\/#breadcrumb\"},\"inLanguage\":\"de\",\"potentialAction\":[{\"@type\":\"ReadAction\",\"target\":[\"https:\/\/www.slt.vr.it\/de\/fachleute\/paolo-ferrari\/\"]}]},{\"@type\":\"BreadcrumbList\",\"@id\":\"https:\/\/www.slt.vr.it\/de\/fachleute\/paolo-ferrari\/#breadcrumb\",\"itemListElement\":[{\"@type\":\"ListItem\",\"position\":1,\"name\":\"Home\",\"item\":\"https:\/\/www.slt.vr.it\/de\/\"},{\"@type\":\"ListItem\",\"position\":2,\"name\":\"Fachleute\",\"item\":\"https:\/\/www.slt.vr.it\/de\/fachleute\/\"},{\"@type\":\"ListItem\",\"position\":3,\"name\":\"Paolo Ferrari\"}]},{\"@type\":\"WebSite\",\"@id\":\"https:\/\/www.slt.vr.it\/de\/#website\",\"url\":\"https:\/\/www.slt.vr.it\/de\/\",\"name\":\"SLT Strategy Legal Tax\",\"description\":\"\",\"publisher\":{\"@id\":\"https:\/\/www.slt.vr.it\/de\/#organization\"},\"potentialAction\":[{\"@type\":\"SearchAction\",\"target\":{\"@type\":\"EntryPoint\",\"urlTemplate\":\"https:\/\/www.slt.vr.it\/de\/?s={search_term_string}\"},\"query-input\":\"required name=search_term_string\"}],\"inLanguage\":\"de\"},{\"@type\":\"Organization\",\"@id\":\"https:\/\/www.slt.vr.it\/de\/#organization\",\"name\":\"SLT Strategy Legal Tax\",\"url\":\"https:\/\/www.slt.vr.it\/de\/\",\"logo\":{\"@type\":\"ImageObject\",\"inLanguage\":\"de\",\"@id\":\"https:\/\/www.slt.vr.it\/de\/#\/schema\/logo\/image\/\",\"url\":\"https:\/\/www.slt.vr.it\/wp-content\/uploads\/2015\/10\/SLT-Strategy-Legal-Tax.jpg\",\"contentUrl\":\"https:\/\/www.slt.vr.it\/wp-content\/uploads\/2015\/10\/SLT-Strategy-Legal-Tax.jpg\",\"width\":372,\"height\":336,\"caption\":\"SLT Strategy Legal Tax\"},\"image\":{\"@id\":\"https:\/\/www.slt.vr.it\/de\/#\/schema\/logo\/image\/\"}}]}<\/script>\n<!-- \/ Yoast SEO plugin. -->","yoast_head_json":{"title":"Paolo Ferrari - SLT Strategy Legal Tax","robots":{"index":"index","follow":"follow","max-snippet":"max-snippet:-1","max-image-preview":"max-image-preview:large","max-video-preview":"max-video-preview:-1"},"canonical":"https:\/\/www.slt.vr.it\/de\/fachleute\/paolo-ferrari\/","og_locale":"de_DE","og_type":"article","og_title":"Paolo Ferrari - SLT Strategy Legal Tax","og_url":"https:\/\/www.slt.vr.it\/de\/fachleute\/paolo-ferrari\/","og_site_name":"SLT Strategy Legal Tax","article_modified_time":"2021-07-30T18:08:07+00:00","twitter_card":"summary_large_image","twitter_misc":{"Gesch\u00e4tzte Lesezeit":"2\u00a0Minuten"},"schema":{"@context":"https:\/\/schema.org","@graph":[{"@type":"WebPage","@id":"https:\/\/www.slt.vr.it\/de\/fachleute\/paolo-ferrari\/","url":"https:\/\/www.slt.vr.it\/de\/fachleute\/paolo-ferrari\/","name":"Paolo Ferrari - SLT Strategy Legal Tax","isPartOf":{"@id":"https:\/\/www.slt.vr.it\/de\/#website"},"datePublished":"2021-05-23T13:19:17+00:00","dateModified":"2021-07-30T18:08:07+00:00","breadcrumb":{"@id":"https:\/\/www.slt.vr.it\/de\/fachleute\/paolo-ferrari\/#breadcrumb"},"inLanguage":"de","potentialAction":[{"@type":"ReadAction","target":["https:\/\/www.slt.vr.it\/de\/fachleute\/paolo-ferrari\/"]}]},{"@type":"BreadcrumbList","@id":"https:\/\/www.slt.vr.it\/de\/fachleute\/paolo-ferrari\/#breadcrumb","itemListElement":[{"@type":"ListItem","position":1,"name":"Home","item":"https:\/\/www.slt.vr.it\/de\/"},{"@type":"ListItem","position":2,"name":"Fachleute","item":"https:\/\/www.slt.vr.it\/de\/fachleute\/"},{"@type":"ListItem","position":3,"name":"Paolo Ferrari"}]},{"@type":"WebSite","@id":"https:\/\/www.slt.vr.it\/de\/#website","url":"https:\/\/www.slt.vr.it\/de\/","name":"SLT Strategy Legal Tax","description":"","publisher":{"@id":"https:\/\/www.slt.vr.it\/de\/#organization"},"potentialAction":[{"@type":"SearchAction","target":{"@type":"EntryPoint","urlTemplate":"https:\/\/www.slt.vr.it\/de\/?s={search_term_string}"},"query-input":"required name=search_term_string"}],"inLanguage":"de"},{"@type":"Organization","@id":"https:\/\/www.slt.vr.it\/de\/#organization","name":"SLT Strategy Legal Tax","url":"https:\/\/www.slt.vr.it\/de\/","logo":{"@type":"ImageObject","inLanguage":"de","@id":"https:\/\/www.slt.vr.it\/de\/#\/schema\/logo\/image\/","url":"https:\/\/www.slt.vr.it\/wp-content\/uploads\/2015\/10\/SLT-Strategy-Legal-Tax.jpg","contentUrl":"https:\/\/www.slt.vr.it\/wp-content\/uploads\/2015\/10\/SLT-Strategy-Legal-Tax.jpg","width":372,"height":336,"caption":"SLT Strategy Legal Tax"},"image":{"@id":"https:\/\/www.slt.vr.it\/de\/#\/schema\/logo\/image\/"}}]}},"_links":{"self":[{"href":"https:\/\/www.slt.vr.it\/de\/wp-json\/wp\/v2\/pages\/876919"}],"collection":[{"href":"https:\/\/www.slt.vr.it\/de\/wp-json\/wp\/v2\/pages"}],"about":[{"href":"https:\/\/www.slt.vr.it\/de\/wp-json\/wp\/v2\/types\/page"}],"author":[{"embeddable":true,"href":"https:\/\/www.slt.vr.it\/de\/wp-json\/wp\/v2\/users\/54"}],"replies":[{"embeddable":true,"href":"https:\/\/www.slt.vr.it\/de\/wp-json\/wp\/v2\/comments?post=876919"}],"version-history":[{"count":5,"href":"https:\/\/www.slt.vr.it\/de\/wp-json\/wp\/v2\/pages\/876919\/revisions"}],"predecessor-version":[{"id":881582,"href":"https:\/\/www.slt.vr.it\/de\/wp-json\/wp\/v2\/pages\/876919\/revisions\/881582"}],"up":[{"embeddable":true,"href":"https:\/\/www.slt.vr.it\/de\/wp-json\/wp\/v2\/pages\/862131"}],"wp:attachment":[{"href":"https:\/\/www.slt.vr.it\/de\/wp-json\/wp\/v2\/media?parent=876919"}],"curies":[{"name":"wp","href":"https:\/\/api.w.org\/{rel}","templated":true}]}}