{"id":876650,"date":"2021-05-23T12:14:39","date_gmt":"2021-05-23T10:14:39","guid":{"rendered":"https:\/\/www.slt.vr.it\/fachleute\/claudio-ceradini\/"},"modified":"2021-07-19T17:45:54","modified_gmt":"2021-07-19T15:45:54","slug":"claudio-ceradini","status":"publish","type":"page","link":"https:\/\/www.slt.vr.it\/de\/fachleute\/claudio-ceradini\/","title":{"rendered":"Claudio Ceradini"},"content":{"rendered":"<div  class='flex_column av-66enmarm-d389af27c24895568b4ca095067eb3ff av_one_half  avia-builder-el-0  el_before_av_one_half  avia-builder-el-first  first flex_column_div  '     ><style type=\"text\/css\" data-created_by=\"avia_inline_auto\" id=\"style-css-av-kp112ngr-fb0419516d82326138b98c532a2b1486\">\n.avia-image-container.av-kp112ngr-fb0419516d82326138b98c532a2b1486 img.avia_image{\nbox-shadow:none;\n}\n.avia-image-container.av-kp112ngr-fb0419516d82326138b98c532a2b1486 .av-image-caption-overlay-center{\ncolor:#ffffff;\n}\n<\/style>\n<div  class='avia-image-container av-kp112ngr-fb0419516d82326138b98c532a2b1486 av-styling- avia-align-center  avia-builder-el-1  avia-builder-el-no-sibling '   itemprop=\"image\" itemscope=\"itemscope\" itemtype=\"https:\/\/schema.org\/ImageObject\" ><div class=\"avia-image-container-inner\"><div class=\"avia-image-overlay-wrap\"><img decoding=\"async\" fetchpriority=\"high\" class='wp-image-862133 avia-img-lazy-loading-not-862133 avia_image ' src=\"https:\/\/www.slt.vr.it\/wp-content\/uploads\/2018\/10\/claudio-ceradini.jpg\" alt='' title='claudio ceradini'  height=\"1498\" width=\"1000\"  itemprop=\"thumbnailUrl\" srcset=\"https:\/\/www.slt.vr.it\/wp-content\/uploads\/2018\/10\/claudio-ceradini.jpg 1000w, https:\/\/www.slt.vr.it\/wp-content\/uploads\/2018\/10\/claudio-ceradini-200x300.jpg 200w, https:\/\/www.slt.vr.it\/wp-content\/uploads\/2018\/10\/claudio-ceradini-768x1150.jpg 768w, https:\/\/www.slt.vr.it\/wp-content\/uploads\/2018\/10\/claudio-ceradini-688x1030.jpg 688w, https:\/\/www.slt.vr.it\/wp-content\/uploads\/2018\/10\/claudio-ceradini-471x705.jpg 471w, https:\/\/www.slt.vr.it\/wp-content\/uploads\/2018\/10\/claudio-ceradini-450x674.jpg 450w\" sizes=\"(max-width: 1000px) 100vw, 1000px\" \/><\/div><\/div><\/div><\/div>\n<div  class='flex_column av-5joigigy-53720a8da8cd3bc5e4e995a412567cda av_one_half  avia-builder-el-2  el_after_av_one_half  avia-builder-el-last  flex_column_div  '     ><p>\n<style type=\"text\/css\" data-created_by=\"avia_inline_auto\" id=\"style-css-av-av_heading-088f5145af9ee5c903596e79da35ff86\">\n#top .av-special-heading.av-av_heading-088f5145af9ee5c903596e79da35ff86{\npadding-bottom:10px;\n}\nbody .av-special-heading.av-av_heading-088f5145af9ee5c903596e79da35ff86 .av-special-heading-tag .heading-char{\nfont-size:25px;\n}\n.av-special-heading.av-av_heading-088f5145af9ee5c903596e79da35ff86 .av-subheading{\nfont-size:10px;\n}\n<\/style>\n<div  class='av-special-heading av-av_heading-088f5145af9ee5c903596e79da35ff86 av-special-heading-h3 meta-heading blockquote modern-quote  avia-builder-el-3  el_before_av_textblock  avia-builder-el-first '><h3 class='av-special-heading-tag'  itemprop=\"headline\"  >Claudio Ceradini<\/h3><div class='av-subheading av-subheading_below'><p>Wirtschaftspr\u00fcfer<\/p>\n<\/div><div class=\"special-heading-border\"><div class=\"special-heading-inner-border\"><\/div><\/div><\/div><br \/>\n<section  class='av_textblock_section av-5clglj42-e6f7aec099a3d06fd44455ba6d335ae8 '   itemscope=\"itemscope\" itemtype=\"https:\/\/schema.org\/CreativeWork\" ><div class='avia_textblock'  itemprop=\"text\" ><p>FachgebieteM &amp; A, Businessplan, Unterst\u00fctzung bei der Globalisierung der T\u00e4tigkeit spezialisierte Unterst\u00fctzung ww mit GGI, Management Kostenkontrolle und Reporting.<\/p>\n<p>Chartered Accountant, Auditor, sammelte seine Erfahrungen in den Jahren nach dem Studium im B\u00fcro von Prof. Massimo Saita, Professor f\u00fcr Allgemeines Rechnungswesen an der Universit\u00e4t Mailand, und arbeitet seither in den Bereichen M&amp;A, au\u00dferordentliche Transaktionen, Wirtschafts- und Finanzplanung. Langj\u00e4hriger Vertragsprofessor f\u00fcr Unternehmensstrategien und -politiken, Planung und Kontrolle sowie Rechnungswesen f\u00fcr Kapitalm\u00e4rkte an der Fakult\u00e4t f\u00fcr Wirtschaftswissenschaften der Universit\u00e4t Verona. Heute besch\u00e4ftigt er sich haupts\u00e4chlich mit M&amp;A, Turnaround- und Re-Start-Pl\u00e4nen, f\u00fcr Unternehmen und Einzelpersonen, Wirtschafts- und Finanzplanung im Team mit Strategie- und Marketingexperten, Generationswechsel, au\u00dfergew\u00f6hnlichen Transaktionen, Steuer- und Unternehmensberatung. Er publiziert regelm\u00e4\u00dfig in Il Sole 24 Ore und in den Fachzeitschriften der Gruppe, f\u00fcr die er auch als Sprecher t\u00e4tig ist.<\/p>\n<h4><\/h4>\n<\/div><\/section><br \/>\n\n<style type=\"text\/css\" data-created_by=\"avia_inline_auto\" id=\"style-css-av-av_heading-46df064651e2bb07323750c5b4bcf235\">\n#top .av-special-heading.av-av_heading-46df064651e2bb07323750c5b4bcf235{\npadding-bottom:15px;\n}\nbody .av-special-heading.av-av_heading-46df064651e2bb07323750c5b4bcf235 .av-special-heading-tag .heading-char{\nfont-size:25px;\n}\n.av-special-heading.av-av_heading-46df064651e2bb07323750c5b4bcf235 .av-subheading{\nfont-size:10px;\n}\n<\/style>\n<div  class='av-special-heading av-av_heading-46df064651e2bb07323750c5b4bcf235 av-special-heading-h3 meta-heading  avia-builder-el-5  el_after_av_textblock  el_before_av_progress '><h3 class='av-special-heading-tag'  itemprop=\"headline\"  >Spezialisierungen<\/h3><div class=\"special-heading-border\"><div class=\"special-heading-inner-border\"><\/div><\/div><\/div><br \/>\n\n<style type=\"text\/css\" data-created_by=\"avia_inline_auto\" id=\"style-css-sub-av-52e4qptu-7d8072190dccb677de5af98ac05cba38\">\n#top .avia-progress-bar-container .avia-progress-bar.av-av_progress_bar-bc7f8e47e04ecee244c4c19b2734d5ef .bar{\nwidth:100%;\n}\n#top .avia-progress-bar-container .avia-progress-bar.av-av_progress_bar-e44dcaefe0c06d0ded4ed058c391f66a .bar{\nwidth:100%;\n}\n#top .avia-progress-bar-container .avia-progress-bar.av-av_progress_bar-f2fd005b7b02c4895468e42b6ee2efac .bar{\nwidth:100%;\n}\n<\/style>\n<div  class='avia-progress-bar-container av-52e4qptu-7d8072190dccb677de5af98ac05cba38 av-striped-bar av-animated-bar avia_animate_when_almost_visible  avia-builder-el-6  el_after_av_heading  el_before_av_heading '><div class='avia-progress-bar av-av_progress_bar-bc7f8e47e04ecee244c4c19b2734d5ef icon-bar-no theme-color-bar theme-color-bar icon-bar-no'><div class=\"progressbar-title-wrap\"><div class='progressbar-icon'><span class='progressbar-char' aria-hidden='true' data-av_icon='' data-av_iconfont='entypo-fontello'><\/span><\/div><div class='progressbar-title'>M&amp;A<\/div><\/div><div class=\"progress\"><div class=\"bar-outer\"><div class='bar' data-progress='100'><\/div><\/div><\/div><\/div><div class='avia-progress-bar av-av_progress_bar-e44dcaefe0c06d0ded4ed058c391f66a icon-bar-no theme-color-bar theme-color-bar icon-bar-no'><div class=\"progressbar-title-wrap\"><div class='progressbar-icon'><span class='progressbar-char' aria-hidden='true' data-av_icon='\ue800' data-av_iconfont='entypo-fontello'><\/span><\/div><div class='progressbar-title'>Assistenza alla globalizzazione dell\u2019attivit\u00e0 \u2013 Assistenza specializzata ww con GGI<\/div><\/div><div class=\"progress\"><div class=\"bar-outer\"><div class='bar' data-progress='100'><\/div><\/div><\/div><\/div><div class='avia-progress-bar av-av_progress_bar-f2fd005b7b02c4895468e42b6ee2efac icon-bar-no theme-color-bar theme-color-bar icon-bar-no'><div class=\"progressbar-title-wrap\"><div class='progressbar-icon'><span class='progressbar-char' aria-hidden='true' data-av_icon='\ue800' data-av_iconfont='entypo-fontello'><\/span><\/div><div class='progressbar-title'>Controllo dei costi di gestione e reporting<\/div><\/div><div class=\"progress\"><div class=\"bar-outer\"><div class='bar' data-progress='100'><\/div><\/div><\/div><\/div><\/div><br \/>\n\n<style type=\"text\/css\" data-created_by=\"avia_inline_auto\" id=\"style-css-av-av_heading-0952580d32284019691c0151cc165a7a\">\n#top .av-special-heading.av-av_heading-0952580d32284019691c0151cc165a7a{\npadding-bottom:15px;\n}\nbody .av-special-heading.av-av_heading-0952580d32284019691c0151cc165a7a .av-special-heading-tag .heading-char{\nfont-size:25px;\n}\n.av-special-heading.av-av_heading-0952580d32284019691c0151cc165a7a .av-subheading{\nfont-size:15px;\n}\n<\/style>\n<div  class='av-special-heading av-av_heading-0952580d32284019691c0151cc165a7a av-special-heading-h3 meta-heading  avia-builder-el-7  el_after_av_progress  el_before_av_button '><h3 class='av-special-heading-tag'  itemprop=\"headline\"  >Hauptsitz<\/h3><div class=\"special-heading-border\"><div class=\"special-heading-inner-border\"><\/div><\/div><\/div><br \/>\n<div  class='avia-button-wrap av-krar2pii-1b9e672d8ad64694167847d7a889128e-wrap avia-button-left  avia-builder-el-8  el_after_av_heading  el_before_av_button '><a href=''  class='avia-button av-krar2pii-1b9e672d8ad64694167847d7a889128e avia-icon_select-yes-left-icon avia-size-small avia-position-left avia-color-theme-color'  ><span class='avia_button_icon avia_button_icon_left' aria-hidden='true' data-av_icon='\ue8bb' data-av_iconfont='entypo-fontello'><\/span><span class='avia_iconbox_title' >Verona<\/span><\/a><\/div><br \/>\n<div  class='avia-button-wrap av-krar2pii-26d38280d76e0000bdca11f8a8f172f9-wrap avia-button-left  avia-builder-el-9  el_after_av_button  avia-builder-el-last '><a href=''  class='avia-button av-krar2pii-26d38280d76e0000bdca11f8a8f172f9 avia-icon_select-yes-left-icon avia-size-small avia-position-left avia-color-theme-color'  ><span class='avia_button_icon avia_button_icon_left' aria-hidden='true' data-av_icon='\ue8bb' data-av_iconfont='entypo-fontello'><\/span><span class='avia_iconbox_title' >Mailand<\/span><\/a><\/div><\/p><\/div>\n","protected":false},"excerpt":{"rendered":"","protected":false},"author":54,"featured_media":0,"parent":862131,"menu_order":0,"comment_status":"open","ping_status":"open","template":"","meta":{"footnotes":"","iawp_total_views":9},"yoast_head":"<!-- This site is optimized with the Yoast SEO plugin v22.3 - https:\/\/yoast.com\/wordpress\/plugins\/seo\/ -->\n<title>Claudio Ceradini - SLT Strategy Legal Tax<\/title>\n<meta name=\"robots\" content=\"index, follow, max-snippet:-1, max-image-preview:large, max-video-preview:-1\" \/>\n<link rel=\"canonical\" href=\"https:\/\/www.slt.vr.it\/de\/fachleute\/claudio-ceradini\/\" \/>\n<meta property=\"og:locale\" content=\"de_DE\" \/>\n<meta property=\"og:type\" content=\"article\" \/>\n<meta property=\"og:title\" content=\"Claudio Ceradini - SLT Strategy Legal Tax\" \/>\n<meta property=\"og:url\" content=\"https:\/\/www.slt.vr.it\/de\/fachleute\/claudio-ceradini\/\" \/>\n<meta property=\"og:site_name\" content=\"SLT Strategy Legal Tax\" \/>\n<meta property=\"article:modified_time\" content=\"2021-07-19T15:45:54+00:00\" \/>\n<meta name=\"twitter:card\" content=\"summary_large_image\" \/>\n<meta name=\"twitter:label1\" content=\"Gesch\u00e4tzte Lesezeit\" \/>\n\t<meta name=\"twitter:data1\" content=\"2\u00a0Minuten\" \/>\n<script type=\"application\/ld+json\" class=\"yoast-schema-graph\">{\"@context\":\"https:\/\/schema.org\",\"@graph\":[{\"@type\":\"WebPage\",\"@id\":\"https:\/\/www.slt.vr.it\/de\/fachleute\/claudio-ceradini\/\",\"url\":\"https:\/\/www.slt.vr.it\/de\/fachleute\/claudio-ceradini\/\",\"name\":\"Claudio Ceradini - SLT Strategy Legal Tax\",\"isPartOf\":{\"@id\":\"https:\/\/www.slt.vr.it\/de\/#website\"},\"datePublished\":\"2021-05-23T10:14:39+00:00\",\"dateModified\":\"2021-07-19T15:45:54+00:00\",\"breadcrumb\":{\"@id\":\"https:\/\/www.slt.vr.it\/de\/fachleute\/claudio-ceradini\/#breadcrumb\"},\"inLanguage\":\"de\",\"potentialAction\":[{\"@type\":\"ReadAction\",\"target\":[\"https:\/\/www.slt.vr.it\/de\/fachleute\/claudio-ceradini\/\"]}]},{\"@type\":\"BreadcrumbList\",\"@id\":\"https:\/\/www.slt.vr.it\/de\/fachleute\/claudio-ceradini\/#breadcrumb\",\"itemListElement\":[{\"@type\":\"ListItem\",\"position\":1,\"name\":\"Home\",\"item\":\"https:\/\/www.slt.vr.it\/de\/\"},{\"@type\":\"ListItem\",\"position\":2,\"name\":\"Fachleute\",\"item\":\"https:\/\/www.slt.vr.it\/de\/fachleute\/\"},{\"@type\":\"ListItem\",\"position\":3,\"name\":\"Claudio Ceradini\"}]},{\"@type\":\"WebSite\",\"@id\":\"https:\/\/www.slt.vr.it\/de\/#website\",\"url\":\"https:\/\/www.slt.vr.it\/de\/\",\"name\":\"SLT Strategy Legal Tax\",\"description\":\"\",\"publisher\":{\"@id\":\"https:\/\/www.slt.vr.it\/de\/#organization\"},\"potentialAction\":[{\"@type\":\"SearchAction\",\"target\":{\"@type\":\"EntryPoint\",\"urlTemplate\":\"https:\/\/www.slt.vr.it\/de\/?s={search_term_string}\"},\"query-input\":\"required name=search_term_string\"}],\"inLanguage\":\"de\"},{\"@type\":\"Organization\",\"@id\":\"https:\/\/www.slt.vr.it\/de\/#organization\",\"name\":\"SLT Strategy Legal Tax\",\"url\":\"https:\/\/www.slt.vr.it\/de\/\",\"logo\":{\"@type\":\"ImageObject\",\"inLanguage\":\"de\",\"@id\":\"https:\/\/www.slt.vr.it\/de\/#\/schema\/logo\/image\/\",\"url\":\"https:\/\/www.slt.vr.it\/wp-content\/uploads\/2015\/10\/SLT-Strategy-Legal-Tax.jpg\",\"contentUrl\":\"https:\/\/www.slt.vr.it\/wp-content\/uploads\/2015\/10\/SLT-Strategy-Legal-Tax.jpg\",\"width\":372,\"height\":336,\"caption\":\"SLT Strategy Legal Tax\"},\"image\":{\"@id\":\"https:\/\/www.slt.vr.it\/de\/#\/schema\/logo\/image\/\"}}]}<\/script>\n<!-- \/ Yoast SEO plugin. -->","yoast_head_json":{"title":"Claudio Ceradini - SLT Strategy Legal Tax","robots":{"index":"index","follow":"follow","max-snippet":"max-snippet:-1","max-image-preview":"max-image-preview:large","max-video-preview":"max-video-preview:-1"},"canonical":"https:\/\/www.slt.vr.it\/de\/fachleute\/claudio-ceradini\/","og_locale":"de_DE","og_type":"article","og_title":"Claudio Ceradini - SLT Strategy Legal Tax","og_url":"https:\/\/www.slt.vr.it\/de\/fachleute\/claudio-ceradini\/","og_site_name":"SLT Strategy Legal Tax","article_modified_time":"2021-07-19T15:45:54+00:00","twitter_card":"summary_large_image","twitter_misc":{"Gesch\u00e4tzte Lesezeit":"2\u00a0Minuten"},"schema":{"@context":"https:\/\/schema.org","@graph":[{"@type":"WebPage","@id":"https:\/\/www.slt.vr.it\/de\/fachleute\/claudio-ceradini\/","url":"https:\/\/www.slt.vr.it\/de\/fachleute\/claudio-ceradini\/","name":"Claudio Ceradini - SLT Strategy Legal Tax","isPartOf":{"@id":"https:\/\/www.slt.vr.it\/de\/#website"},"datePublished":"2021-05-23T10:14:39+00:00","dateModified":"2021-07-19T15:45:54+00:00","breadcrumb":{"@id":"https:\/\/www.slt.vr.it\/de\/fachleute\/claudio-ceradini\/#breadcrumb"},"inLanguage":"de","potentialAction":[{"@type":"ReadAction","target":["https:\/\/www.slt.vr.it\/de\/fachleute\/claudio-ceradini\/"]}]},{"@type":"BreadcrumbList","@id":"https:\/\/www.slt.vr.it\/de\/fachleute\/claudio-ceradini\/#breadcrumb","itemListElement":[{"@type":"ListItem","position":1,"name":"Home","item":"https:\/\/www.slt.vr.it\/de\/"},{"@type":"ListItem","position":2,"name":"Fachleute","item":"https:\/\/www.slt.vr.it\/de\/fachleute\/"},{"@type":"ListItem","position":3,"name":"Claudio Ceradini"}]},{"@type":"WebSite","@id":"https:\/\/www.slt.vr.it\/de\/#website","url":"https:\/\/www.slt.vr.it\/de\/","name":"SLT Strategy Legal Tax","description":"","publisher":{"@id":"https:\/\/www.slt.vr.it\/de\/#organization"},"potentialAction":[{"@type":"SearchAction","target":{"@type":"EntryPoint","urlTemplate":"https:\/\/www.slt.vr.it\/de\/?s={search_term_string}"},"query-input":"required name=search_term_string"}],"inLanguage":"de"},{"@type":"Organization","@id":"https:\/\/www.slt.vr.it\/de\/#organization","name":"SLT Strategy Legal Tax","url":"https:\/\/www.slt.vr.it\/de\/","logo":{"@type":"ImageObject","inLanguage":"de","@id":"https:\/\/www.slt.vr.it\/de\/#\/schema\/logo\/image\/","url":"https:\/\/www.slt.vr.it\/wp-content\/uploads\/2015\/10\/SLT-Strategy-Legal-Tax.jpg","contentUrl":"https:\/\/www.slt.vr.it\/wp-content\/uploads\/2015\/10\/SLT-Strategy-Legal-Tax.jpg","width":372,"height":336,"caption":"SLT Strategy Legal Tax"},"image":{"@id":"https:\/\/www.slt.vr.it\/de\/#\/schema\/logo\/image\/"}}]}},"_links":{"self":[{"href":"https:\/\/www.slt.vr.it\/de\/wp-json\/wp\/v2\/pages\/876650"}],"collection":[{"href":"https:\/\/www.slt.vr.it\/de\/wp-json\/wp\/v2\/pages"}],"about":[{"href":"https:\/\/www.slt.vr.it\/de\/wp-json\/wp\/v2\/types\/page"}],"author":[{"embeddable":true,"href":"https:\/\/www.slt.vr.it\/de\/wp-json\/wp\/v2\/users\/54"}],"replies":[{"embeddable":true,"href":"https:\/\/www.slt.vr.it\/de\/wp-json\/wp\/v2\/comments?post=876650"}],"version-history":[{"count":4,"href":"https:\/\/www.slt.vr.it\/de\/wp-json\/wp\/v2\/pages\/876650\/revisions"}],"predecessor-version":[{"id":880371,"href":"https:\/\/www.slt.vr.it\/de\/wp-json\/wp\/v2\/pages\/876650\/revisions\/880371"}],"up":[{"embeddable":true,"href":"https:\/\/www.slt.vr.it\/de\/wp-json\/wp\/v2\/pages\/862131"}],"wp:attachment":[{"href":"https:\/\/www.slt.vr.it\/de\/wp-json\/wp\/v2\/media?parent=876650"}],"curies":[{"name":"wp","href":"https:\/\/api.w.org\/{rel}","templated":true}]}}