{"id":862121,"date":"2017-03-13T12:33:12","date_gmt":"2017-03-13T11:33:12","guid":{"rendered":"https:\/\/www.slt.vr.it\/slt-partners\/"},"modified":"2021-03-13T22:09:05","modified_gmt":"2021-03-13T21:09:05","slug":"slt-partners","status":"publish","type":"page","link":"https:\/\/www.slt.vr.it\/de\/slt-partners\/","title":{"rendered":"SLT &#038; Partners"},"content":{"rendered":"<section  class='av_textblock_section av-jo5udy9o-50cd9dea025f9e4650dbf917c1b4a1af '   itemscope=\"itemscope\" itemtype=\"https:\/\/schema.org\/CreativeWork\" ><div class='avia_textblock'  itemprop=\"text\" ><h2>WARUM SLT &amp; PARTNERS<\/h2>\n<p>Die Notwendigkeit der st\u00e4ndigen Anpassung unserer Arbeit an die sich \u00e4ndernden Bed\u00fcrfnisse unserer Kunden ist ein gemeinsames Merkmal unseres Berufs.<\/p>\n<p>Als Vermittler zwischen wirtschaftlicher Realit\u00e4t und regulatorischer Wirklichkeit sind wir Tag f\u00fcr Tag gefordert, unsere Arbeit an die sich st\u00e4ndig ver\u00e4ndernde Dynamik anzupassen, um das Beste f\u00fcr unsere Kunden und eine berufliche und wirtschaftliche Befriedigung f\u00fcr uns zu erreichen; dies erfordert Hingabe, Leidenschaft, gro\u00dfes Engagement und hohe Spezialisierung.<\/p>\n<p>Diese Qualit\u00e4ten in andere Gebiete als die heimischen zu bringen, solide Synergien mit erfahrenen Fachleuten zu schaffen, die unsere Werte teilen, stellt den Kern des SLT &amp; Partners Projekts dar.<\/p>\n<h2>WAS IST SLT &amp; PARTNER<\/h2>\n<p>Durch eine enge Zusammenarbeit werden wir in der Lage sein, neue berufliche Chancen zu ergreifen, indem wir gemeinsam spezialisierte professionelle Dienstleistungen in folgenden Bereichen anbieten<\/p>\n<p>gro\u00dfes Interesse und Rentabilit\u00e4t: auf diese Weise werden wir in der Lage sein, neue Arbeitsm\u00f6glichkeiten zu schaffen (SLT, wird in neuen territorialen Gebieten t\u00e4tig werden; der einzelne Partner, wird Arbeitsm\u00f6glichkeiten in Gebieten abfangen, die bisher unerschlossen waren oder die mit einer Verschwendung von Ressourcen h\u00e4tten erschlossen werden k\u00f6nnen).<\/p>\n<h2>TRANSPARENZ UND KUNDENZENTRALIT\u00c4T<\/h2>\n<p>Pers\u00f6nliche Beziehungen zu Kunden sind das Markenzeichen eines jeden Profis. Aus diesem Grund sieht das Projekt von SLT &amp; Partners die Einbindung des Partners in erster Linie in die Verwaltung des Kunden vor, dessen Beziehungen immer das ausschlie\u00dfliche Vorrecht des lokalen Referenzprofis bleiben werden.<\/p>\n<h2>\u00dcBER DIE REINE ZUSAMMENARBEIT HINAUS<\/h2>\n<p>SLT &amp; Partners ist nicht nur ein Projekt der professionellen Zusammenarbeit oder des Austauschs von Praktiken. Stattdessen wollen wir ein symbiotisches System aufbauen, das die Professionalit\u00e4t, die pers\u00f6nlichen Beziehungen und die Gesch\u00e4ftsm\u00f6glichkeiten f\u00fcr alle Beteiligten erh\u00f6ht. Dies geschieht durch die Organisation von Konferenzen, die Verbreitung von Informationsmaterial und Nachrichten, die an die Kunden gerichtet werden, um durch einen interaktiven Informationsaustausch neue Praktiken zu entdecken.<\/p>\n<p>Um besser zu arbeiten.<\/p>\n<\/div><\/section>\n","protected":false},"excerpt":{"rendered":"","protected":false},"author":2,"featured_media":0,"parent":0,"menu_order":0,"comment_status":"closed","ping_status":"closed","template":"","meta":{"footnotes":"","iawp_total_views":66},"yoast_head":"<!-- This site is optimized with the Yoast SEO plugin v22.3 - https:\/\/yoast.com\/wordpress\/plugins\/seo\/ -->\n<title>SLT &amp; Partners | SLT Strategy Legal Tax<\/title>\n<meta name=\"description\" content=\"Die Bildung solider Synergien mit Fachleuten, die \u00fcber nachweisliche Erfahrung verf\u00fcgen und unsere Werte teilen, stellt den Kern des SLT &amp; Partners-Projekts dar.\" \/>\n<meta name=\"robots\" content=\"index, follow, max-snippet:-1, max-image-preview:large, max-video-preview:-1\" \/>\n<link rel=\"canonical\" href=\"https:\/\/www.slt.vr.it\/de\/slt-partners\/\" \/>\n<meta property=\"og:locale\" content=\"de_DE\" \/>\n<meta property=\"og:type\" content=\"article\" \/>\n<meta property=\"og:title\" content=\"SLT &amp; Partners | SLT Strategy Legal Tax\" \/>\n<meta property=\"og:description\" content=\"Die Bildung solider Synergien mit Fachleuten, die \u00fcber nachweisliche Erfahrung verf\u00fcgen und unsere Werte teilen, stellt den Kern des SLT &amp; Partners-Projekts dar.\" \/>\n<meta property=\"og:url\" content=\"https:\/\/www.slt.vr.it\/de\/slt-partners\/\" \/>\n<meta property=\"og:site_name\" content=\"SLT Strategy Legal Tax\" \/>\n<meta property=\"article:modified_time\" content=\"2021-03-13T21:09:05+00:00\" \/>\n<meta name=\"twitter:card\" content=\"summary_large_image\" \/>\n<meta name=\"twitter:label1\" content=\"Gesch\u00e4tzte Lesezeit\" \/>\n\t<meta name=\"twitter:data1\" content=\"2\u00a0Minuten\" \/>\n<script type=\"application\/ld+json\" class=\"yoast-schema-graph\">{\"@context\":\"https:\/\/schema.org\",\"@graph\":[{\"@type\":\"WebPage\",\"@id\":\"https:\/\/www.slt.vr.it\/de\/slt-partners\/\",\"url\":\"https:\/\/www.slt.vr.it\/de\/slt-partners\/\",\"name\":\"SLT & Partners | SLT Strategy Legal Tax\",\"isPartOf\":{\"@id\":\"https:\/\/www.slt.vr.it\/de\/#website\"},\"datePublished\":\"2017-03-13T11:33:12+00:00\",\"dateModified\":\"2021-03-13T21:09:05+00:00\",\"description\":\"Die Bildung solider Synergien mit Fachleuten, die \u00fcber nachweisliche Erfahrung verf\u00fcgen und unsere Werte teilen, stellt den Kern des SLT & Partners-Projekts dar.\",\"breadcrumb\":{\"@id\":\"https:\/\/www.slt.vr.it\/de\/slt-partners\/#breadcrumb\"},\"inLanguage\":\"de\",\"potentialAction\":[{\"@type\":\"ReadAction\",\"target\":[\"https:\/\/www.slt.vr.it\/de\/slt-partners\/\"]}]},{\"@type\":\"BreadcrumbList\",\"@id\":\"https:\/\/www.slt.vr.it\/de\/slt-partners\/#breadcrumb\",\"itemListElement\":[{\"@type\":\"ListItem\",\"position\":1,\"name\":\"Home\",\"item\":\"https:\/\/www.slt.vr.it\/de\/\"},{\"@type\":\"ListItem\",\"position\":2,\"name\":\"SLT &#038; Partners\"}]},{\"@type\":\"WebSite\",\"@id\":\"https:\/\/www.slt.vr.it\/de\/#website\",\"url\":\"https:\/\/www.slt.vr.it\/de\/\",\"name\":\"SLT Strategy Legal Tax\",\"description\":\"\",\"publisher\":{\"@id\":\"https:\/\/www.slt.vr.it\/de\/#organization\"},\"potentialAction\":[{\"@type\":\"SearchAction\",\"target\":{\"@type\":\"EntryPoint\",\"urlTemplate\":\"https:\/\/www.slt.vr.it\/de\/?s={search_term_string}\"},\"query-input\":\"required name=search_term_string\"}],\"inLanguage\":\"de\"},{\"@type\":\"Organization\",\"@id\":\"https:\/\/www.slt.vr.it\/de\/#organization\",\"name\":\"SLT Strategy Legal Tax\",\"url\":\"https:\/\/www.slt.vr.it\/de\/\",\"logo\":{\"@type\":\"ImageObject\",\"inLanguage\":\"de\",\"@id\":\"https:\/\/www.slt.vr.it\/de\/#\/schema\/logo\/image\/\",\"url\":\"https:\/\/www.slt.vr.it\/wp-content\/uploads\/2015\/10\/SLT-Strategy-Legal-Tax.jpg\",\"contentUrl\":\"https:\/\/www.slt.vr.it\/wp-content\/uploads\/2015\/10\/SLT-Strategy-Legal-Tax.jpg\",\"width\":372,\"height\":336,\"caption\":\"SLT Strategy Legal Tax\"},\"image\":{\"@id\":\"https:\/\/www.slt.vr.it\/de\/#\/schema\/logo\/image\/\"}}]}<\/script>\n<!-- \/ Yoast SEO plugin. -->","yoast_head_json":{"title":"SLT & Partners | SLT Strategy Legal Tax","description":"Die Bildung solider Synergien mit Fachleuten, die \u00fcber nachweisliche Erfahrung verf\u00fcgen und unsere Werte teilen, stellt den Kern des SLT & Partners-Projekts dar.","robots":{"index":"index","follow":"follow","max-snippet":"max-snippet:-1","max-image-preview":"max-image-preview:large","max-video-preview":"max-video-preview:-1"},"canonical":"https:\/\/www.slt.vr.it\/de\/slt-partners\/","og_locale":"de_DE","og_type":"article","og_title":"SLT & Partners | SLT Strategy Legal Tax","og_description":"Die Bildung solider Synergien mit Fachleuten, die \u00fcber nachweisliche Erfahrung verf\u00fcgen und unsere Werte teilen, stellt den Kern des SLT & Partners-Projekts dar.","og_url":"https:\/\/www.slt.vr.it\/de\/slt-partners\/","og_site_name":"SLT Strategy Legal Tax","article_modified_time":"2021-03-13T21:09:05+00:00","twitter_card":"summary_large_image","twitter_misc":{"Gesch\u00e4tzte Lesezeit":"2\u00a0Minuten"},"schema":{"@context":"https:\/\/schema.org","@graph":[{"@type":"WebPage","@id":"https:\/\/www.slt.vr.it\/de\/slt-partners\/","url":"https:\/\/www.slt.vr.it\/de\/slt-partners\/","name":"SLT & Partners | SLT Strategy Legal Tax","isPartOf":{"@id":"https:\/\/www.slt.vr.it\/de\/#website"},"datePublished":"2017-03-13T11:33:12+00:00","dateModified":"2021-03-13T21:09:05+00:00","description":"Die Bildung solider Synergien mit Fachleuten, die \u00fcber nachweisliche Erfahrung verf\u00fcgen und unsere Werte teilen, stellt den Kern des SLT & Partners-Projekts dar.","breadcrumb":{"@id":"https:\/\/www.slt.vr.it\/de\/slt-partners\/#breadcrumb"},"inLanguage":"de","potentialAction":[{"@type":"ReadAction","target":["https:\/\/www.slt.vr.it\/de\/slt-partners\/"]}]},{"@type":"BreadcrumbList","@id":"https:\/\/www.slt.vr.it\/de\/slt-partners\/#breadcrumb","itemListElement":[{"@type":"ListItem","position":1,"name":"Home","item":"https:\/\/www.slt.vr.it\/de\/"},{"@type":"ListItem","position":2,"name":"SLT &#038; Partners"}]},{"@type":"WebSite","@id":"https:\/\/www.slt.vr.it\/de\/#website","url":"https:\/\/www.slt.vr.it\/de\/","name":"SLT Strategy Legal Tax","description":"","publisher":{"@id":"https:\/\/www.slt.vr.it\/de\/#organization"},"potentialAction":[{"@type":"SearchAction","target":{"@type":"EntryPoint","urlTemplate":"https:\/\/www.slt.vr.it\/de\/?s={search_term_string}"},"query-input":"required name=search_term_string"}],"inLanguage":"de"},{"@type":"Organization","@id":"https:\/\/www.slt.vr.it\/de\/#organization","name":"SLT Strategy Legal Tax","url":"https:\/\/www.slt.vr.it\/de\/","logo":{"@type":"ImageObject","inLanguage":"de","@id":"https:\/\/www.slt.vr.it\/de\/#\/schema\/logo\/image\/","url":"https:\/\/www.slt.vr.it\/wp-content\/uploads\/2015\/10\/SLT-Strategy-Legal-Tax.jpg","contentUrl":"https:\/\/www.slt.vr.it\/wp-content\/uploads\/2015\/10\/SLT-Strategy-Legal-Tax.jpg","width":372,"height":336,"caption":"SLT Strategy Legal Tax"},"image":{"@id":"https:\/\/www.slt.vr.it\/de\/#\/schema\/logo\/image\/"}}]}},"_links":{"self":[{"href":"https:\/\/www.slt.vr.it\/de\/wp-json\/wp\/v2\/pages\/862121"}],"collection":[{"href":"https:\/\/www.slt.vr.it\/de\/wp-json\/wp\/v2\/pages"}],"about":[{"href":"https:\/\/www.slt.vr.it\/de\/wp-json\/wp\/v2\/types\/page"}],"author":[{"embeddable":true,"href":"https:\/\/www.slt.vr.it\/de\/wp-json\/wp\/v2\/users\/2"}],"replies":[{"embeddable":true,"href":"https:\/\/www.slt.vr.it\/de\/wp-json\/wp\/v2\/comments?post=862121"}],"version-history":[{"count":2,"href":"https:\/\/www.slt.vr.it\/de\/wp-json\/wp\/v2\/pages\/862121\/revisions"}],"predecessor-version":[{"id":862126,"href":"https:\/\/www.slt.vr.it\/de\/wp-json\/wp\/v2\/pages\/862121\/revisions\/862126"}],"wp:attachment":[{"href":"https:\/\/www.slt.vr.it\/de\/wp-json\/wp\/v2\/media?parent=862121"}],"curies":[{"name":"wp","href":"https:\/\/api.w.org\/{rel}","templated":true}]}}