{"id":862090,"date":"2018-10-26T20:31:38","date_gmt":"2018-10-26T18:31:38","guid":{"rendered":"https:\/\/www.slt.vr.it\/studio\/"},"modified":"2021-03-13T21:54:22","modified_gmt":"2021-03-13T20:54:22","slug":"studio","status":"publish","type":"page","link":"https:\/\/www.slt.vr.it\/de\/studio\/","title":{"rendered":"Das Studio"},"content":{"rendered":"<div id='layer_slider_1'  class='avia-layerslider main_color avia-shadow  avia-builder-el-0  el_before_av_one_third  avia-builder-el-first  container_wrap sidebar_right'  style='height: 501px;'  ><link href=\"https:\/\/fonts.googleapis.com\/css?family=Open+Sans:100,100i,200,200i,300,300i,400,400i,500,500i,600,600i,700,700i,800,800i,900,900i%7CLato:100,100i,200,200i,300,300i,400,400i,500,500i,600,600i,700,700i,800,800i,900,900i\" rel=\"stylesheet\"><div id=\"layerslider_6_k0kvqi6ejl5g\" class=\"ls-wp-container fitvidsignore\" style=\"width:100%;height:500px;margin:0 auto;margin-bottom: 0px;\"><div class=\"ls-slide\" data-ls=\"duration:4000;transition2d:1;timeshift:-1000;\"><img loading=\"lazy\" decoding=\"async\" width=\"2000\" height=\"1334\" src=\"https:\/\/www.slt.vr.it\/wp-content\/uploads\/2018\/11\/SLT-studio-slider.jpg\" class=\"ls-bg\" alt=\"SLT\" srcset=\"https:\/\/www.slt.vr.it\/wp-content\/uploads\/2018\/11\/SLT-studio-slider.jpg 2000w, https:\/\/www.slt.vr.it\/wp-content\/uploads\/2018\/11\/SLT-studio-slider-300x200.jpg 300w, https:\/\/www.slt.vr.it\/wp-content\/uploads\/2018\/11\/SLT-studio-slider-768x512.jpg 768w, https:\/\/www.slt.vr.it\/wp-content\/uploads\/2018\/11\/SLT-studio-slider-1030x687.jpg 1030w, https:\/\/www.slt.vr.it\/wp-content\/uploads\/2018\/11\/SLT-studio-slider-1500x1001.jpg 1500w, https:\/\/www.slt.vr.it\/wp-content\/uploads\/2018\/11\/SLT-studio-slider-705x470.jpg 705w, https:\/\/www.slt.vr.it\/wp-content\/uploads\/2018\/11\/SLT-studio-slider-450x300.jpg 450w\" sizes=\"(max-width: 2000px) 100vw, 2000px\" \/><p style=\"font-weight: 300;height:40px;padding-right:10px;padding-left:10px;font-family:Lato, 'Open Sans', sans-serif;font-size:30px;line-height:37px;color:#ffffff;background:#4e81ae;border-radius:3px;top:170px;left:174px;\" class=\"ls-l ls-text-layer\" data-ls=\"durationin:2000;delayin:1500;easingin:easeOutElastic;rotatexin:-90;transformoriginin:50% top 0;offsetxout:-200;parallaxlevel:10;\">LO STUDIO SLT<\/p><p style=\"font-family:Lato, 'Open Sans', sans-serif;font-size:31px;color:#4e81ae;top:210px;left:183px;\" class=\"ls-l ls-text-layer\" data-ls=\"durationin:2000;delayin:2000;easingin:easeOutElastic;rotatexin:90;transformoriginin:50% top 0;offsetxout:-400;durationout:400;parallaxlevel:8;\">e il nostro codice etico<\/p><a style=\"\" class=\"ls-l\" href=\"#1\" target=\"_self\" data-ls=\"offsetxin:-50;delayin:1000;offsetxout:-50;durationout:400;parallaxlevel:3;\" rel=\"noopener\"><img loading=\"lazy\" decoding=\"async\" width=\"20\" height=\"20\" src=\"https:\/\/www.slt.vr.it\/wp-content\/uploads\/layerslider\/Full-width-demo-slider\/left.png\" class=\"ls-img-layer\" alt=\"\" style=\"top:430px;left:210px;\"><\/a><a style=\"\" class=\"ls-l\" href=\"#3\" target=\"_self\" data-ls=\"offsetxin:50;delayin:1000;offsetxout:50;durationout:400;parallaxlevel:3;\" rel=\"noopener\"><img loading=\"lazy\" decoding=\"async\" width=\"20\" height=\"20\" src=\"https:\/\/www.slt.vr.it\/wp-content\/uploads\/layerslider\/Full-width-demo-slider\/right.png\" class=\"ls-img-layer\" alt=\"\" style=\"top:430px;left:250px;\"><\/a><\/div><\/div><\/div><div id='after_layer_slider_1'  class='main_color av_default_container_wrap container_wrap sidebar_right'  ><div class='container av-section-cont-open' ><div class='template-page content  av-content-small alpha units'><div class='post-entry post-entry-type-page post-entry-862090'><div class='entry-content-wrapper clearfix'>\n<div  class='flex_column av-tieq33r-f6fd9a142f1274f574e264daee25549c av_one_third  avia-builder-el-1  el_after_av_layerslider  el_before_av_one_third  avia-builder-el-first  first flex_column_div  '     ><article  class='iconbox iconbox_left av-jnqcqhva-6b90ccd5bf61ec689204cd15620fdba1  avia-builder-el-2  avia-builder-el-no-sibling '  itemscope=\"itemscope\" itemtype=\"https:\/\/schema.org\/CreativeWork\" ><div class=\"iconbox_content\"><header class=\"entry-content-header\"><div class=\"iconbox_icon heading-color\" aria-hidden='true' data-av_icon='\ue812' data-av_iconfont='entypo-fontello'><\/div><h3 class='iconbox_content_title '  itemprop=\"headline\" >Wert f\u00fcr Kunden<\/h3><\/header><div class='iconbox_content_container '  itemprop=\"text\" ><p>SLT wurde gegr\u00fcndet, um Werte f\u00fcr seine Kunden zu schaffen. Sie kombiniert auf moderne Weise steuerliche, rechtliche, strategische und Marketing-Professionalit\u00e4t und Erfahrung, die sich im Laufe der Jahre als synergetisch erwiesen haben, um Unternehmen und Personen in den verschiedenen Momenten ihres unternehmerischen oder beruflichen Lebens, von der Gr\u00fcndung \u00fcber das Wachstum bis hin zur Globalisierung auf den M\u00e4rkten und den schwierigsten Krisenmomenten, eine echte Hilfe zu sein.<\/p>\n<\/div><\/div><footer class=\"entry-footer\"><\/footer><\/article><\/div>\n<style type=\"text\/css\" data-created_by=\"avia_inline_auto\" id=\"style-css-av-t7zkutz-d955ff6a2753d4a312cfb748165ad59e\">\n.flex_column.av-t7zkutz-d955ff6a2753d4a312cfb748165ad59e{\nborder-radius:0px 0px 0px 0px;\npadding:0px 0px 0px 0px;\n}\n<\/style>\n<div  class='flex_column av-t7zkutz-d955ff6a2753d4a312cfb748165ad59e av_one_third  avia-builder-el-3  el_after_av_one_third  el_before_av_one_third  flex_column_div av-zero-column-padding  '     ><article  class='iconbox iconbox_left av-jnqcr5n6-c4fb91fa651e50ee4c1d262d6362d053  avia-builder-el-4  avia-builder-el-no-sibling '  itemscope=\"itemscope\" itemtype=\"https:\/\/schema.org\/CreativeWork\" ><div class=\"iconbox_content\"><header class=\"entry-content-header\"><div class=\"iconbox_icon heading-color\" aria-hidden='true' data-av_icon='\ue812' data-av_iconfont='entypo-fontello'><\/div><h3 class='iconbox_content_title '  itemprop=\"headline\" >Teamstrategie<\/h3><\/header><div class='iconbox_content_container '  itemprop=\"text\" ><p>SLT arbeitet, indem es in Teams die Professionalit\u00e4t zur Verf\u00fcgung stellt, die die Aufgabe erfordert, mit dem einzigen Ziel, Unternehmen und Einzelpersonen bei lebenswichtigen oder auch nur wichtigen Entscheidungen und im t\u00e4glichen Leben wirklich zu unterst\u00fctzen. Das Verst\u00e4ndnis zwischen den Fachleuten, das auf dem Teilen der gleichen Werte basiert und seit langem gefestigt ist, erm\u00f6glicht es uns, uns jeder Aufgabe effektiv zu widmen, mit effizienten und technisch fortschrittlicheren L\u00f6sungen.<\/p>\n<\/div><\/div><footer class=\"entry-footer\"><\/footer><\/article><\/div>\n<style type=\"text\/css\" data-created_by=\"avia_inline_auto\" id=\"style-css-av-st37fxz-2582e9088edf54a1d5374ac381da0d6f\">\n.flex_column.av-st37fxz-2582e9088edf54a1d5374ac381da0d6f{\nborder-radius:0px 0px 0px 0px;\npadding:0px 0px 0px 0px;\n}\n<\/style>\n<div  class='flex_column av-st37fxz-2582e9088edf54a1d5374ac381da0d6f av_one_third  avia-builder-el-5  el_after_av_one_third  el_before_av_hr  flex_column_div av-zero-column-padding  '     ><article  class='iconbox iconbox_left av-jnqcrynf-d0a4e52a40fb2a9706e9e354bdb4d2ef  avia-builder-el-6  avia-builder-el-no-sibling '  itemscope=\"itemscope\" itemtype=\"https:\/\/schema.org\/CreativeWork\" ><div class=\"iconbox_content\"><header class=\"entry-content-header\"><div class=\"iconbox_icon heading-color\" aria-hidden='true' data-av_icon='\ue812' data-av_iconfont='entypo-fontello'><\/div><h3 class='iconbox_content_title '  itemprop=\"headline\" >Wirksamkeit und Ethischer Wert<\/h3><\/header><div class='iconbox_content_container '  itemprop=\"text\" ><p>SLT ist eine Organisation, die in der Lage ist, komplexe Projekte zu managen und effektive L\u00f6sungen mit maximaler Effizienz zu liefern. SLT wollte eindeutige ethische Verhaltensprinzipien aufstellen, indem es seinen Ethikkodex, der die Herangehensweise jedes Fachmanns an die Aufgaben, mit denen er t\u00e4glich konfrontiert wird, zusammen mit den Regeln der Berufsethik regelt, austauschte und einstimmig verabschiedete.<\/p>\n<\/div><\/div><footer class=\"entry-footer\"><\/footer><\/article><\/div><div  class='hr av-jnqcu47s-f9863b7ab5b77e557e159372e36426ff hr-full  avia-builder-el-7  el_after_av_one_third  el_before_av_one_full  hr-no-shadow'><span class='hr-inner '><span class=\"hr-inner-style\"><\/span><\/span><\/div><\/p>\n\n<style type=\"text\/css\" data-created_by=\"avia_inline_auto\" id=\"style-css-av-s975eon-e0f57baa119d8bd1493ff2b815e4f9ef\">\n.flex_column.av-s975eon-e0f57baa119d8bd1493ff2b815e4f9ef{\nborder-radius:0px 0px 0px 0px;\npadding:0px 0px 0px 0px;\n}\n<\/style>\n<div  class='flex_column av-s975eon-e0f57baa119d8bd1493ff2b815e4f9ef av_one_full  avia-builder-el-8  el_after_av_hr  el_before_av_promobox  first flex_column_div av-zero-column-padding  '     ><section  class='av_textblock_section av-jnqcpfes-8e9e9ef6dc4ae5cd925a75c1f6ac6fd7 '   itemscope=\"itemscope\" itemtype=\"https:\/\/schema.org\/CreativeWork\" ><div class='avia_textblock'  itemprop=\"text\" ><div class=\"wpb_text_column wpb_content_element \">\n<div class=\"wpb_wrapper\">\n<p>Die Kanzlei wollte eindeutige ethische Verhaltensprinzipien aufstellen, indem sie ihren Ethikkodex, der die Herangehensweise eines jeden Berufstr\u00e4gers an die t\u00e4glich anstehenden Aufgaben regelt, gemeinsam mit den Regeln der Berufsethik teilte und einstimmig verabschiedete.<\/p>\n<\/div>\n<\/div>\n<div class=\"wpb_text_column wpb_content_element \">\n<div class=\"wpb_wrapper\">\n<h1 class=\"expander open\">Ethik-Kodes<\/h1>\n<div class=\"accordion open\">\n<p><strong>I. Professionalit\u00e4t und Servicequalit\u00e4t stehen an erster Stelle<\/strong><\/p>\n<ul>\n<li>Mandate nur auf Basis von Professionalit\u00e4t, Qualifikation, Erfahrung annehmen;<\/li>\n<li>innerhalb der Struktur der Studie zuweisen, um die Aufgabe mit Fachleuten mit gr\u00f6\u00dferer Kompetenz und Erfahrung auf dem spezifischen Gebiet zu teilen;<\/li>\n<\/ul>\n<p><strong>II. DEN KUNDEN BEI DER IDENTIFIZIERUNG SEINER BED\u00dcRFNISSE ZU UNTERST\u00dcTZEN, UM DAS VERH\u00c4LTNIS ZWISCHEN ERHALTENEM WERT UND KOSTEN ZU OPTIMIEREN<\/strong><\/p>\n<ul>\n<li>Definieren Sie die Ziele und Grenzen des vorgeschlagenen Mandats vollst\u00e4ndig;<\/li>\n<li>m\u00f6gliche Alternativen in Bezug auf Zeit, Kosten und Ziele aufzeigen;<\/li>\n<li>die korrekte Gr\u00f6\u00dfe der Zeit und der Ressourcen, die zum Erreichen der definierten Ziele ben\u00f6tigt werden, auch in Bezug auf die erforderlichen Ebenen und beruflichen F\u00e4higkeiten.<\/li>\n<\/ul>\n<p><strong>III. KUNDENZUFRIEDENHEIT ERREICHEN<\/strong><\/p>\n<ul>\n<li>die Objektivit\u00e4t des Urteils zu gew\u00e4hrleisten und anzubieten, sich zur\u00fcckzuziehen, wenn es unm\u00f6glich ist, die Unparteilichkeit zu wahren;<\/li>\n<li>Kunden im Voraus \u00fcber Interessenkonflikte in den Beziehungen zu ihren Lieferanten oder Kunden informieren;<\/li>\n<li>Kunden im Voraus \u00fcber m\u00f6gliche Provisionen und\/oder Vermittlungsrechte im Zusammenhang mit der Lieferung von Waren oder Dienstleistungen zu informieren;<\/li>\n<li>Geb\u00fchren und Kosten im Voraus klar und vollst\u00e4ndig zu definieren;<\/li>\n<li>Geb\u00fchren erheben, die angemessen und legitim sind und im Einklang mit den erbrachten Leistungen und den \u00fcbernommenen Verantwortlichkeiten stehen.<\/li>\n<\/ul>\n<p><strong>IV. IMMER DIE UMWELTAUSWIRKUNGEN IHRER AKTIVIT\u00c4TEN IM AUGE BEHALTEN.<\/strong><\/p>\n<ul>\n<li>von jedem Auftrag zur\u00fccktreten, wenn der Kunde moralische oder rechtliche Standards nicht erf\u00fcllt;<\/li>\n<li>vertrauliche Kundeninformationen nicht f\u00fcr pers\u00f6nliche Zwecke zu verwenden;<\/li>\n<li>die geistigen Eigentumsrechte von Kunden, dritten Beratern und Fachleuten zu respektieren und Informationen und Methoden nicht ohne vorherige Zustimmung zu verwenden;<\/li>\n<li>die Vertraulichkeit von Informationen im Rahmen des Berufsgeheimnisses zu wahren;<\/li>\n<li>negative Urteile nicht zu vermeiden, auch wenn dies ihren eigenen Interessen zuwiderl\u00e4uft.<\/li>\n<\/ul>\n<\/div>\n<\/div>\n<\/div>\n<\/div><\/section><\/div><div  class='av_promobox av-rpirv4n-dfb794fe56a6b4bf8db392bbac3723b0 avia-button-yes  avia-builder-el-10  el_after_av_one_full  avia-builder-el-last '><div class='avia-promocontent'><p>\nKontaktieren Sie uns f\u00fcr jede Information.<\/p>\n<\/div><div  class='avia-button-wrap av-rpirv4n-96f966ecc00497254d44fe4ffdea9f35-wrap avia-button-right '><a href='mailto:info@slt.vr.it' class='avia-button av-rpirv4n-96f966ecc00497254d44fe4ffdea9f35 avia-icon_select-no avia-size-large avia-position-right avia-color-theme-color' target=\"_blank\" rel=\"noopener noreferrer\"><span class='avia_iconbox_title' >Kontakt<\/span><\/a><\/div><\/div><\/p>\n","protected":false},"excerpt":{"rendered":"<p>This is a Page excerpt. It will be displayed for search resu<\/p>\n","protected":false},"author":54,"featured_media":0,"parent":0,"menu_order":0,"comment_status":"open","ping_status":"open","template":"","meta":{"footnotes":"","iawp_total_views":105},"yoast_head":"<!-- This site is optimized with the Yoast SEO plugin v22.3 - https:\/\/yoast.com\/wordpress\/plugins\/seo\/ -->\n<title>Das Studio - SLT Strategy Legal Tax<\/title>\n<meta name=\"description\" content=\"SLT beabsichtigt, seinen Kunden durch einen Ethikkodex und eine Teamstrategie zu garantieren, die greifbare Vorteile f\u00fcr das Unternehmen bringen k\u00f6nnen.\" \/>\n<meta name=\"robots\" content=\"index, follow, max-snippet:-1, max-image-preview:large, max-video-preview:-1\" \/>\n<link rel=\"canonical\" href=\"https:\/\/www.slt.vr.it\/de\/studio\/\" \/>\n<meta property=\"og:locale\" content=\"de_DE\" \/>\n<meta property=\"og:type\" content=\"article\" \/>\n<meta property=\"og:title\" content=\"Das Studio - SLT Strategy Legal Tax\" \/>\n<meta property=\"og:description\" content=\"SLT beabsichtigt, seinen Kunden durch einen Ethikkodex und eine Teamstrategie zu garantieren, die greifbare Vorteile f\u00fcr das Unternehmen bringen k\u00f6nnen.\" \/>\n<meta property=\"og:url\" content=\"https:\/\/www.slt.vr.it\/de\/studio\/\" \/>\n<meta property=\"og:site_name\" content=\"SLT Strategy Legal Tax\" \/>\n<meta property=\"article:modified_time\" content=\"2021-03-13T20:54:22+00:00\" \/>\n<meta name=\"twitter:card\" content=\"summary_large_image\" \/>\n<meta name=\"twitter:label1\" content=\"Gesch\u00e4tzte Lesezeit\" \/>\n\t<meta name=\"twitter:data1\" content=\"4\u00a0Minuten\" \/>\n<script type=\"application\/ld+json\" class=\"yoast-schema-graph\">{\"@context\":\"https:\/\/schema.org\",\"@graph\":[{\"@type\":\"WebPage\",\"@id\":\"https:\/\/www.slt.vr.it\/de\/studio\/\",\"url\":\"https:\/\/www.slt.vr.it\/de\/studio\/\",\"name\":\"Das Studio - SLT Strategy Legal Tax\",\"isPartOf\":{\"@id\":\"https:\/\/www.slt.vr.it\/de\/#website\"},\"datePublished\":\"2018-10-26T18:31:38+00:00\",\"dateModified\":\"2021-03-13T20:54:22+00:00\",\"description\":\"SLT beabsichtigt, seinen Kunden durch einen Ethikkodex und eine Teamstrategie zu garantieren, die greifbare Vorteile f\u00fcr das Unternehmen bringen k\u00f6nnen.\",\"breadcrumb\":{\"@id\":\"https:\/\/www.slt.vr.it\/de\/studio\/#breadcrumb\"},\"inLanguage\":\"de\",\"potentialAction\":[{\"@type\":\"ReadAction\",\"target\":[\"https:\/\/www.slt.vr.it\/de\/studio\/\"]}]},{\"@type\":\"BreadcrumbList\",\"@id\":\"https:\/\/www.slt.vr.it\/de\/studio\/#breadcrumb\",\"itemListElement\":[{\"@type\":\"ListItem\",\"position\":1,\"name\":\"Home\",\"item\":\"https:\/\/www.slt.vr.it\/de\/\"},{\"@type\":\"ListItem\",\"position\":2,\"name\":\"Das Studio\"}]},{\"@type\":\"WebSite\",\"@id\":\"https:\/\/www.slt.vr.it\/de\/#website\",\"url\":\"https:\/\/www.slt.vr.it\/de\/\",\"name\":\"SLT Strategy Legal Tax\",\"description\":\"\",\"publisher\":{\"@id\":\"https:\/\/www.slt.vr.it\/de\/#organization\"},\"potentialAction\":[{\"@type\":\"SearchAction\",\"target\":{\"@type\":\"EntryPoint\",\"urlTemplate\":\"https:\/\/www.slt.vr.it\/de\/?s={search_term_string}\"},\"query-input\":\"required name=search_term_string\"}],\"inLanguage\":\"de\"},{\"@type\":\"Organization\",\"@id\":\"https:\/\/www.slt.vr.it\/de\/#organization\",\"name\":\"SLT Strategy Legal Tax\",\"url\":\"https:\/\/www.slt.vr.it\/de\/\",\"logo\":{\"@type\":\"ImageObject\",\"inLanguage\":\"de\",\"@id\":\"https:\/\/www.slt.vr.it\/de\/#\/schema\/logo\/image\/\",\"url\":\"https:\/\/www.slt.vr.it\/wp-content\/uploads\/2015\/10\/SLT-Strategy-Legal-Tax.jpg\",\"contentUrl\":\"https:\/\/www.slt.vr.it\/wp-content\/uploads\/2015\/10\/SLT-Strategy-Legal-Tax.jpg\",\"width\":372,\"height\":336,\"caption\":\"SLT Strategy Legal Tax\"},\"image\":{\"@id\":\"https:\/\/www.slt.vr.it\/de\/#\/schema\/logo\/image\/\"}}]}<\/script>\n<!-- \/ Yoast SEO plugin. -->","yoast_head_json":{"title":"Das Studio - SLT Strategy Legal Tax","description":"SLT beabsichtigt, seinen Kunden durch einen Ethikkodex und eine Teamstrategie zu garantieren, die greifbare Vorteile f\u00fcr das Unternehmen bringen k\u00f6nnen.","robots":{"index":"index","follow":"follow","max-snippet":"max-snippet:-1","max-image-preview":"max-image-preview:large","max-video-preview":"max-video-preview:-1"},"canonical":"https:\/\/www.slt.vr.it\/de\/studio\/","og_locale":"de_DE","og_type":"article","og_title":"Das Studio - SLT Strategy Legal Tax","og_description":"SLT beabsichtigt, seinen Kunden durch einen Ethikkodex und eine Teamstrategie zu garantieren, die greifbare Vorteile f\u00fcr das Unternehmen bringen k\u00f6nnen.","og_url":"https:\/\/www.slt.vr.it\/de\/studio\/","og_site_name":"SLT Strategy Legal Tax","article_modified_time":"2021-03-13T20:54:22+00:00","twitter_card":"summary_large_image","twitter_misc":{"Gesch\u00e4tzte Lesezeit":"4\u00a0Minuten"},"schema":{"@context":"https:\/\/schema.org","@graph":[{"@type":"WebPage","@id":"https:\/\/www.slt.vr.it\/de\/studio\/","url":"https:\/\/www.slt.vr.it\/de\/studio\/","name":"Das Studio - SLT Strategy Legal Tax","isPartOf":{"@id":"https:\/\/www.slt.vr.it\/de\/#website"},"datePublished":"2018-10-26T18:31:38+00:00","dateModified":"2021-03-13T20:54:22+00:00","description":"SLT beabsichtigt, seinen Kunden durch einen Ethikkodex und eine Teamstrategie zu garantieren, die greifbare Vorteile f\u00fcr das Unternehmen bringen k\u00f6nnen.","breadcrumb":{"@id":"https:\/\/www.slt.vr.it\/de\/studio\/#breadcrumb"},"inLanguage":"de","potentialAction":[{"@type":"ReadAction","target":["https:\/\/www.slt.vr.it\/de\/studio\/"]}]},{"@type":"BreadcrumbList","@id":"https:\/\/www.slt.vr.it\/de\/studio\/#breadcrumb","itemListElement":[{"@type":"ListItem","position":1,"name":"Home","item":"https:\/\/www.slt.vr.it\/de\/"},{"@type":"ListItem","position":2,"name":"Das Studio"}]},{"@type":"WebSite","@id":"https:\/\/www.slt.vr.it\/de\/#website","url":"https:\/\/www.slt.vr.it\/de\/","name":"SLT Strategy Legal Tax","description":"","publisher":{"@id":"https:\/\/www.slt.vr.it\/de\/#organization"},"potentialAction":[{"@type":"SearchAction","target":{"@type":"EntryPoint","urlTemplate":"https:\/\/www.slt.vr.it\/de\/?s={search_term_string}"},"query-input":"required name=search_term_string"}],"inLanguage":"de"},{"@type":"Organization","@id":"https:\/\/www.slt.vr.it\/de\/#organization","name":"SLT Strategy Legal Tax","url":"https:\/\/www.slt.vr.it\/de\/","logo":{"@type":"ImageObject","inLanguage":"de","@id":"https:\/\/www.slt.vr.it\/de\/#\/schema\/logo\/image\/","url":"https:\/\/www.slt.vr.it\/wp-content\/uploads\/2015\/10\/SLT-Strategy-Legal-Tax.jpg","contentUrl":"https:\/\/www.slt.vr.it\/wp-content\/uploads\/2015\/10\/SLT-Strategy-Legal-Tax.jpg","width":372,"height":336,"caption":"SLT Strategy Legal Tax"},"image":{"@id":"https:\/\/www.slt.vr.it\/de\/#\/schema\/logo\/image\/"}}]}},"_links":{"self":[{"href":"https:\/\/www.slt.vr.it\/de\/wp-json\/wp\/v2\/pages\/862090"}],"collection":[{"href":"https:\/\/www.slt.vr.it\/de\/wp-json\/wp\/v2\/pages"}],"about":[{"href":"https:\/\/www.slt.vr.it\/de\/wp-json\/wp\/v2\/types\/page"}],"author":[{"embeddable":true,"href":"https:\/\/www.slt.vr.it\/de\/wp-json\/wp\/v2\/users\/54"}],"replies":[{"embeddable":true,"href":"https:\/\/www.slt.vr.it\/de\/wp-json\/wp\/v2\/comments?post=862090"}],"version-history":[{"count":3,"href":"https:\/\/www.slt.vr.it\/de\/wp-json\/wp\/v2\/pages\/862090\/revisions"}],"predecessor-version":[{"id":862094,"href":"https:\/\/www.slt.vr.it\/de\/wp-json\/wp\/v2\/pages\/862090\/revisions\/862094"}],"wp:attachment":[{"href":"https:\/\/www.slt.vr.it\/de\/wp-json\/wp\/v2\/media?parent=862090"}],"curies":[{"name":"wp","href":"https:\/\/api.w.org\/{rel}","templated":true}]}}